{"id":1038,"date":"2016-12-06T17:36:15","date_gmt":"2016-12-06T17:36:15","guid":{"rendered":"http:\/\/schule-wielandstrasse.hamburg.de\/?page_id=1038"},"modified":"2025-12-31T09:35:15","modified_gmt":"2025-12-31T08:35:15","slug":"anmeldungen-1-klasse-und-vorschule","status":"publish","type":"page","link":"https:\/\/schule-wielandstrasse.hamburg.de\/?page_id=1038","title":{"rendered":"Anmeldungen 1. Klasse und Vorschule"},"content":{"rendered":"<p><strong>Der Anmeldezeitraum ist:<\/strong><\/p>\n<ul style=\"list-style-type: disc\">\n<li>f\u00fcr die Vorschulklasse: &nbsp;von November 2025 bis zum 23.01.2026<\/li>\n<li>f\u00fcr die ersten Klassen: vom 06.01.2026 bis zum 23.01.2026<br \/>\nf\u00fcr die bilingualen Klassen vom 06.01.2025 bis zum 21.01 um 12.00 Uhr.<\/li>\n<\/ul>\n<p><strong>4,5 J\u00e4hrigen-Gespr\u00e4che<\/strong><\/p>\n<div>\n<ul style=\"list-style-type: disc\">\n<li>Vorgestellt werden alle Kinder, die im Zeitraum vom 02.07.2019 bis zum 01.07.2020 geboren worden sind.<\/li>\n<li>Sie erhalten im Oktober automatisch von der listenf\u00fchrenden Schule eine Einladung zur Vorstellung Ihres Kindes in der Schule.<\/li>\n<li>Bringen Sie alle Unterlagen mit, die in der Einladung vermerkt sind.<\/li>\n<\/ul>\n<p>&nbsp;<\/p>\n<p><strong>Termine zur Vorstellung f\u00fcr Jahrgang 1 (SJ 2025-26)<\/strong><\/p>\n<ul>\n<li>Die Vorstellung findet bei einem Schulleitungsmitglied im Januar 2026 statt.<\/li>\n<\/ul>\n<\/div>\n<p>* \u00dcberlegen Sie Ihr Kind vorzeitig einschulen zu lassen?<\/p>\n<p>* \u00dcberlegen Sie Ihr Kind vom Schulbesuch zur\u00fcckstellen zu lassen?<\/p>\n<p>Vereinbaren Sie f\u00fcr das Gespr\u00e4ch einen Termin mit dem &nbsp;Schulb\u00fcro unter 040 &#8211; 42886181 0 oder \u00fcber unser <a href=\"https:\/\/schule-wielandstrasse.hamburg.de\/?page_id=13\">Kontaktformular<\/a>.<\/p>\n<p>Informationen erhalten Sie am Tag der offenen T\u00fcr (Bastelnachmittag) oder am Infoabend (f\u00fcr Eltern).<\/p>\n<p>Bitte bringen Sie zur Anmeldung Ihres Kindes folgende Unterlagen mit:<\/p>\n<ul>\n<li>Einladungsschreiben<\/li>\n<li>Anmeldeformblatt aus dem Einladungsschreiben (ausgef\u00fcllt)<\/li>\n<li>Geburtsurkunde oder Geburtsschein Ihres Kindes<\/li>\n<li>Ihren Personalausweis oder \u2013 falls Sie keine deutsche Staatsangeh\u00f6rigkeit haben \u2013 Ihren Pass oder Passersatz<\/li>\n<li>Aktuelle Meldebest\u00e4tigung<\/li>\n<li>Bescheinigung \u00fcber die letzte altersgem\u00e4\u00dfe \u00e4rztliche Vorsorgeuntersuchung (gelbes Untersuchungsheft, U9)<\/li>\n<\/ul>\n<p>Informationen :<\/p>\n<p style=\"font-weight: 400\">Liebe Eltern,<\/p>\n<p style=\"font-weight: 400\">der Schuleintritt Ihres Kindes im Sommer 2026 bringt sicher viele Fragen mit sich. Deshalb m\u00f6chten wir Sie ganz herzlich zu einem <strong>Informationsabend f\u00fcr die zuk\u00fcnftige 1. Klasse <\/strong>einladen. Wir, die Schule Wielandstra\u00dfe und die casa de Moloon, wollen Ihnen einen ersten Einblick in unsere offene Ganztagsschule erm\u00f6glichen.<\/p>\n<p style=\"font-weight: 400\">Der Informationsabend findet am <strong>Donnerstag, den 08. Januar 2026 <\/strong>um <strong>18.00 Uhr <\/strong>im Musik- und Theaterraum statt.<\/p>\n<p><a href=\"https:\/\/schule-wielandstrasse.hamburg.de\/?p=714\">Informationen zur Bilingualen Klasse \/ Elterninformationsabend<\/a><\/p>\n<p><a href=\"https:\/\/www.hamburg.de\/politik-und-verwaltung\/behoerden\/schulbehoerde\/schulen\/vorschule\">Informationen Vorschule (Stadt Hamburg)<\/a><\/p>\n<p><a href=\"http:\/\/www.hamburg.de\/einschulung\">Informationen Einschulung Jahrgang 1 (Stadt Hamburg)<\/a><\/p>\n<p><a href=\"https:\/\/www.hamburg.de\/bsb\/broschueren\/nofl\/1130822\/schulanfang\/\">Brosch\u00fcre zum Schulanfang<\/a><\/p>\n<p>&nbsp;<\/p>\n","protected":false},"excerpt":{"rendered":"<p>Der Anmeldezeitraum ist: f\u00fcr die Vorschulklasse: &nbsp;von November 2025 bis zum 23.01.2026 f\u00fcr die ersten Klassen: vom 06.01.2026 bis zum 23.01.2026 f\u00fcr die bilingualen Klassen vom 06.01.2025 bis zum 21.01 um 12.00 Uhr. 4,5 J\u00e4hrigen-Gespr\u00e4che Vorgestellt werden alle Kinder, die im Zeitraum vom 02.07.2019 bis zum 01.07.2020 geboren worden sind. Sie erhalten im Oktober automatisch &hellip; <a href=\"https:\/\/schule-wielandstrasse.hamburg.de\/?page_id=1038\" class=\"more-link\"><span class=\"screen-reader-text\">Anmeldungen 1. Klasse und Vorschule<\/span> weiterlesen <span class=\"meta-nav\">&rarr;<\/span><\/a><\/p>\n","protected":false},"author":188,"featured_media":619,"parent":0,"menu_order":0,"comment_status":"closed","ping_status":"closed","template":"","meta":{"_acf_changed":false,"footnotes":""},"class_list":["post-1038","page","type-page","status-publish","has-post-thumbnail","hentry"],"acf":[],"_links":{"self":[{"href":"https:\/\/schule-wielandstrasse.hamburg.de\/index.php?rest_route=\/wp\/v2\/pages\/1038","targetHints":{"allow":["GET"]}}],"collection":[{"href":"https:\/\/schule-wielandstrasse.hamburg.de\/index.php?rest_route=\/wp\/v2\/pages"}],"about":[{"href":"https:\/\/schule-wielandstrasse.hamburg.de\/index.php?rest_route=\/wp\/v2\/types\/page"}],"author":[{"embeddable":true,"href":"https:\/\/schule-wielandstrasse.hamburg.de\/index.php?rest_route=\/wp\/v2\/users\/188"}],"replies":[{"embeddable":true,"href":"https:\/\/schule-wielandstrasse.hamburg.de\/index.php?rest_route=%2Fwp%2Fv2%2Fcomments&post=1038"}],"version-history":[{"count":30,"href":"https:\/\/schule-wielandstrasse.hamburg.de\/index.php?rest_route=\/wp\/v2\/pages\/1038\/revisions"}],"predecessor-version":[{"id":10346,"href":"https:\/\/schule-wielandstrasse.hamburg.de\/index.php?rest_route=\/wp\/v2\/pages\/1038\/revisions\/10346"}],"wp:featuredmedia":[{"embeddable":true,"href":"https:\/\/schule-wielandstrasse.hamburg.de\/index.php?rest_route=\/wp\/v2\/media\/619"}],"wp:attachment":[{"href":"https:\/\/schule-wielandstrasse.hamburg.de\/index.php?rest_route=%2Fwp%2Fv2%2Fmedia&parent=1038"}],"curies":[{"name":"wp","href":"https:\/\/api.w.org\/{rel}","templated":true}]}}