{"id":1041,"date":"2016-12-06T17:58:06","date_gmt":"2016-12-06T17:58:06","guid":{"rendered":"http:\/\/schule-wielandstrasse.hamburg.de\/?page_id=1041"},"modified":"2025-10-06T12:44:15","modified_gmt":"2025-10-06T12:44:15","slug":"anmeldungen-5-klasse","status":"publish","type":"page","link":"https:\/\/schule-wielandstrasse.hamburg.de\/?page_id=1041","title":{"rendered":"Anmeldungen 5. Klasse"},"content":{"rendered":"<p>Die Anmelderunde in den weiterf\u00fchrenden Schulen beginnt in der ersten Februarwoche vom 3. &#8211; 7. Februar 2026.<\/p>\n<p>Pers\u00f6nliche Anmeldung bei der Erst-Wunschule.<br \/>\nKriterien: Lernende mit speziellen F\u00f6rderbedarf, Geschwisterkinder, Schulwege.<\/p>\n<p>Informationen der Schulbeh\u00f6rde:<\/p>\n<p><a href=\"https:\/\/schule-wielandstrasse.hamburg.de\/wp-content\/uploads\/sites\/121\/2025\/10\/uebergang-praesentation.-pptx.pdf\">\u00dcbergang-Pr\u00e4sentation<\/a><\/p>\n<p><a href=\"https:\/\/www.hamburg.de\/politik-und-verwaltung\/behoerden\/bsfb\/schulen\/von-klasse-5-bis-zum-schulabschluss\">https:\/\/www.hamburg.de\/politik-und-verwaltung\/behoerden\/bsfb\/schulen\/von-klasse-5-bis-zum-schulabschluss<\/a><\/p>\n<p><a href=\"https:\/\/www.hamburg.de\/weiterfuehrende-schulen\/\">Informationen zu weiterf\u00fchrenden Schulen<\/a><\/p>\n<p><a href=\"https:\/\/www.hamburg.de\/contentblob\/2036990\/69a0f04d82a36e09e07d2fa6ab21b47a\/data\/broschuere-weiterfuehrende-schulen.pdf\">Brosch\u00fcre weiterf\u00fchrende Schulen<\/a><\/p>\n<p><a href=\"https:\/\/www.hamburg.de\/contentblob\/13222388\/4175df501cf088b4a0e410088791dbcd\/data\/info-schulwahl-jg-5-foerderbedarf.pdf\">Informationen f\u00fcr Kinder mit sonderp\u00e4dagogischen F\u00f6rderbedarf<\/a><\/p>\n<p>&nbsp;<\/p>\n","protected":false},"excerpt":{"rendered":"<p>Die Anmelderunde in den weiterf\u00fchrenden Schulen beginnt in der ersten Februarwoche vom 3. &#8211; 7. Februar 2026. Pers\u00f6nliche Anmeldung bei der Erst-Wunschule. Kriterien: Lernende mit speziellen F\u00f6rderbedarf, Geschwisterkinder, Schulwege. Informationen der Schulbeh\u00f6rde: \u00dcbergang-Pr\u00e4sentation https:\/\/www.hamburg.de\/politik-und-verwaltung\/behoerden\/bsfb\/schulen\/von-klasse-5-bis-zum-schulabschluss Informationen zu weiterf\u00fchrenden Schulen Brosch\u00fcre weiterf\u00fchrende Schulen Informationen f\u00fcr Kinder mit sonderp\u00e4dagogischen F\u00f6rderbedarf &nbsp;<\/p>\n","protected":false},"author":188,"featured_media":961,"parent":0,"menu_order":0,"comment_status":"closed","ping_status":"closed","template":"","meta":{"_acf_changed":false,"footnotes":""},"class_list":["post-1041","page","type-page","status-publish","has-post-thumbnail","hentry"],"acf":[],"_links":{"self":[{"href":"https:\/\/schule-wielandstrasse.hamburg.de\/index.php?rest_route=\/wp\/v2\/pages\/1041","targetHints":{"allow":["GET"]}}],"collection":[{"href":"https:\/\/schule-wielandstrasse.hamburg.de\/index.php?rest_route=\/wp\/v2\/pages"}],"about":[{"href":"https:\/\/schule-wielandstrasse.hamburg.de\/index.php?rest_route=\/wp\/v2\/types\/page"}],"author":[{"embeddable":true,"href":"https:\/\/schule-wielandstrasse.hamburg.de\/index.php?rest_route=\/wp\/v2\/users\/188"}],"replies":[{"embeddable":true,"href":"https:\/\/schule-wielandstrasse.hamburg.de\/index.php?rest_route=%2Fwp%2Fv2%2Fcomments&post=1041"}],"version-history":[{"count":12,"href":"https:\/\/schule-wielandstrasse.hamburg.de\/index.php?rest_route=\/wp\/v2\/pages\/1041\/revisions"}],"predecessor-version":[{"id":10242,"href":"https:\/\/schule-wielandstrasse.hamburg.de\/index.php?rest_route=\/wp\/v2\/pages\/1041\/revisions\/10242"}],"wp:featuredmedia":[{"embeddable":true,"href":"https:\/\/schule-wielandstrasse.hamburg.de\/index.php?rest_route=\/wp\/v2\/media\/961"}],"wp:attachment":[{"href":"https:\/\/schule-wielandstrasse.hamburg.de\/index.php?rest_route=%2Fwp%2Fv2%2Fmedia&parent=1041"}],"curies":[{"name":"wp","href":"https:\/\/api.w.org\/{rel}","templated":true}]}}