{"id":109,"date":"2015-03-02T13:27:10","date_gmt":"2015-03-02T13:27:10","guid":{"rendered":"http:\/\/schule-wielandstrasse.schulhomepages.hamburg.de\/?page_id=109"},"modified":"2023-11-04T11:28:03","modified_gmt":"2023-11-04T11:28:03","slug":"schulrundgang","status":"publish","type":"page","link":"https:\/\/schule-wielandstrasse.hamburg.de\/?page_id=109","title":{"rendered":"Schulrundgang"},"content":{"rendered":"<p><strong>Unsere Schule liegt in Eilbek, zwischen den Stra\u00dfen&nbsp;<\/strong><strong>Wielandstra\u00dfe, Schellingstra\u00dfe und Kantstra\u00dfe.<\/strong><\/p>\n<p><a href=\"https:\/\/schule-wielandstrasse.hamburg.de\/wp-content\/uploads\/sites\/121\/2015\/03\/0Schulgelaende_600-1.jpg\" data-rel=\"lightbox\" data-rl_title=\"\" data-rl_caption=\"\" title=\"\"><img loading=\"lazy\" decoding=\"async\" class=\"alignnone size-full wp-image-551\" src=\"https:\/\/schule-wielandstrasse.hamburg.de\/wp-content\/uploads\/sites\/121\/2015\/03\/0Schulgelaende_600-1.jpg\" alt=\"Schulgel\u00e4nde\" width=\"600\" height=\"700\" srcset=\"https:\/\/schule-wielandstrasse.hamburg.de\/wp-content\/uploads\/sites\/121\/2015\/03\/0Schulgelaende_600-1.jpg 600w, https:\/\/schule-wielandstrasse.hamburg.de\/wp-content\/uploads\/sites\/121\/2015\/03\/0Schulgelaende_600-1-257x300.jpg 257w\" sizes=\"auto, (max-width: 600px) 100vw, 600px\" \/><\/a>Auf diesem Schulgel\u00e4nde befinden sich vier gro\u00dfe Geb\u00e4udekomplexe. Die H\u00e4user A,B, der Gemeinschaftskomplex C und D sowie der Verwaltungstrakt mit Eingangshalle. Das Haus A ist Fachtrakt und ist der Jahrgang 4 untergebracht. Es beinhaltet den Musik-Theatersaal, den Kunstraum, die Forscherwerkstatt, den Bewegungsraum, einen Multiraum (Vulkanraum), den Sachunterrichtsraum und den F\u00f6rderraum . Im Kreuzbau, das Haus B, sind die Jahrg\u00e4nge 2 und 3 untergebracht. Als Differnezierungsr\u00e4ume haben wir dort den Wielandwald und die Wetterstation. Das Haus C\/D, ein langestreckter zweigeschossiger Bau, teilen sich die Vorschule und der Jahrgang &nbsp;1. &nbsp;Im Eingangsbereich, unserer Aula und Mensa, &nbsp;befindet sich auch zur linken Seite der Vewaltungstrakt mit Schulb\u00fcro, Leherzimmer und Hausmeisterb\u00fcro. Unsere Sporthalle befindet sich auf einem seperaten Gel\u00e4nde an der Schellingstra\u00dfe. Daf\u00fcr k\u00f6nnen wir auch den gro\u00dfz\u00fcgigen Sportplatz hinter der Halle nutzen.<br \/>\nSCHULIMPRESSIONEN:<\/p>\n<div id=\"metaslider-id-3285\" style=\"max-width: 1405px;\" class=\"ml-slider-3-107-0 metaslider metaslider-nivo metaslider-3285 ml-slider has-dots-nav ms-theme-default\" role=\"region\" aria-label=\"Neue Slideshow\" data-height=\"1160\" data-width=\"1405\">\n    <div id=\"metaslider_container_3285\">\n        <div class='slider-wrapper theme-default'><div class='ribbon'><\/div><div id='metaslider_3285' class='nivoSlider'><img loading=\"lazy\" decoding=\"async\" src=\"https:\/\/schule-wielandstrasse.hamburg.de\/wp-content\/uploads\/sites\/121\/2020\/10\/dcfc0a5e-390b-4b41-894e-71720d23a0f1-1-1186x980.jpg\" height=\"1160\" width=\"1405\" data-caption=\"Musikprojekte\" title=\"Musikprojekte\" alt=\"\" class=\"slider-3285 slide-3368 msDefaultImage\" \/><img loading=\"lazy\" decoding=\"async\" src=\"https:\/\/schule-wielandstrasse.hamburg.de\/wp-content\/uploads\/sites\/121\/2020\/10\/Klasse-2b-645-007-1405x1160.jpg\" height=\"1160\" width=\"1405\" data-caption=\"Experimentieren\" title=\"Experimente\" alt=\"Experimente\" class=\"slider-3285 slide-3369 msDefaultImage\" \/><img loading=\"lazy\" decoding=\"async\" src=\"https:\/\/schule-wielandstrasse.hamburg.de\/wp-content\/uploads\/sites\/121\/2020\/10\/IMG_7332-1405x1160.jpeg\" height=\"1160\" width=\"1405\" title=\"IMG_7332\" alt=\"\" class=\"slider-3285 slide-3370 msDefaultImage\" \/><img loading=\"lazy\" decoding=\"async\" src=\"https:\/\/schule-wielandstrasse.hamburg.de\/wp-content\/uploads\/sites\/121\/2020\/10\/Joshua-1405x1160.jpg\" height=\"1160\" width=\"1405\" data-caption=\"Wettbewerbe\" title=\"Europ\u00e4ischer Wettbewerb\" alt=\"Europ\u00e4ischer Wettbewerb\" class=\"slider-3285 slide-3371 msDefaultImage\" \/><img loading=\"lazy\" decoding=\"async\" src=\"https:\/\/schule-wielandstrasse.hamburg.de\/wp-content\/uploads\/sites\/121\/2020\/10\/IMG_7023-e1729347504980-1343x1109.jpeg\" height=\"1160\" width=\"1405\" data-caption=\"Bastelnachmittag - Tag der offenen T&uuml;r\" title=\"IMG_7023\" alt=\"Bastelnachmittag\" class=\"slider-3285 slide-3372 msDefaultImage\" \/><img loading=\"lazy\" decoding=\"async\" src=\"https:\/\/schule-wielandstrasse.hamburg.de\/wp-content\/uploads\/sites\/121\/2020\/10\/IMG_1409-1405x1160.jpeg\" height=\"1160\" width=\"1405\" data-caption=\"Bewegungsangebote\" title=\"IMG_1409\" alt=\"Bootsamnnhaus\" class=\"slider-3285 slide-3374 msDefaultImage\" \/><img loading=\"lazy\" decoding=\"async\" src=\"https:\/\/schule-wielandstrasse.hamburg.de\/wp-content\/uploads\/sites\/121\/2020\/10\/Klasse-2b-645-007-1405x1160.jpg\" height=\"1160\" width=\"1405\" data-caption=\"Experimentieren\" title=\"Experimente\" alt=\"Experimente\" class=\"slider-3285 slide-3376 msDefaultImage\" \/><img loading=\"lazy\" decoding=\"async\" src=\"https:\/\/schule-wielandstrasse.hamburg.de\/wp-content\/uploads\/sites\/121\/2020\/10\/IMG_2602-1405x1160.jpeg\" height=\"1160\" width=\"1405\" data-caption=\"Die Wiel&auml;nderin\" title=\"IMG_2602\" alt=\"Die Wiel\u00e4nderin\" class=\"slider-3285 slide-3377 msDefaultImage\" \/><img loading=\"lazy\" decoding=\"async\" src=\"https:\/\/schule-wielandstrasse.hamburg.de\/wp-content\/uploads\/sites\/121\/2020\/10\/WIW_3503-1405x1160.jpg\" height=\"1160\" width=\"1405\" data-caption=\"Volleyball, Volley-Grundschulcup Hamburg, Sporthalle Gymnasium Lerchenfeld\" title=\"Volleyball\" alt=\"Sportwettbwerbe\" class=\"slider-3285 slide-3378 msDefaultImage\" \/><img loading=\"lazy\" decoding=\"async\" src=\"https:\/\/schule-wielandstrasse.hamburg.de\/wp-content\/uploads\/sites\/121\/2020\/10\/IMG_9619-1405x1160.jpeg\" height=\"1160\" width=\"1405\" data-caption=\"Spa&szlig; und Spiel\" title=\"IMG_9619\" alt=\"Spa\u00df und Spiel\" class=\"slider-3285 slide-3379 msDefaultImage\" \/><img loading=\"lazy\" decoding=\"async\" src=\"https:\/\/schule-wielandstrasse.hamburg.de\/wp-content\/uploads\/sites\/121\/2020\/10\/IMG_3118-1025x847.jpeg\" height=\"1160\" width=\"1405\" data-caption=\"Feste feiern! Fasching.\" title=\"IMG_3118\" alt=\"Feste feiern\" class=\"slider-3285 slide-3380 msDefaultImage\" \/><img loading=\"lazy\" decoding=\"async\" src=\"https:\/\/schule-wielandstrasse.hamburg.de\/wp-content\/uploads\/sites\/121\/2020\/10\/IMG_0309-1405x1160.jpeg\" height=\"1160\" width=\"1405\" data-caption=\"Bewegung\" title=\"IMG_0309\" alt=\"Psychomotorikaufbau\" class=\"slider-3285 slide-3381 msDefaultImage\" \/><img loading=\"lazy\" decoding=\"async\" src=\"https:\/\/schule-wielandstrasse.hamburg.de\/wp-content\/uploads\/sites\/121\/2020\/10\/IMG_0332-1405x1160.jpeg\" height=\"1160\" width=\"1405\" data-caption=\"Sportkooperationen\" title=\"IMG_0332\" alt=\"Sportkooperationen\" class=\"slider-3285 slide-3382 msDefaultImage\" \/><img loading=\"lazy\" decoding=\"async\" src=\"https:\/\/schule-wielandstrasse.hamburg.de\/wp-content\/uploads\/sites\/121\/2020\/10\/IMG_2690-1405x1160.jpeg\" height=\"1160\" width=\"1405\" data-caption=\"Psychomotorikaufbau\" title=\"IMG_2690\" alt=\"Bewegte Schule\" class=\"slider-3285 slide-3383 msDefaultImage\" \/><img loading=\"lazy\" decoding=\"async\" src=\"https:\/\/schule-wielandstrasse.hamburg.de\/wp-content\/uploads\/sites\/121\/2020\/10\/IMG_2645-1405x1160.jpeg\" height=\"1160\" width=\"1405\" data-caption=\"Theater spielen und besuchen \" title=\"IMG_2645\" alt=\"Theater\" class=\"slider-3285 slide-3384 msDefaultImage\" \/><img loading=\"lazy\" decoding=\"async\" src=\"https:\/\/schule-wielandstrasse.hamburg.de\/wp-content\/uploads\/sites\/121\/2020\/10\/Werfen_fangen_2-1405x1160.jpg\" height=\"1160\" width=\"1405\" data-caption=\"Fit durch die Schule\" title=\"Werfen_fangen_2\" alt=\"Sport Ags\" class=\"slider-3285 slide-3385 msDefaultImage\" \/><img loading=\"lazy\" decoding=\"async\" src=\"https:\/\/schule-wielandstrasse.hamburg.de\/wp-content\/uploads\/sites\/121\/2020\/10\/96f857e3-d08c-4a7a-80d8-91c5d3e836ef-930x768.jpg\" height=\"1160\" width=\"1405\" data-caption=\"Fese feiern! Weihnachten.\" title=\"96f857e3-d08c-4a7a-80d8-91c5d3e836ef\" alt=\"Weihnachtsfeier\" class=\"slider-3285 slide-3386 msDefaultImage\" \/><img loading=\"lazy\" decoding=\"async\" src=\"https:\/\/schule-wielandstrasse.hamburg.de\/wp-content\/uploads\/sites\/121\/2020\/10\/IMG_2093-1405x1160.jpeg\" height=\"1160\" width=\"1405\" data-caption=\"Tradition leben! Bilinguale Schule.\" title=\"IMG_2093\" alt=\"Traditionen pflegen\" class=\"slider-3285 slide-3387 msDefaultImage\" \/><img loading=\"lazy\" decoding=\"async\" src=\"https:\/\/schule-wielandstrasse.hamburg.de\/wp-content\/uploads\/sites\/121\/2020\/10\/volleyball-320-1405x1160.jpg\" height=\"1160\" width=\"1405\" data-caption=\"Kreativ sein\" title=\"Schulimpressionen\" alt=\"Kreativit\u00e4t\" class=\"slider-3285 slide-3388 msDefaultImage\" \/><img loading=\"lazy\" decoding=\"async\" src=\"https:\/\/schule-wielandstrasse.hamburg.de\/wp-content\/uploads\/sites\/121\/2020\/11\/IMG_6836-1405x1160.jpeg\" height=\"1160\" width=\"1405\" data-caption=\"aktive Pause\" title=\"IMG_6836\" alt=\"\" class=\"slider-3285 slide-3414 msDefaultImage\" \/><img loading=\"lazy\" decoding=\"async\" src=\"https:\/\/schule-wielandstrasse.hamburg.de\/wp-content\/uploads\/sites\/121\/2020\/11\/IMG_6829-1405x1160.jpeg\" height=\"1160\" width=\"1405\" data-caption=\"Sommerfest\" title=\"IMG_6829\" alt=\"\" class=\"slider-3285 slide-3415 msDefaultImage\" \/><img loading=\"lazy\" decoding=\"async\" src=\"https:\/\/schule-wielandstrasse.hamburg.de\/wp-content\/uploads\/sites\/121\/2020\/11\/IMG_7236-1162x960.jpg\" height=\"1160\" width=\"1405\" data-caption=\"Salsakurs \" title=\"IMG_7236\" alt=\"\" class=\"slider-3285 slide-3416 msDefaultImage\" \/><img loading=\"lazy\" decoding=\"async\" src=\"https:\/\/schule-wielandstrasse.hamburg.de\/wp-content\/uploads\/sites\/121\/2020\/11\/IMG_6625-2-1405x1160.jpg\" height=\"1160\" width=\"1405\" data-caption=\"Sportwettbewerbe\" title=\"IMG_6625 2\" alt=\"\" class=\"slider-3285 slide-3417 msDefaultImage\" \/><\/div><\/div>\n        \n    <\/div>\n<\/div>\n","protected":false},"excerpt":{"rendered":"<p>Unsere Schule liegt in Eilbek, zwischen den Stra\u00dfen&nbsp;Wielandstra\u00dfe, Schellingstra\u00dfe und Kantstra\u00dfe. Auf diesem Schulgel\u00e4nde befinden sich vier gro\u00dfe Geb\u00e4udekomplexe. Die H\u00e4user A,B, der Gemeinschaftskomplex C und D sowie der Verwaltungstrakt mit Eingangshalle. Das Haus A ist Fachtrakt und ist der Jahrgang 4 untergebracht. Es beinhaltet den Musik-Theatersaal, den Kunstraum, die Forscherwerkstatt, den Bewegungsraum, einen Multiraum &hellip; <a href=\"https:\/\/schule-wielandstrasse.hamburg.de\/?page_id=109\" class=\"more-link\"><span class=\"screen-reader-text\">Schulrundgang<\/span> weiterlesen <span class=\"meta-nav\">&rarr;<\/span><\/a><\/p>\n","protected":false},"author":188,"featured_media":131,"parent":0,"menu_order":0,"comment_status":"closed","ping_status":"closed","template":"","meta":{"_acf_changed":false,"footnotes":""},"class_list":["post-109","page","type-page","status-publish","has-post-thumbnail","hentry"],"acf":[],"_links":{"self":[{"href":"https:\/\/schule-wielandstrasse.hamburg.de\/index.php?rest_route=\/wp\/v2\/pages\/109","targetHints":{"allow":["GET"]}}],"collection":[{"href":"https:\/\/schule-wielandstrasse.hamburg.de\/index.php?rest_route=\/wp\/v2\/pages"}],"about":[{"href":"https:\/\/schule-wielandstrasse.hamburg.de\/index.php?rest_route=\/wp\/v2\/types\/page"}],"author":[{"embeddable":true,"href":"https:\/\/schule-wielandstrasse.hamburg.de\/index.php?rest_route=\/wp\/v2\/users\/188"}],"replies":[{"embeddable":true,"href":"https:\/\/schule-wielandstrasse.hamburg.de\/index.php?rest_route=%2Fwp%2Fv2%2Fcomments&post=109"}],"version-history":[{"count":9,"href":"https:\/\/schule-wielandstrasse.hamburg.de\/index.php?rest_route=\/wp\/v2\/pages\/109\/revisions"}],"predecessor-version":[{"id":201,"href":"https:\/\/schule-wielandstrasse.hamburg.de\/index.php?rest_route=\/wp\/v2\/pages\/109\/revisions\/201"}],"wp:featuredmedia":[{"embeddable":true,"href":"https:\/\/schule-wielandstrasse.hamburg.de\/index.php?rest_route=\/wp\/v2\/media\/131"}],"wp:attachment":[{"href":"https:\/\/schule-wielandstrasse.hamburg.de\/index.php?rest_route=%2Fwp%2Fv2%2Fmedia&parent=109"}],"curies":[{"name":"wp","href":"https:\/\/api.w.org\/{rel}","templated":true}]}}