{"id":117,"date":"2015-08-10T08:17:14","date_gmt":"2015-08-10T08:17:14","guid":{"rendered":"http:\/\/schule-wielandstrasse.schulhomepages.hamburg.de\/?page_id=117"},"modified":"2022-01-10T18:09:04","modified_gmt":"2022-01-10T18:09:04","slug":"schwerpunkt-sachunterricht","status":"publish","type":"page","link":"https:\/\/schule-wielandstrasse.hamburg.de\/?page_id=117","title":{"rendered":"europ\u00e4ische Umweltschule"},"content":{"rendered":"<p>Wir sind im Sommer 2021 das erste Mal als Umweltschule in Europa- &nbsp;und Internationale Nachhaltigkeitsschule ausgezeichnet worden.&nbsp;<\/p>\n<p>Beispiele f\u00fcr Dinge die im letzten Schuljahr gelaufen sind:<\/p>\n<p>&#8211; Teilnahme an der &#8222;Zu Fu\u00df zur Schule Aktion&#8220;<br \/>\n&#8211; verschiedene Projekte zur Abfalltrennung<br \/>\n&#8211; Einf\u00fchrung eines Klimadienstes und von Klimadetektiven<br \/>\n&#8211; Nutzung des Schulgartens f\u00fcr verschiedene Pflanzaktionen in Kooperation mit dem Hort&nbsp;<\/p>\n<p>Themen und Aktionen zur Nachhaltigkeit f\u00fcr das kommende Schulhalbjahr<\/p>\n<p>1. Thema: Upcycling&nbsp;<br \/>\nmit verschiedenen Unterthemen, zum Beispiel der Wielandvernisage und&nbsp;<br \/>\nMusik mit M\u00fcll&nbsp;<\/p>\n<p>2. Thema: Klimaschutz&nbsp;<br \/>\n-Ausweitung der Klimadetektive und des Klimadienstes in die gesamte Schulgemeinschaft&nbsp;<br \/>\n-Evtl. Klimatag (mit Aktionen von der Klimaschutzstiftung), wenn die Pandemiebedingungen es zulassen<\/p>\n<p>Beispiele f\u00fcr weitere geplante Aktionen im kommenden Schuljahr:<\/p>\n<p>&#8211; &#8222;Zu Fu\u00df zur Schule&#8220;&nbsp;<br \/>\n&#8211; &#8222;Hamburg r\u00e4umt auf&#8220; in Kooperation mit der Stadtreinigung Hamburg<\/p>\n<p><a href=\"https:\/\/schule-wielandstrasse.hamburg.de\/wp-content\/uploads\/sites\/121\/2021\/02\/bild-umweltschule-in-europa-logo-artikel.jpg\" data-rel=\"lightbox\" data-rl_title=\"\" data-rl_caption=\"\" title=\"\"><img loading=\"lazy\" decoding=\"async\" class=\"alignnone size-full wp-image-3591\" src=\"https:\/\/schule-wielandstrasse.hamburg.de\/wp-content\/uploads\/sites\/121\/2021\/02\/bild-umweltschule-in-europa-logo-artikel.jpg\" alt=\"\" width=\"120\" height=\"120\"><\/a><\/p>\n<div id='gallery-1' class='gallery galleryid-117 gallery-columns-3 gallery-size-thumbnail'><figure class='gallery-item'>\n\t\t\t<div class='gallery-icon portrait'>\n\t\t\t\t<a href='https:\/\/schule-wielandstrasse.hamburg.de\/wp-content\/uploads\/sites\/121\/2021\/09\/6a0bfc3d-e8e4-4910-8509-f3ded06d4f34.jpg' title=\"\" data-rl_title=\"\" class=\"rl-gallery-link\" data-rl_caption=\"\" data-rel=\"lightbox-gallery-1\"><img loading=\"lazy\" decoding=\"async\" width=\"150\" height=\"150\" src=\"https:\/\/schule-wielandstrasse.hamburg.de\/wp-content\/uploads\/sites\/121\/2021\/09\/6a0bfc3d-e8e4-4910-8509-f3ded06d4f34-150x150.jpg\" class=\"attachment-thumbnail size-thumbnail\" alt=\"\" aria-describedby=\"gallery-1-4308\" \/><\/a>\n\t\t\t<\/div>\n\t\t\t\t<figcaption class='wp-caption-text gallery-caption' id='gallery-1-4308'>\n\t\t\t\t\u00dcberreichung des Pr\u00e4dikats\n\t\t\t\t<\/figcaption><\/figure><figure class='gallery-item'>\n\t\t\t<div class='gallery-icon portrait'>\n\t\t\t\t<a href='https:\/\/schule-wielandstrasse.hamburg.de\/wp-content\/uploads\/sites\/121\/2021\/09\/e51c5c33-2da1-4b9c-9901-8c124ebd0fe7.jpg' title=\"\" data-rl_title=\"\" class=\"rl-gallery-link\" data-rl_caption=\"\" data-rel=\"lightbox-gallery-1\"><img loading=\"lazy\" decoding=\"async\" width=\"150\" height=\"150\" src=\"https:\/\/schule-wielandstrasse.hamburg.de\/wp-content\/uploads\/sites\/121\/2021\/09\/e51c5c33-2da1-4b9c-9901-8c124ebd0fe7-150x150.jpg\" class=\"attachment-thumbnail size-thumbnail\" alt=\"\" aria-describedby=\"gallery-1-4309\" \/><\/a>\n\t\t\t<\/div>\n\t\t\t\t<figcaption class='wp-caption-text gallery-caption' id='gallery-1-4309'>\n\t\t\t\twir zeigen Flagge\n\t\t\t\t<\/figcaption><\/figure><figure class='gallery-item'>\n\t\t\t<div class='gallery-icon portrait'>\n\t\t\t\t<a href='https:\/\/schule-wielandstrasse.hamburg.de\/wp-content\/uploads\/sites\/121\/2021\/09\/Bildschirmfoto-2021-09-17-um-07.01.41.png' title=\"\" data-rl_title=\"\" class=\"rl-gallery-link\" data-rl_caption=\"\" data-rel=\"lightbox-gallery-1\"><img loading=\"lazy\" decoding=\"async\" width=\"150\" height=\"150\" src=\"https:\/\/schule-wielandstrasse.hamburg.de\/wp-content\/uploads\/sites\/121\/2021\/09\/Bildschirmfoto-2021-09-17-um-07.01.41-150x150.png\" class=\"attachment-thumbnail size-thumbnail\" alt=\"\" aria-describedby=\"gallery-1-4302\" \/><\/a>\n\t\t\t<\/div>\n\t\t\t\t<figcaption class='wp-caption-text gallery-caption' id='gallery-1-4302'>\n\t\t\t\tAktion zu Fu\u00df zur Schule \n\t\t\t\t<\/figcaption><\/figure>\n\t\t<\/div>\n\n<p><a href=\"https:\/\/schule-wielandstrasse.hamburg.de\/?p=4306\">Wir sind UMWELTSCHULE<\/a><\/p>\n<p>Aktion zu Fu\u00df zur Schule<\/p>\n","protected":false},"excerpt":{"rendered":"<p>Wir sind im Sommer 2021 das erste Mal als Umweltschule in Europa- &nbsp;und Internationale Nachhaltigkeitsschule ausgezeichnet worden.&nbsp; Beispiele f\u00fcr Dinge die im letzten Schuljahr gelaufen sind: &#8211; Teilnahme an der &#8222;Zu Fu\u00df zur Schule Aktion&#8220; &#8211; verschiedene Projekte zur Abfalltrennung &#8211; Einf\u00fchrung eines Klimadienstes und von Klimadetektiven &#8211; Nutzung des Schulgartens f\u00fcr verschiedene Pflanzaktionen in &hellip; <a href=\"https:\/\/schule-wielandstrasse.hamburg.de\/?page_id=117\" class=\"more-link\"><span class=\"screen-reader-text\">europ\u00e4ische Umweltschule<\/span> weiterlesen <span class=\"meta-nav\">&rarr;<\/span><\/a><\/p>\n","protected":false},"author":188,"featured_media":0,"parent":49,"menu_order":0,"comment_status":"closed","ping_status":"closed","template":"","meta":{"_acf_changed":false,"footnotes":""},"class_list":["post-117","page","type-page","status-publish","hentry"],"acf":[],"_links":{"self":[{"href":"https:\/\/schule-wielandstrasse.hamburg.de\/index.php?rest_route=\/wp\/v2\/pages\/117","targetHints":{"allow":["GET"]}}],"collection":[{"href":"https:\/\/schule-wielandstrasse.hamburg.de\/index.php?rest_route=\/wp\/v2\/pages"}],"about":[{"href":"https:\/\/schule-wielandstrasse.hamburg.de\/index.php?rest_route=\/wp\/v2\/types\/page"}],"author":[{"embeddable":true,"href":"https:\/\/schule-wielandstrasse.hamburg.de\/index.php?rest_route=\/wp\/v2\/users\/188"}],"replies":[{"embeddable":true,"href":"https:\/\/schule-wielandstrasse.hamburg.de\/index.php?rest_route=%2Fwp%2Fv2%2Fcomments&post=117"}],"version-history":[{"count":4,"href":"https:\/\/schule-wielandstrasse.hamburg.de\/index.php?rest_route=\/wp\/v2\/pages\/117\/revisions"}],"predecessor-version":[{"id":4641,"href":"https:\/\/schule-wielandstrasse.hamburg.de\/index.php?rest_route=\/wp\/v2\/pages\/117\/revisions\/4641"}],"up":[{"embeddable":true,"href":"https:\/\/schule-wielandstrasse.hamburg.de\/index.php?rest_route=\/wp\/v2\/pages\/49"}],"wp:attachment":[{"href":"https:\/\/schule-wielandstrasse.hamburg.de\/index.php?rest_route=%2Fwp%2Fv2%2Fmedia&parent=117"}],"curies":[{"name":"wp","href":"https:\/\/api.w.org\/{rel}","templated":true}]}}