{"id":124,"date":"2015-08-10T08:42:44","date_gmt":"2015-08-10T08:42:44","guid":{"rendered":"http:\/\/schule-wielandstrasse.schulhomepages.hamburg.de\/?page_id=124"},"modified":"2015-08-29T18:41:07","modified_gmt":"2015-08-29T18:41:07","slug":"gewaltpraeventionsprogramm-eigenstaendig-werden","status":"publish","type":"page","link":"https:\/\/schule-wielandstrasse.hamburg.de\/?page_id=124","title":{"rendered":"Gewaltpr\u00e4ventions-programm"},"content":{"rendered":"<p>Wir arbeiten\u00a0in der Schule mit dem Gewaltpr\u00e4ventionsprogramm &#8222;eigenst\u00e4ndig werden&#8220;. Jeden Tag werden Kinder in Umgang mit ihrem sozialen Umfeld mit zwischenmenschlichen Problemen konfrontiert, die soziale und personale Kompetenzen erfordern. Diese Kompetenzen wollen wir durch das Programm, welches Preistr\u00e4ger des &#8222;Deutschen Pr\u00e4ventionspreis 2004&#8220; ist, f\u00f6rdern.<\/p>\n<p>F\u00fcr weitere Infos schauen Sie doch auch unter: <a href=\"http:\/\/www.eigenst\u00e4ndig-werden.de\">www.eigenst\u00e4ndig-werden.de<\/a><\/p>\n","protected":false},"excerpt":{"rendered":"<p>Wir arbeiten\u00a0in der Schule mit dem Gewaltpr\u00e4ventionsprogramm &#8222;eigenst\u00e4ndig werden&#8220;. Jeden Tag werden Kinder in Umgang mit ihrem sozialen Umfeld mit zwischenmenschlichen Problemen konfrontiert, die soziale und personale Kompetenzen erfordern. Diese Kompetenzen wollen wir durch das Programm, welches Preistr\u00e4ger des &#8222;Deutschen Pr\u00e4ventionspreis 2004&#8220; ist, f\u00f6rdern. F\u00fcr weitere Infos schauen Sie doch auch unter: www.eigenst\u00e4ndig-werden.de<\/p>\n","protected":false},"author":188,"featured_media":126,"parent":0,"menu_order":0,"comment_status":"closed","ping_status":"open","template":"","meta":{"_acf_changed":false,"footnotes":""},"class_list":["post-124","page","type-page","status-publish","has-post-thumbnail","hentry"],"acf":[],"_links":{"self":[{"href":"https:\/\/schule-wielandstrasse.hamburg.de\/index.php?rest_route=\/wp\/v2\/pages\/124","targetHints":{"allow":["GET"]}}],"collection":[{"href":"https:\/\/schule-wielandstrasse.hamburg.de\/index.php?rest_route=\/wp\/v2\/pages"}],"about":[{"href":"https:\/\/schule-wielandstrasse.hamburg.de\/index.php?rest_route=\/wp\/v2\/types\/page"}],"author":[{"embeddable":true,"href":"https:\/\/schule-wielandstrasse.hamburg.de\/index.php?rest_route=\/wp\/v2\/users\/188"}],"replies":[{"embeddable":true,"href":"https:\/\/schule-wielandstrasse.hamburg.de\/index.php?rest_route=%2Fwp%2Fv2%2Fcomments&post=124"}],"version-history":[{"count":0,"href":"https:\/\/schule-wielandstrasse.hamburg.de\/index.php?rest_route=\/wp\/v2\/pages\/124\/revisions"}],"wp:featuredmedia":[{"embeddable":true,"href":"https:\/\/schule-wielandstrasse.hamburg.de\/index.php?rest_route=\/wp\/v2\/media\/126"}],"wp:attachment":[{"href":"https:\/\/schule-wielandstrasse.hamburg.de\/index.php?rest_route=%2Fwp%2Fv2%2Fmedia&parent=124"}],"curies":[{"name":"wp","href":"https:\/\/api.w.org\/{rel}","templated":true}]}}