{"id":13,"date":"2015-02-28T10:03:58","date_gmt":"2015-02-28T10:03:58","guid":{"rendered":"http:\/\/schule-wielandstrasse.schulhomepages.hamburg.de\/?page_id=13"},"modified":"2026-03-17T21:39:14","modified_gmt":"2026-03-17T20:39:14","slug":"impressum","status":"publish","type":"page","link":"https:\/\/schule-wielandstrasse.hamburg.de\/?page_id=13","title":{"rendered":"Kontakt und Impressum"},"content":{"rendered":"<p>In unserem Schulb\u00fcro empf\u00e4ngt Sie Frau Sch\u00f6nherr und Frau Beyrei\u00df. Zu erreichen ist unser B\u00fcro:<\/p>\n<div class=\"mceTemp\">Telefonisch unter 040 \/ 4288 618 0<\/div>\n<p>Per Mail&nbsp;<a href=\"mailto:schule-wielandstrasse@bsb.hamburg.de\">schule-wielandstrasse@bsb.hamburg.de<\/a><br \/>\nFax 040\/427968 323<\/p>\n<p><strong>\u00d6ffnungszeiten des Schulb\u00fcros:<br \/>\n<\/strong><\/p>\n<p style=\"font-weight: 400\"><strong>Montag bis Mittwoch von <\/strong><strong>07:45h <\/strong><strong>bis 14:00h<br \/>\nDonnerstag 7.45h bis 13.00 Uhr<br \/>\n<\/strong><strong>oder nach Vereinbarung<\/strong><\/p>\n<p><strong>Verantwortlich f\u00fcr die Gestaltung der Seite<\/strong><br \/>\n<strong>und f\u00fcr den Inhalt des Online-Angebotes sind:<\/strong><\/p>\n<p><span style=\"font-size: small\"><strong>Schule Wielandstra\u00dfe<br \/>\n<\/strong>Wielandstra\u00dfe 9, 22089 Hamburg<br \/>\nTel. (040)4288618-0; Fax: 4288618-22<br \/>\n<\/span><span style=\"font-size: small\"><a href=\"mailto:schule-wielandstrasse@bsb.hamburg.de\">schule-wielandstrasse@bsfb.hamburg.de<\/a><br \/>\nSchulleiter: Egbert von Frankenberg<br \/>\nWebmasterin: Britta Mitzlaff<\/span><\/p>\n<p><strong>Haftungsausschluss<\/strong><\/p>\n<p><strong>Inhalt des Onlineangebotes<\/strong><\/p>\n<p><span style=\"line-height: 1.5\">Der Autor \u00fcbernimmt keinerlei Gew\u00e4hr f\u00fcr die Aktualit\u00e4t, Korrektheit, Vollst\u00e4ndigkeit oder Qualit\u00e4t der bereitgestellten Informationen. Haftungsanspr\u00fcche gegen den Autor, welche sich auf Sch\u00e4den materieller oder ideeller Art beziehen, die durch die Nutzung oder Nichtnutzung der dargebotenen Informationen bzw. durch die Nutzung fehlerhafter und unvollst\u00e4ndiger Informationen verursacht wurden, sind grunds\u00e4tzlich ausgeschlossen, sofern seitens des Autors kein nachweislich vors\u00e4tzliches oder grob fahrl\u00e4ssiges Verschulden vorliegt.<\/span><\/p>\n<p>Alle Angebote sind freibleibend und unverbindlich. Der Autor beh\u00e4lt es sich ausdr\u00fccklich vor, Teile der Seiten oder das gesamte Angebot ohne gesonderte Ank\u00fcndigung zu ver\u00e4ndern, zu erg\u00e4nzen, zu l\u00f6schen oder die Ver\u00f6ffentlichung zeitweise oder endg\u00fcltig einzustellen.<\/p>\n<p><strong>Verweise und Links<\/strong><\/p>\n<p><span style=\"line-height: 1.5\">Bei direkten oder indirekten Verweisen auf fremde Webseiten (&#8222;Hyperlinks&#8220;), die au\u00dferhalb des Verantwortungsbereiches des Autors liegen, w\u00fcrde eine Haftungsverpflichtung ausschlie\u00dflich in dem Fall in Kraft treten, in dem der Autor von den Inhalten Kenntnis hat und es ihm technisch m\u00f6glich und zumutbar w\u00e4re, die Nutzung im Falle rechtswidriger Inhalte zu verhindern.<\/span><\/p>\n<p>Der Autor erkl\u00e4rt hiermit ausdr\u00fccklich, dass zum Zeitpunkt der Linksetzung keine illegalen Inhalte auf den zu verlinkenden Seiten erkennbar waren. Auf die aktuelle und zuk\u00fcnftige Gestaltung, die Inhalte oder die Urheberschaft der verlinkten\/verkn\u00fcpften Seiten hat der Autor keinerlei Einfluss. Deshalb distanziert er sich hiermit ausdr\u00fccklich von allen Inhalten aller verlinkten \/verkn\u00fcpften Seiten, die nach der Linksetzung ver\u00e4ndert wurden. Diese Feststellung gilt f\u00fcr alle innerhalb des eigenen Internetangebotes gesetzten Links und Verweise sowie f\u00fcr Fremdeintr\u00e4ge in vom Autor eingerichteten G\u00e4steb\u00fcchern, Diskussionsforen, Linkverzeichnissen, Mailinglisten und in allen anderen Formen von Datenbanken, auf deren Inhalt externe Schreibzugriffe m\u00f6glich sind. F\u00fcr illegale, fehlerhafte oder unvollst\u00e4ndige Inhalte und insbesondere f\u00fcr Sch\u00e4den, die aus der Nutzung oder Nichtnutzung solcherart dargebotener Informationen entstehen, haftet allein der Anbieter der Seite, auf welche verwiesen wurde, nicht derjenige, der \u00fcber Links auf die jeweilige Ver\u00f6ffentlichung lediglich verweist.<\/p>\n<p>&nbsp;<\/p>\n<p><strong>Urheber- und Kennzeichenrecht<\/strong><br \/>\nDer Autor ist bestrebt, in allen Publikationen die Urheberrechte der verwendeten Bilder, Grafiken, Tondokumente, Videosequenzen und Texte zu beachten, von ihm selbst erstellte Bilder, Grafiken, Tondokumente, Videosequenzen und Texte zu nutzen oder auf lizenzfreie Grafiken, Tondokumente, Videosequenzen und Texte zur\u00fcckzugreifen.&nbsp;Alle innerhalb des Internetangebotes genannten und ggf. durch Dritte gesch\u00fctzten Marken- und Warenzeichen unterliegen uneingeschr\u00e4nkt den Bestimmungen des jeweils g\u00fcltigen Kennzeichenrechts und den Besitzrechten der jeweiligen eingetragenen Eigent\u00fcmer. Allein aufgrund der blo\u00dfen Nennung ist nicht der Schluss zu ziehen, dass Markenzeichen nicht durch Rechte Dritter gesch\u00fctzt sind!&nbsp;Das Copyright f\u00fcr ver\u00f6ffentlichte, vom Autor selbst erstellte Objekte bleibt allein beim Autor der Seiten. Eine Vervielf\u00e4ltigung oder Verwendung solcher Grafiken, Tondokumente, Videosequenzen und Texte in anderen elektronischen oder gedruckten Publikationen ist ohne ausdr\u00fcckliche Zustimmung des Autors nicht gestattet.<\/p>\n<p><strong>Rechtswirksamkeit dieses Haftungsausschlusses<\/strong><\/p>\n<p>Dieser Haftungsausschluss ist als Teil des Internetangebotes zu betrachten, von dem aus auf diese Seite verwiesen wurde. Sofern Teile oder einzelne Formulierungen dieses Textes der geltenden Rechtslage nicht, nicht mehr oder nicht vollst\u00e4ndig entsprechen sollten, bleiben die \u00fcbrigen Teile des Dokumentes in ihrem Inhalt und ihrer G\u00fcltigkeit davon unber\u00fchrt.<\/p>\n<p><strong>Datenschutz<\/strong><\/p>\n<p>Die Nutzung unserer Webseite ist in der Regel ohne Angabe personenbezogener Daten m\u00f6glich. Soweit auf unseren Seiten personenbezogene Daten (beispielsweise Name,&nbsp;Anschrift oder eMail-Adressen) erhoben werden, erfolgt dies, soweit m\u00f6glich, stets auf freiwilliger Basis. Diese Daten werden ohne Ihre ausdr\u00fcckliche Zustimmung nicht an Dritte weitergegeben.<\/p>\n<p>Wir weisen darauf hin, dass die Daten\u00fcbertragung im Internet (z.B.<br \/>\nbei der Kommunikation per E-Mail) Sicherheitsl\u00fccken aufweisen kann.&nbsp;Ein l\u00fcckenloser Schutz der Daten vor dem Zugriff durch Dritte ist nicht&nbsp;m\u00f6glich.&nbsp;Der Nutzung von im Rahmen der Impressumspflicht ver\u00f6ffentlichten Kontaktdaten<br \/>\ndurch Dritte zur \u00dcbersendung von nicht ausdr\u00fccklich angeforderter<br \/>\nWerbung und Informationsmaterialien wird hiermit ausdr\u00fccklich widersprochen.&nbsp;Die Betreiber der Seiten behalten sich ausdr\u00fccklich rechtliche Schritte&nbsp;im Falle der unverlangten Zusendung von Werbeinformationen, etwa durch Spam-Mails,&nbsp;vor.<\/p>\n<p><strong>Datenschutzerkl\u00e4rung f\u00fcr die Nutzung von Facebook-Plugins<\/strong><\/p>\n<p><strong> (Like-Button)<\/strong><\/p>\n<p>Auf unseren Seiten sind Plugins des sozialen Netzwerks Facebook<br \/>\n(Facebook Inc., 1601 Willow Road, Menlo Park, California, 94025, USA) integriert.<br \/>\nDie Facebook-Plugins erkennen Sie an dem Facebook-Logo oder<br \/>\ndem &#8222;Like-Button&#8220; (&#8222;Gef\u00e4llt mir&#8220;) auf unserer Seite. Eine \u00dcbersicht<br \/>\n\u00fcber die Facebook-Plugins finden Sie hier:<br \/>\n<a href=\"http:\/\/developers.facebook.com\/docs\/plugins\/\" target=\"_blank\" rel=\"noopener noreferrer\">http:\/\/developers.facebook.com\/docs\/plugins\/<\/a>.<\/p>\n<p>Wenn Sie unsere Seiten&nbsp;besuchen, wird \u00fcber das Plugin eine direkte Verbindung zwischen Ihrem&nbsp;Browser und dem Facebook-Server hergestellt. Facebook erh\u00e4lt dadurch&nbsp;die Information, dass Sie mit Ihrer IP-Adresse unsere Seite&nbsp;besucht haben. Wenn Sie den Facebook &#8222;Like-Button&#8220; anklicken w\u00e4hrend&nbsp;Sie in Ihrem Facebook-Account eingeloggt sind, k\u00f6nnen Sie die Inhalte&nbsp;unserer Seiten auf Ihrem Facebook-Profil verlinken. Dadurch kann&nbsp;Facebook den Besuch unserer Seiten Ihrem Benutzerkonto zuordnen. Wir<br \/>\nweisen darauf hin, dass wir als Anbieter der Seiten keine Kenntnis vom&nbsp;Inhalt der \u00fcbermittelten Daten sowie deren Nutzung durch Facebook&nbsp;erhalten. Weitere Informationen hierzu finden Sie in der<br \/>\nDatenschutzerkl\u00e4rung von facebook unter&nbsp;<a href=\"http:\/\/de-de.facebook.com\/policy.php\" target=\"_blank\" rel=\"noopener noreferrer\">http:\/\/de-de.facebook.com\/policy.php<\/a>&nbsp;Wenn Sie nicht w\u00fcnschen, dass Facebook den Besuch unserer Seiten Ihrem&nbsp;Facebook-Nutzerkonto zuordnen kann, loggen Sie sich bitte aus Ihrem&nbsp;Facebook-Benutzerkonto aus.<\/p>\n<p><strong>Datenschutzerkl\u00e4rung f\u00fcr die Nutzung von Google Analytics<\/strong><\/p>\n<p>Diese Website benutzt Google Analytics, einen Webanalysedienst der Google Inc. (&#8222;Google&#8220;). Google Analytics verwendet sog. &#8222;Cookies&#8220;, Textdateien, die auf Ihrem Computer gespeichert werden und die eine Analyse der Benutzung der Website durch Sie erm\u00f6glichen. Die durch den Cookie erzeugten Informationen \u00fcber Ihre Benutzung dieser Website werden in der Regel an einen Server von Google in den USA \u00fcbertragen und dort gespeichert. Im Falle der Aktivierung der IP-Anonymisierung auf dieser Webseite wird Ihre IP-Adresse von Google jedoch innerhalb von Mitgliedstaaten der Europ\u00e4ischen Union oder in anderen Vertragsstaaten des Abkommens \u00fcber den Europ\u00e4ischen Wirtschaftsraum zuvor gek\u00fcrzt.&nbsp;Nur in Ausnahmef\u00e4llen wird die volle IP-Adresse an einen Server von Google in den USA \u00fcbertragen und dort gek\u00fcrzt. Im Auftrag des Betreibers dieser Website wird Google diese Informationen benutzen, um Ihre Nutzung der Website auszuwerten, um Reports \u00fcber die Websiteaktivit\u00e4ten zusammenzustellen und um weitere mit der Websitenutzung und der Internetnutzung verbundene Dienstleistungen gegen\u00fcber dem Websitebetreiber zu erbringen. Die im Rahmen von Google Analytics von Ihrem Browser \u00fcbermittelte IP-Adresse wird nicht mit anderen Daten von Google zusammengef\u00fchrt.<\/p>\n<p>Sie k\u00f6nnen die Speicherung der Cookies durch eine entsprechende Einstellung Ihrer Browser-Software verhindern; wir weisen Sie jedoch darauf hin, dass Sie in diesem Fall gegebenenfalls nicht s\u00e4mtliche Funktionen dieser Website vollumf\u00e4nglich werden nutzen k\u00f6nnen. Sie k\u00f6nnen dar\u00fcber hinaus die Erfassung der durch das Cookie erzeugten und auf Ihre Nutzung der Website bezogenen Daten (inkl. Ihrer IP-Adresse) an Google sowie die Verarbeitung dieser Daten durch Google verhindern, indem sie das unter dem folgenden Link verf\u00fcgbare Browser-Plugin herunterladen und installieren: <a href=\"http:\/\/tools.google.com\/dlpage\/gaoptout?hl=de\">http:\/\/tools.google.com\/dlpage\/gaoptout?hl=de<\/a>.<\/p>\n<p><strong>Datenschutzerkl\u00e4rung f\u00fcr die Nutzung von Google Adsense<\/strong><\/p>\n<p>Diese Website benutzt Google AdSense, einen Dienst zum Einbinden&nbsp;von Werbeanzeigen der Google Inc. (&#8222;Google&#8220;). Google AdSense&nbsp;verwendet sog. &#8222;Cookies&#8220;, Textdateien, die auf Ihrem Computer&nbsp;gespeichert werden und die eine Analyse der Benutzung der Website&nbsp;erm\u00f6glicht. Google AdSense verwendet auch so genannte Web Beacons&nbsp;(unsichtbare Grafiken). Durch diese Web Beacons k\u00f6nnen Informationen&nbsp;wie der Besucherverkehr auf diesen Seiten ausgewertet werden.&nbsp;Die durch Cookies und Web Beacons erzeugten Informationen \u00fcber&nbsp;die Benutzung dieser Website (einschlie\u00dflich Ihrer IP-Adresse) und&nbsp;Auslieferung von Werbeformaten werden an einen Server von Google in den USA \u00fcbertragen und dort gespeichert. Diese Informationen k\u00f6nnen<br \/>\nvon Google an Vertragspartner von Google weiter gegeben werden.<br \/>\nGoogle wird Ihre IP-Adresse jedoch nicht mit anderen von Ihnen<br \/>\ngespeicherten Daten zusammenf\u00fchren.<\/p>\n<p>Sie k\u00f6nnen die Installation der Cookies durch eine entsprechende<br \/>\nEinstellung Ihrer Browser Software verhindern; wir weisen Sie jedoch&nbsp;darauf hin, dass Sie in diesem Fall gegebenenfalls nicht s\u00e4mtliche&nbsp;Funktionen dieser Website voll umf\u00e4nglich nutzen k\u00f6nnen. Durch die&nbsp;Nutzung dieser Website erkl\u00e4ren Sie sich mit der Bearbeitung der&nbsp;\u00fcber Sie erhobenen Daten durch Google in der zuvor beschriebenen&nbsp;Art und Weise und zu dem zuvor benannten Zweck einverstanden.<\/p>\n<p><strong>Datenschutzerkl\u00e4rung f\u00fcr die Nutzung von Google +1<\/strong><\/p>\n<p><i>Erfassung und Weitergabe von Informationen:<\/i><\/p>\n<p>Mithilfe der Google +1-Schaltfl\u00e4che k\u00f6nnen Sie Informationen weltweit&nbsp;ver\u00f6ffentlichen. \u00dcber die Google&nbsp;+1-Schaltfl\u00e4che erhalten Sie und andere&nbsp;Nutzer personalisierte Inhalte von Google und unseren Partnern. Google&nbsp;speichert sowohl die Information, dass Sie f\u00fcr einen Inhalt +1 gegeben&nbsp;haben, als auch Informationen \u00fcber die Seite, die Sie beim Klicken auf&nbsp;+1 angesehen haben. Ihre +1 k\u00f6nnen als Hinweise zusammen mit Ihrem&nbsp;Profilnamen und Ihrem Foto in Google-Diensten, wie etwa in&nbsp;Suchergebnissen oder in Ihrem Google-Profil, oder an anderen Stellen auf&nbsp;Websites und Anzeigen im Internet eingeblendet werden.&nbsp;Google zeichnet Informationen \u00fcber Ihre +1-Aktivit\u00e4ten auf, um die&nbsp;Google-Dienste f\u00fcr Sie und andere zu verbessern. Um die Google&nbsp;+1-Schaltfl\u00e4che<br \/>\nverwenden zu k\u00f6nnen, ben\u00f6tigen Sie ein weltweit<br \/>\nsichtbares, \u00f6ffentliches Google-Profil, das zumindest den f\u00fcr das<br \/>\nProfil gew\u00e4hlten Namen enthalten muss. Dieser Name wird in allen<br \/>\nGoogle-Diensten verwendet. In manchen F\u00e4llen kann dieser Name auch&nbsp;einen anderen Namen ersetzen, den Sie beim Teilen von Inhalten \u00fcber&nbsp;Ihr Google-Konto verwendet haben. Die Identit\u00e4t Ihres Google-Profils&nbsp;kann Nutzern angezeigt werden, die Ihre E-Mail-Adresse kennen oder&nbsp;\u00fcber andere identifizierende Informationen von Ihnen verf\u00fcgen.<\/p>\n<p><i>Verwendung der erfassten Informationen:<\/i><\/p>\n<p>Neben den oben erl\u00e4uterten Verwendungszwecken werden die von Ihnen&nbsp;bereitgestellten Informationen gem\u00e4\u00df den geltenden<br \/>\nGoogle-Datenschutzbestimmungen genutzt. Google ver\u00f6ffentlicht<br \/>\nm\u00f6glicherweise zusammengefasste Statistiken \u00fcber die +1-Aktivit\u00e4ten&nbsp;der Nutzer bzw. gibt diese an Nutzer und Partner weiter, wie etwa&nbsp;Publisher, Inserenten oder verbundene Websites.<\/p>\n<p>&nbsp;<\/p>\n<p><strong>Datenschutzerkl\u00e4rung f\u00fcr die Nutzung von Twitter<\/strong><\/p>\n<p>Auf unseren Seiten sind Funktionen des Dienstes Twitter eingebunden.&nbsp;Diese Funktionen werden angeboten durch die Twitter Inc., Twitter, Inc.&nbsp;1355 Market St, Suite 900, San Francisco, CA 94103, USA. Durch das Benutzen&nbsp;von Twitter und der Funktion &#8222;Re-Tweet&#8220; werden die von Ihnen&nbsp;besuchten Webseiten mit Ihrem Twitter-Account verkn\u00fcpft und anderen&nbsp;Nutzern bekannt gegeben. Dabei werden auch Daten an Twitter \u00fcbertragen.<\/p>\n<p>Wir weisen darauf hin, dass wir als Anbieter der Seiten keine<br \/>\nKenntnis vom Inhalt der \u00fcbermittelten Daten sowie deren Nutzung durch&nbsp;Twitter erhalten. Weitere Informationen hierzu finden Sie in der&nbsp;Datenschutzerkl\u00e4rung von Twitter unter&nbsp;<a href=\"http:\/\/twitter.com\/privacy\" target=\"_blank\" rel=\"noopener noreferrer\">http:\/\/twitter.com\/privacy<\/a>.&nbsp;Ihre Datenschutzeinstellungen bei Twitter k\u00f6nnen Sie in den&nbsp;Konto-Einstellungen unter<br \/>\n<a href=\"http:\/\/twitter.com\/account\/settings\" target=\"_blank\" rel=\"noopener noreferrer\">http:\/\/twitter.com\/account\/settings<\/a> \u00e4ndern.<\/p>\n<p>&nbsp;<\/p>\n<p><strong>Auskunft, L\u00f6schung, Sperrung<\/strong><\/p>\n<p>Sie haben jederzeit das Recht auf unentgeltliche Auskunft \u00fcber Ihre gespeicherten personenbezogenen Daten,<br \/>\nderen Herkunft und Empf\u00e4nger und den Zweck der Datenverarbeitung sowie ein Recht auf Berichtigung, Sperrung<br \/>\noder L\u00f6schung dieser Daten. Hierzu sowie zu weiteren Fragen zum Thema personenbezogene Daten k\u00f6nnen Sie sich<br \/>\njederzeit \u00fcber die im Impressum angegeben Adresse des Webseitenbetreibers an uns wenden.<\/p>\n<p><i>Quelle: <a href=\"http:\/\/www.e-recht24.de\/muster-datenschutzerklaerung.html\" target=\"_blank\" rel=\"nofollow noopener noreferrer\">eRecht24<\/a>, <a href=\"http:\/\/www.e-recht24.de\/artikel\/datenschutz\/6590-facebook-like-button-datenschutz-disclaimer.html\" target=\"_blank\" rel=\"nofollow noopener noreferrer\">Facebook Disclaimer<\/a>, <a href=\"http:\/\/www.google.com\/intl\/de\/analytics\/learn\/privacy.html\" target=\"_blank\" rel=\"nofollow noopener noreferrer\">Google Analytics Datenschutzerkl\u00e4rung<\/a>, <a href=\"http:\/\/www.e-recht24.de\/artikel\/datenschutz\/6635-datenschutz-rechtliche-risiken-bei-der-nutzung-von-google-analytics-und-googleadsense.html\" target=\"_blank\" rel=\"nofollow noopener noreferrer\">Google Adsense Datenschutzerkl\u00e4rung<\/a>, <a href=\"http:\/\/www.google.com\/intl\/de\/+\/policy\/+1button.html\" target=\"_blank\" rel=\"nofollow noopener noreferrer\">Datenschutzerkl\u00e4rung f\u00fcr Google +1<\/a>, <a href=\"http:\/\/twitter.com\/privacy\" target=\"_blank\" rel=\"nofollow noopener noreferrer\">Datenschutzerkl\u00e4rung f\u00fcr Twitter<\/a><\/i><\/p>\n<p>&nbsp;<\/p>\n<p>&nbsp;<\/p>\n<p>&nbsp;<\/p>\n<p>&nbsp;<\/p>\n","protected":false},"excerpt":{"rendered":"<p>In unserem Schulb\u00fcro empf\u00e4ngt Sie Frau Sch\u00f6nherr und Frau Beyrei\u00df. Zu erreichen ist unser B\u00fcro: Telefonisch unter 040 \/ 4288 618 0 Per Mail&nbsp;schule-wielandstrasse@bsb.hamburg.de Fax 040\/427968 323 \u00d6ffnungszeiten des Schulb\u00fcros: Montag bis Mittwoch von 07:45h bis 14:00h Donnerstag 7.45h bis 13.00 Uhr oder nach Vereinbarung Verantwortlich f\u00fcr die Gestaltung der Seite und f\u00fcr den Inhalt &hellip; <a href=\"https:\/\/schule-wielandstrasse.hamburg.de\/?page_id=13\" class=\"more-link\"><span class=\"screen-reader-text\">Kontakt und Impressum<\/span> weiterlesen <span class=\"meta-nav\">&rarr;<\/span><\/a><\/p>\n","protected":false},"author":251,"featured_media":312,"parent":0,"menu_order":0,"comment_status":"closed","ping_status":"closed","template":"","meta":{"_acf_changed":false,"footnotes":""},"class_list":["post-13","page","type-page","status-publish","has-post-thumbnail","hentry"],"acf":[],"_links":{"self":[{"href":"https:\/\/schule-wielandstrasse.hamburg.de\/index.php?rest_route=\/wp\/v2\/pages\/13","targetHints":{"allow":["GET"]}}],"collection":[{"href":"https:\/\/schule-wielandstrasse.hamburg.de\/index.php?rest_route=\/wp\/v2\/pages"}],"about":[{"href":"https:\/\/schule-wielandstrasse.hamburg.de\/index.php?rest_route=\/wp\/v2\/types\/page"}],"author":[{"embeddable":true,"href":"https:\/\/schule-wielandstrasse.hamburg.de\/index.php?rest_route=\/wp\/v2\/users\/251"}],"replies":[{"embeddable":true,"href":"https:\/\/schule-wielandstrasse.hamburg.de\/index.php?rest_route=%2Fwp%2Fv2%2Fcomments&post=13"}],"version-history":[{"count":14,"href":"https:\/\/schule-wielandstrasse.hamburg.de\/index.php?rest_route=\/wp\/v2\/pages\/13\/revisions"}],"predecessor-version":[{"id":10468,"href":"https:\/\/schule-wielandstrasse.hamburg.de\/index.php?rest_route=\/wp\/v2\/pages\/13\/revisions\/10468"}],"wp:featuredmedia":[{"embeddable":true,"href":"https:\/\/schule-wielandstrasse.hamburg.de\/index.php?rest_route=\/wp\/v2\/media\/312"}],"wp:attachment":[{"href":"https:\/\/schule-wielandstrasse.hamburg.de\/index.php?rest_route=%2Fwp%2Fv2%2Fmedia&parent=13"}],"curies":[{"name":"wp","href":"https:\/\/api.w.org\/{rel}","templated":true}]}}