{"id":139,"date":"2015-08-10T10:31:51","date_gmt":"2015-08-10T10:31:51","guid":{"rendered":"http:\/\/schule-wielandstrasse.schulhomepages.hamburg.de\/?page_id=139"},"modified":"2023-11-04T10:49:32","modified_gmt":"2023-11-04T10:49:32","slug":"veranstaltungen","status":"publish","type":"page","link":"https:\/\/schule-wielandstrasse.hamburg.de\/?page_id=139","title":{"rendered":"Veranstaltungen"},"content":{"rendered":"<p>Einschulung, Festivit\u00e4ten, Sportaktionen und vieles mehr&#8230;<\/p>\n<h3>Sardinenverbrennung<\/h3>\n<p><a href=\"https:\/\/schule-wielandstrasse.hamburg.de\/die-sardinenverbrennung\/\"><img loading=\"lazy\" decoding=\"async\" class=\"img.more-margin alignleft wp-image-239 size-full\" src=\"https:\/\/schule-wielandstrasse.hamburg.de\/wp-content\/uploads\/sites\/121\/2015\/08\/sardine_titel.jpg\" alt=\"Sardine\" width=\"188\" height=\"111\"><\/a><br \/>\nJedes Land hat seine<a href=\"https:\/\/schule-wielandstrasse.hamburg.de\/?page_id=235\"> Traditionen zum Aschermittwoch <\/a>und sagt dem Karneval auf eine andere Weise &#8222;bis zum n\u00e4chsten Jahr&#8220;.<\/p>\n<h3>Schulfest &#8211;&nbsp;Pi\u00f1atafest<\/h3>\n<p><a href=\"https:\/\/schule-wielandstrasse.hamburg.de\/wp-content\/uploads\/sites\/121\/2015\/08\/sommerfest_teaser.jpg\" data-rel=\"lightbox\" data-rl_title=\"\" data-rl_caption=\"\" title=\"\"><img loading=\"lazy\" decoding=\"async\" class=\"img.more-margin alignleft wp-image-571 size-full\" src=\"https:\/\/schule-wielandstrasse.hamburg.de\/wp-content\/uploads\/sites\/121\/2015\/08\/sommerfest_teaser.jpg\" alt=\"sommerfest_teaser\" width=\"188\" height=\"111\"><\/a>Schulfest in der Schule.<\/p>\n<p>Immer im &nbsp;Juni feiert die casa de Moloon ihren Geburtstag zusammen mit der Schule Wielandstra\u00dfe. Das sommerliche Pi\u00f1ata-Fest findet nachmittags statt &#8211; jedoch wird auch am Vormittag manchmal bereits gefeiert. Es gibt ein Angebot an tollen Spielen, die sich die Klassen ausgedacht werden: Schwammwettlaufen, Gummib\u00e4rchenangeln, ein F\u00fchlmemory, Wetth\u00e4mmern, &nbsp;Ballon-Wettsitzen, einen Geschicklichkeitsparcours, einen Barfu\u00dfparcours, Torschie\u00dfen, Becherstapeln, Gl\u00fccksrad, Besenschubbern, Salzstangenessen, Kronkorkenschie\u00dfen, ein Wasserbomben-Wurfspiel, aber auch klassische Spiele wie Sackh\u00fcpfen, Dosenwerfen, Ringewerfen, Nageln, Torwandschie\u00dfen und Eierlaufen sind dabei. Nat\u00fcrlich darf bei diesem Fest auch das Schlagen der Pi\u00f1ata nicht vergessen werden!<\/p>\n<p><a href=\"https:\/\/schule-wielandstrasse.hamburg.de\/?p=5125\">Pi\u00f1atafest<\/a><\/p>\n<p>Wir freuen uns schon wieder auf den Juni!<\/p>\n<h3>Einschulungsfeier<\/h3>\n<p><a href=\"https:\/\/schule-wielandstrasse.hamburg.de\/wp-content\/uploads\/sites\/121\/2015\/08\/Einschulung.jpg\" data-rel=\"lightbox\" data-rl_title=\"\" data-rl_caption=\"\" title=\"\"><img loading=\"lazy\" decoding=\"async\" class=\"img.more-margin alignleft wp-image-572 size-full\" src=\"https:\/\/schule-wielandstrasse.hamburg.de\/wp-content\/uploads\/sites\/121\/2015\/08\/Einschulung.jpg\" alt=\"Einschulung\" width=\"188\" height=\"111\"><\/a>Zur <a href=\"https:\/\/schule-wielandstrasse.hamburg.de\/?page_id=343\">Einschulung <\/a>der Erstkl\u00e4ssler und Vorsch\u00fcler bereiten unsere dritten Klassen ein Theaterst\u00fcck vor.<\/p>\n<h3>Weihnachtsbasteln &#8211; Tag der offenen T\u00fcr<\/h3>\n<p><a href=\"https:\/\/schule-wielandstrasse.hamburg.de\/wp-content\/uploads\/sites\/121\/2015\/08\/Bastelnachmittag-013-013.jpg\" data-rel=\"lightbox\" data-rl_title=\"\" data-rl_caption=\"\" title=\"\"><img loading=\"lazy\" decoding=\"async\" class=\" img.more-margin alignleft wp-image-354\" src=\"https:\/\/schule-wielandstrasse.hamburg.de\/wp-content\/uploads\/sites\/121\/2015\/08\/Bastelnachmittag-013-013-1024x683.jpg\" alt=\"Bastelnachmittag 013 013\" width=\"182\" height=\"121\" srcset=\"https:\/\/schule-wielandstrasse.hamburg.de\/wp-content\/uploads\/sites\/121\/2015\/08\/Bastelnachmittag-013-013-1024x683.jpg 1024w, https:\/\/schule-wielandstrasse.hamburg.de\/wp-content\/uploads\/sites\/121\/2015\/08\/Bastelnachmittag-013-013-300x200.jpg 300w, https:\/\/schule-wielandstrasse.hamburg.de\/wp-content\/uploads\/sites\/121\/2015\/08\/Bastelnachmittag-013-013.jpg 2048w\" sizes=\"auto, (max-width: 182px) 100vw, 182px\" \/><\/a>Mit einem gem\u00fctlichen Beisammensein stimmen wir uns auf die Weihnachtszeit ein.<\/p>\n<h3>&nbsp;Weihnachtsfeier<\/h3>\n<p><a href=\"https:\/\/schule-wielandstrasse.hamburg.de\/wp-content\/uploads\/sites\/121\/2015\/08\/tag-der-offenen-Teaser-1.jpg\" data-rel=\"lightbox\" data-rl_title=\"\" data-rl_caption=\"\" title=\"\"><img loading=\"lazy\" decoding=\"async\" class=\"img.more-margin alignleft wp-image-567 size-full\" src=\"https:\/\/schule-wielandstrasse.hamburg.de\/wp-content\/uploads\/sites\/121\/2015\/08\/tag-der-offenen-Teaser-1.jpg\" alt=\"weihnachtsfeier\" width=\"188\" height=\"111\"><\/a>Am letzten Schultag feiern wir alle zusammen in der Pausenhalle.<\/p>\n<h3>&nbsp;Sporttag<\/h3>\n<p><a href=\"https:\/\/schule-wielandstrasse.hamburg.de\/wp-content\/uploads\/sites\/121\/2015\/08\/3teaser_fu\u00dfball.jpg\" data-rel=\"lightbox\" data-rl_title=\"\" data-rl_caption=\"\" title=\"\"><img loading=\"lazy\" decoding=\"async\" class=\"img.more-margin alignleft wp-image-570 size-full\" src=\"https:\/\/schule-wielandstrasse.hamburg.de\/wp-content\/uploads\/sites\/121\/2015\/08\/3teaser_fu\u00dfball.jpg\" alt=\"3teaser_fu\u00dfball\" width=\"188\" height=\"111\"><\/a>Ob Bundesjugendspiele, Fu\u00dfballturnier, Crosslauf, Triathlon,&#8230; Die Wiel\u00e4nder sind sportlich.<\/p>\n<h3>Fasching<\/h3>\n<p><a href=\"https:\/\/schule-wielandstrasse.hamburg.de\/wp-content\/uploads\/sites\/121\/2015\/08\/Fasching.jpg\" data-rel=\"lightbox\" data-rl_title=\"\" data-rl_caption=\"\" title=\"\"><img loading=\"lazy\" decoding=\"async\" class=\"img.more-margin alignleft wp-image-574 size-full\" src=\"https:\/\/schule-wielandstrasse.hamburg.de\/wp-content\/uploads\/sites\/121\/2015\/08\/Fasching.jpg\" alt=\"Fasching\" width=\"188\" height=\"111\"><\/a>Mit Pfeifen, Tellern und Trompeten&#8230; &nbsp;Unser Faschingsfest. Mit und ohne Umzug.<\/p>\n<h3>Laternenumzug<\/h3>\n<p><a href=\"https:\/\/schule-wielandstrasse.hamburg.de\/wp-content\/uploads\/sites\/121\/2015\/08\/laterne_teaser.jpg\" data-rel=\"lightbox\" data-rl_title=\"\" data-rl_caption=\"\" title=\"\"><img loading=\"lazy\" decoding=\"async\" class=\"img.more-margin alignleft wp-image-569 size-full\" src=\"https:\/\/schule-wielandstrasse.hamburg.de\/wp-content\/uploads\/sites\/121\/2015\/08\/laterne_teaser.jpg\" alt=\"laterne_teaser\" width=\"188\" height=\"111\"><\/a>Laterne, Laterne, &#8230;<\/p>\n<p><a href=\"https:\/\/schule-wielandstrasse.hamburg.de\/?p=366\">Laterne laufen<\/a><\/p>\n<h3>&nbsp;Lesewettbewerb<\/h3>\n<p><a href=\"https:\/\/schule-wielandstrasse.hamburg.de\/wp-content\/uploads\/sites\/121\/2015\/08\/Lesewettbewerb.jpg\" data-rel=\"lightbox\" data-rl_title=\"\" data-rl_caption=\"\" title=\"\"><img loading=\"lazy\" decoding=\"async\" class=\"img.more-margin alignleft wp-image-577 size-full\" src=\"https:\/\/schule-wielandstrasse.hamburg.de\/wp-content\/uploads\/sites\/121\/2015\/08\/Lesewettbewerb.jpg\" alt=\"Lesewettbewerb\" width=\"188\" height=\"111\"><\/a>Unser j\u00e4hrlicher Lesewettbewerb&nbsp;<\/p>\n<p><a href=\"https:\/\/schule-wielandstrasse.hamburg.de\/?p=803\">Vorlesewettbewerbe<\/a><\/p>\n<h3>Wieland Ausstellung<\/h3>\n<p><img loading=\"lazy\" decoding=\"async\" class=\"img.more-margin alignleft wp-image-372 size-full\" src=\"https:\/\/schule-wielandstrasse.hamburg.de\/wp-content\/uploads\/sites\/121\/2015\/08\/teaser_gestaltenneu.jpg\" alt=\"teaser_gestaltenneu\" width=\"188\" height=\"111\">Einmal im Jahr pr\u00e4sentieren wir zu einem &nbsp;Thema unsere Kunstarbeiten.&nbsp;<\/p>\n<p><a href=\"https:\/\/schule-wielandstrasse.hamburg.de\/?p=7165\">Kunstpioniere Ausstellung der 4b<\/a><\/p>\n<p><a href=\"https:\/\/schule-wielandstrasse.hamburg.de\/?p=7340\">Wielandausstellung 23<\/a><\/p>\n<p>&nbsp;<\/p>\n","protected":false},"excerpt":{"rendered":"<p>Einschulung, Festivit\u00e4ten, Sportaktionen und vieles mehr&#8230; Sardinenverbrennung Jedes Land hat seine Traditionen zum Aschermittwoch und sagt dem Karneval auf eine andere Weise &#8222;bis zum n\u00e4chsten Jahr&#8220;. Schulfest &#8211;&nbsp;Pi\u00f1atafest Schulfest in der Schule. Immer im &nbsp;Juni feiert die casa de Moloon ihren Geburtstag zusammen mit der Schule Wielandstra\u00dfe. Das sommerliche Pi\u00f1ata-Fest findet nachmittags statt &#8211; jedoch &hellip; <a href=\"https:\/\/schule-wielandstrasse.hamburg.de\/?page_id=139\" class=\"more-link\"><span class=\"screen-reader-text\">Veranstaltungen<\/span> weiterlesen <span class=\"meta-nav\">&rarr;<\/span><\/a><\/p>\n","protected":false},"author":188,"featured_media":309,"parent":0,"menu_order":0,"comment_status":"closed","ping_status":"closed","template":"","meta":{"_acf_changed":false,"footnotes":""},"class_list":["post-139","page","type-page","status-publish","has-post-thumbnail","hentry"],"acf":[],"_links":{"self":[{"href":"https:\/\/schule-wielandstrasse.hamburg.de\/index.php?rest_route=\/wp\/v2\/pages\/139","targetHints":{"allow":["GET"]}}],"collection":[{"href":"https:\/\/schule-wielandstrasse.hamburg.de\/index.php?rest_route=\/wp\/v2\/pages"}],"about":[{"href":"https:\/\/schule-wielandstrasse.hamburg.de\/index.php?rest_route=\/wp\/v2\/types\/page"}],"author":[{"embeddable":true,"href":"https:\/\/schule-wielandstrasse.hamburg.de\/index.php?rest_route=\/wp\/v2\/users\/188"}],"replies":[{"embeddable":true,"href":"https:\/\/schule-wielandstrasse.hamburg.de\/index.php?rest_route=%2Fwp%2Fv2%2Fcomments&post=139"}],"version-history":[{"count":11,"href":"https:\/\/schule-wielandstrasse.hamburg.de\/index.php?rest_route=\/wp\/v2\/pages\/139\/revisions"}],"predecessor-version":[{"id":8276,"href":"https:\/\/schule-wielandstrasse.hamburg.de\/index.php?rest_route=\/wp\/v2\/pages\/139\/revisions\/8276"}],"wp:featuredmedia":[{"embeddable":true,"href":"https:\/\/schule-wielandstrasse.hamburg.de\/index.php?rest_route=\/wp\/v2\/media\/309"}],"wp:attachment":[{"href":"https:\/\/schule-wielandstrasse.hamburg.de\/index.php?rest_route=%2Fwp%2Fv2%2Fmedia&parent=139"}],"curies":[{"name":"wp","href":"https:\/\/api.w.org\/{rel}","templated":true}]}}