{"id":141,"date":"2015-08-10T10:41:20","date_gmt":"2015-08-10T10:41:20","guid":{"rendered":"http:\/\/schule-wielandstrasse.schulhomepages.hamburg.de\/?page_id=141"},"modified":"2024-10-03T10:05:28","modified_gmt":"2024-10-03T10:05:28","slug":"wielandshirts","status":"publish","type":"page","link":"https:\/\/schule-wielandstrasse.hamburg.de\/?page_id=141","title":{"rendered":"Wieland-Shirts"},"content":{"rendered":"<p>Wir sind Wiel\u00e4nder. Und das zeigen wir auch!<\/p>\n<p><strong>T-Shirts<\/strong> gibt es in rot, pink, blau, rosa, &nbsp;gelb, rot, gr\u00fcn und wei\u00df. In den Gr\u00f6\u00dfen:<\/p>\n<p>122\/128 (kein pink) und 134\/140 (kein rosa) sowie 152 (pink und gelb) oder 164 ( nicht alle Farben)&nbsp;<br \/>\n<strong>12,50\u20ac<\/strong><\/p>\n<div id='gallery-1' class='gallery galleryid-141 gallery-columns-3 gallery-size-thumbnail'><figure class='gallery-item'>\n\t\t\t<div class='gallery-icon portrait'>\n\t\t\t\t<a href='https:\/\/schule-wielandstrasse.hamburg.de\/wp-content\/uploads\/sites\/121\/2024\/01\/Bildschirmfoto-2024-01-21-um-14.50.38.png' title=\"\" data-rl_title=\"\" class=\"rl-gallery-link\" data-rl_caption=\"\" data-rel=\"lightbox-gallery-1\"><img loading=\"lazy\" decoding=\"async\" width=\"150\" height=\"150\" src=\"https:\/\/schule-wielandstrasse.hamburg.de\/wp-content\/uploads\/sites\/121\/2024\/01\/Bildschirmfoto-2024-01-21-um-14.50.38-150x150.png\" class=\"attachment-thumbnail size-thumbnail\" alt=\"\" \/><\/a>\n\t\t\t<\/div><\/figure><figure class='gallery-item'>\n\t\t\t<div class='gallery-icon portrait'>\n\t\t\t\t<a href='https:\/\/schule-wielandstrasse.hamburg.de\/wp-content\/uploads\/sites\/121\/2024\/01\/Bildschirmfoto-2024-01-21-um-14.50.45.png' title=\"\" data-rl_title=\"\" class=\"rl-gallery-link\" data-rl_caption=\"\" data-rel=\"lightbox-gallery-1\"><img loading=\"lazy\" decoding=\"async\" width=\"150\" height=\"150\" src=\"https:\/\/schule-wielandstrasse.hamburg.de\/wp-content\/uploads\/sites\/121\/2024\/01\/Bildschirmfoto-2024-01-21-um-14.50.45-150x150.png\" class=\"attachment-thumbnail size-thumbnail\" alt=\"\" \/><\/a>\n\t\t\t<\/div><\/figure><figure class='gallery-item'>\n\t\t\t<div class='gallery-icon portrait'>\n\t\t\t\t<a href='https:\/\/schule-wielandstrasse.hamburg.de\/wp-content\/uploads\/sites\/121\/2024\/01\/Bildschirmfoto-2024-01-21-um-14.50.55.png' title=\"\" data-rl_title=\"\" class=\"rl-gallery-link\" data-rl_caption=\"\" data-rel=\"lightbox-gallery-1\"><img loading=\"lazy\" decoding=\"async\" width=\"150\" height=\"150\" src=\"https:\/\/schule-wielandstrasse.hamburg.de\/wp-content\/uploads\/sites\/121\/2024\/01\/Bildschirmfoto-2024-01-21-um-14.50.55-150x150.png\" class=\"attachment-thumbnail size-thumbnail\" alt=\"\" \/><\/a>\n\t\t\t<\/div><\/figure><figure class='gallery-item'>\n\t\t\t<div class='gallery-icon portrait'>\n\t\t\t\t<a href='https:\/\/schule-wielandstrasse.hamburg.de\/wp-content\/uploads\/sites\/121\/2024\/01\/Bildschirmfoto-2024-01-21-um-14.51.07.png' title=\"\" data-rl_title=\"\" class=\"rl-gallery-link\" data-rl_caption=\"\" data-rel=\"lightbox-gallery-1\"><img loading=\"lazy\" decoding=\"async\" width=\"150\" height=\"150\" src=\"https:\/\/schule-wielandstrasse.hamburg.de\/wp-content\/uploads\/sites\/121\/2024\/01\/Bildschirmfoto-2024-01-21-um-14.51.07-150x150.png\" class=\"attachment-thumbnail size-thumbnail\" alt=\"\" \/><\/a>\n\t\t\t<\/div><\/figure><figure class='gallery-item'>\n\t\t\t<div class='gallery-icon portrait'>\n\t\t\t\t<a href='https:\/\/schule-wielandstrasse.hamburg.de\/wp-content\/uploads\/sites\/121\/2024\/01\/Bildschirmfoto-2024-01-21-um-14.51.13.png' title=\"\" data-rl_title=\"\" class=\"rl-gallery-link\" data-rl_caption=\"\" data-rel=\"lightbox-gallery-1\"><img loading=\"lazy\" decoding=\"async\" width=\"150\" height=\"150\" src=\"https:\/\/schule-wielandstrasse.hamburg.de\/wp-content\/uploads\/sites\/121\/2024\/01\/Bildschirmfoto-2024-01-21-um-14.51.13-150x150.png\" class=\"attachment-thumbnail size-thumbnail\" alt=\"\" \/><\/a>\n\t\t\t<\/div><\/figure><figure class='gallery-item'>\n\t\t\t<div class='gallery-icon portrait'>\n\t\t\t\t<a href='https:\/\/schule-wielandstrasse.hamburg.de\/wp-content\/uploads\/sites\/121\/2024\/01\/Bildschirmfoto-2024-01-21-um-14.50.28.png' title=\"\" data-rl_title=\"\" class=\"rl-gallery-link\" data-rl_caption=\"\" data-rel=\"lightbox-gallery-1\"><img loading=\"lazy\" decoding=\"async\" width=\"150\" height=\"150\" src=\"https:\/\/schule-wielandstrasse.hamburg.de\/wp-content\/uploads\/sites\/121\/2024\/01\/Bildschirmfoto-2024-01-21-um-14.50.28-150x150.png\" class=\"attachment-thumbnail size-thumbnail\" alt=\"\" \/><\/a>\n\t\t\t<\/div><\/figure>\n\t\t<\/div>\n\n<p><strong>Sweater Jacke<\/strong> in Azur : Gr\u00f6\u00dfen 128 , 140, 152, 164&nbsp;<br \/>\n<strong>20\u20ac&nbsp;<\/strong><\/p>\n<p>Getragen wird das T-Shirt gerne zu au\u00dferschulischen Veranstaltungen wie Ausfl\u00fcge und Sportwettk\u00e4mpfe. Aber auch im Sportunterricht oder auf schulischen Veranstaltungen.<\/p>\n<p>Das Bestellen ist ganz einfach:<\/p>\n\n<div class=\"wpcf7 no-js\" id=\"wpcf7-f9495-o1\" lang=\"de-DE\" dir=\"ltr\" data-wpcf7-id=\"9495\">\n<div class=\"screen-reader-response\"><p role=\"status\" aria-live=\"polite\" aria-atomic=\"true\"><\/p> <ul><\/ul><\/div>\n<form  action=\"\/index.php?rest_route=%2Fwp%2Fv2%2Fpages%2F141#wpcf7-f9495-o1\" method=\"post\" class=\"wpcf7-form init\" aria-label=\"Kontaktformular\" novalidate=\"novalidate\" data-status=\"init\"><p><stong><a target=\"_blank\" class=\"privacy-policy-link\" href=\"https:\/\/schulhomepages.hamburg.de\/?page_id=2954\">Datenschutzerkl\u00e4rung<\/a><\/strong><\/p>\n\n<fieldset class=\"hidden-fields-container\"><input type=\"hidden\" name=\"_wpcf7\" value=\"9495\" \/><input type=\"hidden\" name=\"_wpcf7_version\" value=\"6.1.5\" \/><input type=\"hidden\" name=\"_wpcf7_locale\" value=\"de_DE\" \/><input type=\"hidden\" name=\"_wpcf7_unit_tag\" value=\"wpcf7-f9495-o1\" \/><input type=\"hidden\" name=\"_wpcf7_container_post\" value=\"0\" \/><input type=\"hidden\" name=\"_wpcf7_posted_data_hash\" value=\"\" \/>\n<\/fieldset>\n<p><label> Dein Name<br \/>\n<span class=\"wpcf7-form-control-wrap\" data-name=\"your-name\"><input size=\"40\" maxlength=\"400\" class=\"wpcf7-form-control wpcf7-text wpcf7-validates-as-required\" autocomplete=\"name\" aria-required=\"true\" aria-invalid=\"false\" value=\"\" type=\"text\" name=\"your-name\" \/><\/span> <\/label>\n<\/p>\n<p><label> Deine E-Mail-Adresse<br \/>\n<span class=\"wpcf7-form-control-wrap\" data-name=\"your-email\"><input size=\"40\" maxlength=\"400\" class=\"wpcf7-form-control wpcf7-email wpcf7-validates-as-required wpcf7-text wpcf7-validates-as-email\" autocomplete=\"email\" aria-required=\"true\" aria-invalid=\"false\" value=\"\" type=\"email\" name=\"your-email\" \/><\/span> <\/label>\n<\/p>\n<p><label> Betreff<br \/>\n<span class=\"wpcf7-form-control-wrap\" data-name=\"your-subject\"><input size=\"40\" maxlength=\"400\" class=\"wpcf7-form-control wpcf7-text wpcf7-validates-as-required\" aria-required=\"true\" aria-invalid=\"false\" value=\"\" type=\"text\" name=\"your-subject\" \/><\/span> <\/label>\n<\/p>\n<p><label> Deine Nachricht (optional)<br \/>\n<span class=\"wpcf7-form-control-wrap\" data-name=\"your-message\"><textarea cols=\"40\" rows=\"10\" maxlength=\"2000\" class=\"wpcf7-form-control wpcf7-textarea\" aria-invalid=\"false\" name=\"your-message\"><\/textarea><\/span> <\/label>\n<\/p>\n<p><input class=\"wpcf7-form-control wpcf7-submit has-spinner\" type=\"submit\" value=\"Senden\" \/>\n<\/p><div class=\"frc-captcha \" data-sitekey=\"FCMRHFDCMSUPHONE\" data-lang=\"de\" ><\/div>\n\t\t<noscript>You need to enable Javascript for the anti-spam check.<\/noscript><div class=\"wpcf7-response-output\" aria-hidden=\"true\"><\/div>\n<\/form>\n<\/div>\n\n<p>Bestellw\u00fcnsche an&nbsp;schulvereinwieland@gmail.com. und per \u00dcberweisung auf das Konto des Schulvereins<br \/>\nHamburger Sparkasse &nbsp; &nbsp; &nbsp; &nbsp; &nbsp; &nbsp; &nbsp; &nbsp; &nbsp; &nbsp; &nbsp; &nbsp; &nbsp; &nbsp; &nbsp; &nbsp; &nbsp; &nbsp; &nbsp; &nbsp; &nbsp; &nbsp; &nbsp; &nbsp; &nbsp; &nbsp; &nbsp; &nbsp; &nbsp; &nbsp; &nbsp; &nbsp; &nbsp; &nbsp; &nbsp; &nbsp; &nbsp; &nbsp; &nbsp; &nbsp; &nbsp; &nbsp; &nbsp; &nbsp; &nbsp; &nbsp; &nbsp; IBAN DE47 2005 0550 1239 1274 32 &nbsp; &nbsp; &nbsp; &nbsp; &nbsp; &nbsp; &nbsp; &nbsp; &nbsp; &nbsp; &nbsp; &nbsp; &nbsp; &nbsp; &nbsp; &nbsp; &nbsp; &nbsp; &nbsp; &nbsp; &nbsp; &nbsp; &nbsp; &nbsp; &nbsp; &nbsp; &nbsp; &nbsp; &nbsp; &nbsp; &nbsp;&nbsp;BIC HASPDEHHXXX<\/p>\n<p>oder Bestellwunsch &nbsp;mit dem abgez\u00e4hlten Betrag in einen Briefumschlag und &nbsp;bei der Lehrkraft oder im B\u00fcro abgeben. Das gew\u00fcnschte Produkt wird so schnell wie m\u00f6glich der Klassenlehrerin mitgegeben.<\/p>\n<p>Hier gibt es noch weitere Wieland &#8211; &nbsp;<a href=\"https:\/\/schule-wielandstrasse.hamburg.de\/?p=730\">Artikel <\/a>(Postkarten, Kalender).<\/p>\n","protected":false},"excerpt":{"rendered":"<p>Wir sind Wiel\u00e4nder. Und das zeigen wir auch! T-Shirts gibt es in rot, pink, blau, rosa, &nbsp;gelb, rot, gr\u00fcn und wei\u00df. In den Gr\u00f6\u00dfen: 122\/128 (kein pink) und 134\/140 (kein rosa) sowie 152 (pink und gelb) oder 164 ( nicht alle Farben)&nbsp; 12,50\u20ac Sweater Jacke in Azur : Gr\u00f6\u00dfen 128 , 140, 152, 164&nbsp; 20\u20ac&nbsp; &hellip; <a href=\"https:\/\/schule-wielandstrasse.hamburg.de\/?page_id=141\" class=\"more-link\"><span class=\"screen-reader-text\">Wieland-Shirts<\/span> weiterlesen <span class=\"meta-nav\">&rarr;<\/span><\/a><\/p>\n","protected":false},"author":188,"featured_media":142,"parent":0,"menu_order":0,"comment_status":"closed","ping_status":"closed","template":"","meta":{"_acf_changed":false,"footnotes":""},"class_list":["post-141","page","type-page","status-publish","has-post-thumbnail","hentry"],"acf":[],"_links":{"self":[{"href":"https:\/\/schule-wielandstrasse.hamburg.de\/index.php?rest_route=\/wp\/v2\/pages\/141","targetHints":{"allow":["GET"]}}],"collection":[{"href":"https:\/\/schule-wielandstrasse.hamburg.de\/index.php?rest_route=\/wp\/v2\/pages"}],"about":[{"href":"https:\/\/schule-wielandstrasse.hamburg.de\/index.php?rest_route=\/wp\/v2\/types\/page"}],"author":[{"embeddable":true,"href":"https:\/\/schule-wielandstrasse.hamburg.de\/index.php?rest_route=\/wp\/v2\/users\/188"}],"replies":[{"embeddable":true,"href":"https:\/\/schule-wielandstrasse.hamburg.de\/index.php?rest_route=%2Fwp%2Fv2%2Fcomments&post=141"}],"version-history":[{"count":10,"href":"https:\/\/schule-wielandstrasse.hamburg.de\/index.php?rest_route=\/wp\/v2\/pages\/141\/revisions"}],"predecessor-version":[{"id":9496,"href":"https:\/\/schule-wielandstrasse.hamburg.de\/index.php?rest_route=\/wp\/v2\/pages\/141\/revisions\/9496"}],"wp:featuredmedia":[{"embeddable":true,"href":"https:\/\/schule-wielandstrasse.hamburg.de\/index.php?rest_route=\/wp\/v2\/media\/142"}],"wp:attachment":[{"href":"https:\/\/schule-wielandstrasse.hamburg.de\/index.php?rest_route=%2Fwp%2Fv2%2Fmedia&parent=141"}],"curies":[{"name":"wp","href":"https:\/\/api.w.org\/{rel}","templated":true}]}}