{"id":154,"date":"2015-08-10T11:20:30","date_gmt":"2015-08-10T11:20:30","guid":{"rendered":"http:\/\/schule-wielandstrasse.schulhomepages.hamburg.de\/?page_id=154"},"modified":"2019-08-15T12:58:20","modified_gmt":"2019-08-15T12:58:20","slug":"schulgeschichte","status":"publish","type":"page","link":"https:\/\/schule-wielandstrasse.hamburg.de\/?page_id=154","title":{"rendered":"Schulgeschichte"},"content":{"rendered":"<p align=\"left\"><span style=\"font-size: small\"><strong>1892 &#8211; Die Schule Wielandstra\u00dfe wird gegr\u00fcndet. Das ereignete sich in Hamburg:<\/strong><\/span><\/p>\n<ul>\n<li>7.Mai Richtfest des Rathauses<\/li>\n<li>Die Cholera w\u00fctet in Hamburg.<\/li>\n<li>Im Hafen wird der erste Bananendampfer gel\u00f6scht. Bis dahin waren Bananen hier unbekannt.<\/li>\n<li>Der Eilbekkanal wird gerade fertig gestellt.<\/li>\n<li>zwischen Hamburg und Wandsbek verkehrt eine Dampfeisenbahn.<\/li>\n<\/ul>\n<p>An der Kantstra\u00dfe 6 gab es bereits seit 1869 eine erste \u00f6ffentliche Volksschule. Die Wielandstra\u00dfe wird zun\u00e4chst als M\u00e4dchenschule am 1. April er\u00f6ffnet. Bereits 1895 besa\u00df die Schule 15 Klassen mit \u00a047 bis 57 Sch\u00fclerinnen (690 M\u00e4dchen). 22 Lehrer und Lehrerinnen unterrichteten an der Schule. \u00a01906 erreichte die Schule mit 855 Sch\u00fclerinnen ihren H\u00f6chststand. Es muss aber nicht nur in den damaligen Klassen sehr eng gewesen sein &#8211; drei Kinder dr\u00e4ngten sich auf eine Bank. Denn den Schulhof teilten sich zwei Schulen. An der Kantstra\u00dfe lag ja eine weitere Schule. Wenn alle Kinder zusammen auf dem Schulhof gewesen w\u00e4ren, w\u00fcrden sich dort 1500 Sch\u00fcler begegnet sein.<\/p>\n<p>Um 1900 war zu den beiden Schulen die Doppelschule Kantstra\u00dfe 14 \/ Schellingstra\u00dfe 30 hinzugekommen. Es gab also auf dem Gel\u00e4nde unser heutigen Schule vier Schulen! Mit ca. 2800 Sch\u00fclern.<\/p>\n<p>Nach dem Weltkrieg wurde der gr\u00f6\u00dfte Teil der alten Schullandschaft zerst\u00f6rt. Nur das Hauptgeb\u00e4ude blieb erhalten und wurde bis 1955 soweit renoviert, dass der Schulbetrieb in der Wielandstra\u00dfe 7 wieder \u00a0aufgenommen wurde. Die Sch\u00fclerzahlen stiegen rapide an, so dass in Schichten unterrichtet werden musste (von morgens 7.00 bis abends 18.00 Uhr)<\/p>\n<p>Erst 1957 \u00a0\u00e4nderte es sich mit dem Neubau der Schule Richardstra\u00dfe \u00a0und durch den zus\u00e4tzlichen Neubau der H\u00e4user \u00a0C, B und D auf dem Gel\u00e4nde der ehemaligen Schulen Kantstra\u00dfe 14 und Schellingstra\u00dfe 30. \u00a0Die Sporthalle und der Sportplatz wurden in den 60 er eingeweiht. Haus A\u00a0erstand erst in der 70er Jahren.<\/p>\n<p>2012 wurde die alte Pausenhalle abgerissen. An ihrer Stelle wurde 2013 eine gr\u00f6\u00dfere und h\u00f6here Mehrzweckhalle errichtet, die im Rahmen der Ganztagesschule den Sch\u00fclern auch als Mensa dient.<\/p>\n<p>Ebenso wurden in den Jahren 2013 bis 2015 der gro\u00dfe und der kleine Schulhof aufgrund von Sielarbeiten \u00fcberholt.\u00a0Die Schulh\u00f6fe bieten nun mit\u00a0vielen Spielger\u00e4ten und einer gro\u00dfen Sandkiste viel mehr Spielm\u00f6glichkeiten, als noch zu Zeiten wo die Wielandstra\u00dfe noch eine weiterf\u00fchrende Schule war.<\/p>\n<p><a href=\"https:\/\/schule-wielandstrasse.hamburg.de\/?p=1181\">Auftaktfest zum Schuljubil\u00e4um<\/a><\/p>\n<p><a href=\"https:\/\/schule-wielandstrasse.hamburg.de\/wp-content\/uploads\/sites\/121\/2015\/08\/3Christoph_Martin_Wieland.jpg\" data-rel=\"lightbox\" data-rl_title=\"\" data-rl_caption=\"\" title=\"\"><img loading=\"lazy\" decoding=\"async\" class=\"alignnone size-full wp-image-549\" src=\"https:\/\/schule-wielandstrasse.hamburg.de\/wp-content\/uploads\/sites\/121\/2015\/08\/3Christoph_Martin_Wieland.jpg\" alt=\"Christoph Wieland\" width=\"188\" height=\"111\" \/><\/a>\u00a0 Wer war eigentlich Herr<a href=\"https:\/\/de.wikipedia.org\/wiki\/Christoph_Martin_Wieland\"> Wieland<\/a>?<\/p>\n<div id='gallery-1' class='gallery galleryid-154 gallery-columns-3 gallery-size-thumbnail'><figure class='gallery-item'>\n\t\t\t<div class='gallery-icon landscape'>\n\t\t\t\t<a href='https:\/\/schule-wielandstrasse.hamburg.de\/wp-content\/uploads\/sites\/121\/2015\/08\/0Pausenhalle-1.jpg' title=\"\" data-rl_title=\"\" class=\"rl-gallery-link\" data-rl_caption=\"\" data-rel=\"lightbox-gallery-1\"><img loading=\"lazy\" decoding=\"async\" width=\"150\" height=\"150\" src=\"https:\/\/schule-wielandstrasse.hamburg.de\/wp-content\/uploads\/sites\/121\/2015\/08\/0Pausenhalle-1-150x150.jpg\" class=\"attachment-thumbnail size-thumbnail\" alt=\"\" aria-describedby=\"gallery-1-336\" srcset=\"https:\/\/schule-wielandstrasse.hamburg.de\/wp-content\/uploads\/sites\/121\/2015\/08\/0Pausenhalle-1-150x150.jpg 150w, https:\/\/schule-wielandstrasse.hamburg.de\/wp-content\/uploads\/sites\/121\/2015\/08\/0Pausenhalle-1-300x300.jpg 300w, https:\/\/schule-wielandstrasse.hamburg.de\/wp-content\/uploads\/sites\/121\/2015\/08\/0Pausenhalle-1.jpg 380w\" sizes=\"auto, (max-width: 150px) 100vw, 150px\" \/><\/a>\n\t\t\t<\/div>\n\t\t\t\t<figcaption class='wp-caption-text gallery-caption' id='gallery-1-336'>\n\t\t\t\tAlte Pausenhalle bis 2012\n\t\t\t\t<\/figcaption><\/figure><figure class='gallery-item'>\n\t\t\t<div class='gallery-icon landscape'>\n\t\t\t\t<a href='https:\/\/schule-wielandstrasse.hamburg.de\/wp-content\/uploads\/sites\/121\/2015\/08\/0Computerraum.jpg' title=\"\" data-rl_title=\"\" class=\"rl-gallery-link\" data-rl_caption=\"\" data-rel=\"lightbox-gallery-1\"><img loading=\"lazy\" decoding=\"async\" width=\"150\" height=\"150\" src=\"https:\/\/schule-wielandstrasse.hamburg.de\/wp-content\/uploads\/sites\/121\/2015\/08\/0Computerraum-150x150.jpg\" class=\"attachment-thumbnail size-thumbnail\" alt=\"\" aria-describedby=\"gallery-1-333\" srcset=\"https:\/\/schule-wielandstrasse.hamburg.de\/wp-content\/uploads\/sites\/121\/2015\/08\/0Computerraum-150x150.jpg 150w, https:\/\/schule-wielandstrasse.hamburg.de\/wp-content\/uploads\/sites\/121\/2015\/08\/0Computerraum-300x300.jpg 300w, https:\/\/schule-wielandstrasse.hamburg.de\/wp-content\/uploads\/sites\/121\/2015\/08\/0Computerraum.jpg 380w\" sizes=\"auto, (max-width: 150px) 100vw, 150px\" \/><\/a>\n\t\t\t<\/div>\n\t\t\t\t<figcaption class='wp-caption-text gallery-caption' id='gallery-1-333'>\n\t\t\t\tComputerraum bis 2011\n\t\t\t\t<\/figcaption><\/figure><figure class='gallery-item'>\n\t\t\t<div class='gallery-icon landscape'>\n\t\t\t\t<a href='https:\/\/schule-wielandstrasse.hamburg.de\/wp-content\/uploads\/sites\/121\/2015\/08\/alteSchule_strassenansichtg.jpg' title=\"\" data-rl_title=\"\" class=\"rl-gallery-link\" data-rl_caption=\"\" data-rel=\"lightbox-gallery-1\"><img loading=\"lazy\" decoding=\"async\" width=\"150\" height=\"150\" src=\"https:\/\/schule-wielandstrasse.hamburg.de\/wp-content\/uploads\/sites\/121\/2015\/08\/alteSchule_strassenansichtg-150x150.jpg\" class=\"attachment-thumbnail size-thumbnail\" alt=\"\" aria-describedby=\"gallery-1-334\" srcset=\"https:\/\/schule-wielandstrasse.hamburg.de\/wp-content\/uploads\/sites\/121\/2015\/08\/alteSchule_strassenansichtg-150x150.jpg 150w, https:\/\/schule-wielandstrasse.hamburg.de\/wp-content\/uploads\/sites\/121\/2015\/08\/alteSchule_strassenansichtg-300x300.jpg 300w, https:\/\/schule-wielandstrasse.hamburg.de\/wp-content\/uploads\/sites\/121\/2015\/08\/alteSchule_strassenansichtg.jpg 380w\" sizes=\"auto, (max-width: 150px) 100vw, 150px\" \/><\/a>\n\t\t\t<\/div>\n\t\t\t\t<figcaption class='wp-caption-text gallery-caption' id='gallery-1-334'>\n\t\t\t\tAlte Schule Stra\u00dfenansicht\n\t\t\t\t<\/figcaption><\/figure><figure class='gallery-item'>\n\t\t\t<div class='gallery-icon landscape'>\n\t\t\t\t<a href='https:\/\/schule-wielandstrasse.hamburg.de\/wp-content\/uploads\/sites\/121\/2015\/08\/alteSchule_schulhofgalerie.jpg' title=\"\" data-rl_title=\"\" class=\"rl-gallery-link\" data-rl_caption=\"\" data-rel=\"lightbox-gallery-1\"><img loading=\"lazy\" decoding=\"async\" width=\"150\" height=\"150\" src=\"https:\/\/schule-wielandstrasse.hamburg.de\/wp-content\/uploads\/sites\/121\/2015\/08\/alteSchule_schulhofgalerie-150x150.jpg\" class=\"attachment-thumbnail size-thumbnail\" alt=\"\" aria-describedby=\"gallery-1-331\" srcset=\"https:\/\/schule-wielandstrasse.hamburg.de\/wp-content\/uploads\/sites\/121\/2015\/08\/alteSchule_schulhofgalerie-150x150.jpg 150w, https:\/\/schule-wielandstrasse.hamburg.de\/wp-content\/uploads\/sites\/121\/2015\/08\/alteSchule_schulhofgalerie-300x300.jpg 300w, https:\/\/schule-wielandstrasse.hamburg.de\/wp-content\/uploads\/sites\/121\/2015\/08\/alteSchule_schulhofgalerie.jpg 380w\" sizes=\"auto, (max-width: 150px) 100vw, 150px\" \/><\/a>\n\t\t\t<\/div>\n\t\t\t\t<figcaption class='wp-caption-text gallery-caption' id='gallery-1-331'>\n\t\t\t\tSchulhof\n\t\t\t\t<\/figcaption><\/figure><figure class='gallery-item'>\n\t\t\t<div class='gallery-icon landscape'>\n\t\t\t\t<a href='https:\/\/schule-wielandstrasse.hamburg.de\/wp-content\/uploads\/sites\/121\/2015\/08\/0Jubi1967_galerie.jpg' title=\"\" data-rl_title=\"\" class=\"rl-gallery-link\" data-rl_caption=\"\" data-rel=\"lightbox-gallery-1\"><img loading=\"lazy\" decoding=\"async\" width=\"150\" height=\"150\" src=\"https:\/\/schule-wielandstrasse.hamburg.de\/wp-content\/uploads\/sites\/121\/2015\/08\/0Jubi1967_galerie-150x150.jpg\" class=\"attachment-thumbnail size-thumbnail\" alt=\"\" aria-describedby=\"gallery-1-332\" srcset=\"https:\/\/schule-wielandstrasse.hamburg.de\/wp-content\/uploads\/sites\/121\/2015\/08\/0Jubi1967_galerie-150x150.jpg 150w, https:\/\/schule-wielandstrasse.hamburg.de\/wp-content\/uploads\/sites\/121\/2015\/08\/0Jubi1967_galerie-300x300.jpg 300w, https:\/\/schule-wielandstrasse.hamburg.de\/wp-content\/uploads\/sites\/121\/2015\/08\/0Jubi1967_galerie.jpg 370w\" sizes=\"auto, (max-width: 150px) 100vw, 150px\" \/><\/a>\n\t\t\t<\/div>\n\t\t\t\t<figcaption class='wp-caption-text gallery-caption' id='gallery-1-332'>\n\t\t\t\t1967 Feier zum 75 j\u00e4hrigen Bestehen der Schule\n\t\t\t\t<\/figcaption><\/figure><figure class='gallery-item'>\n\t\t\t<div class='gallery-icon landscape'>\n\t\t\t\t<a href='https:\/\/schule-wielandstrasse.hamburg.de\/wp-content\/uploads\/sites\/121\/2015\/08\/0Schulhofvonoben.jpg' title=\"\" data-rl_title=\"\" class=\"rl-gallery-link\" data-rl_caption=\"\" data-rel=\"lightbox-gallery-1\"><img loading=\"lazy\" decoding=\"async\" width=\"150\" height=\"150\" src=\"https:\/\/schule-wielandstrasse.hamburg.de\/wp-content\/uploads\/sites\/121\/2015\/08\/0Schulhofvonoben-150x150.jpg\" class=\"attachment-thumbnail size-thumbnail\" alt=\"\" aria-describedby=\"gallery-1-335\" srcset=\"https:\/\/schule-wielandstrasse.hamburg.de\/wp-content\/uploads\/sites\/121\/2015\/08\/0Schulhofvonoben-150x150.jpg 150w, https:\/\/schule-wielandstrasse.hamburg.de\/wp-content\/uploads\/sites\/121\/2015\/08\/0Schulhofvonoben-300x300.jpg 300w, https:\/\/schule-wielandstrasse.hamburg.de\/wp-content\/uploads\/sites\/121\/2015\/08\/0Schulhofvonoben.jpg 380w\" sizes=\"auto, (max-width: 150px) 100vw, 150px\" \/><\/a>\n\t\t\t<\/div>\n\t\t\t\t<figcaption class='wp-caption-text gallery-caption' id='gallery-1-335'>\n\t\t\t\tSchulhof bis 2014\n\t\t\t\t<\/figcaption><\/figure><figure class='gallery-item'>\n\t\t\t<div class='gallery-icon landscape'>\n\t\t\t\t<a href='https:\/\/schule-wielandstrasse.hamburg.de\/wp-content\/uploads\/sites\/121\/2013\/05\/richtfest.jpg' title=\"\" data-rl_title=\"\" class=\"rl-gallery-link\" data-rl_caption=\"\" data-rel=\"lightbox-gallery-1\"><img loading=\"lazy\" decoding=\"async\" width=\"150\" height=\"150\" src=\"https:\/\/schule-wielandstrasse.hamburg.de\/wp-content\/uploads\/sites\/121\/2013\/05\/richtfest-150x150.jpg\" class=\"attachment-thumbnail size-thumbnail\" alt=\"\" aria-describedby=\"gallery-1-465\" srcset=\"https:\/\/schule-wielandstrasse.hamburg.de\/wp-content\/uploads\/sites\/121\/2013\/05\/richtfest-150x150.jpg 150w, https:\/\/schule-wielandstrasse.hamburg.de\/wp-content\/uploads\/sites\/121\/2013\/05\/richtfest-300x300.jpg 300w, https:\/\/schule-wielandstrasse.hamburg.de\/wp-content\/uploads\/sites\/121\/2013\/05\/richtfest.jpg 380w\" sizes=\"auto, (max-width: 150px) 100vw, 150px\" \/><\/a>\n\t\t\t<\/div>\n\t\t\t\t<figcaption class='wp-caption-text gallery-caption' id='gallery-1-465'>\n\t\t\t\tRichtfest 2013\n\t\t\t\t<\/figcaption><\/figure><figure class='gallery-item'>\n\t\t\t<div class='gallery-icon landscape'>\n\t\t\t\t<a href='https:\/\/schule-wielandstrasse.hamburg.de\/wp-content\/uploads\/sites\/121\/2013\/05\/grund.jpg' title=\"\" data-rl_title=\"\" class=\"rl-gallery-link\" data-rl_caption=\"\" data-rel=\"lightbox-gallery-1\"><img loading=\"lazy\" decoding=\"async\" width=\"150\" height=\"150\" src=\"https:\/\/schule-wielandstrasse.hamburg.de\/wp-content\/uploads\/sites\/121\/2013\/05\/grund-150x150.jpg\" class=\"attachment-thumbnail size-thumbnail\" alt=\"\" aria-describedby=\"gallery-1-464\" srcset=\"https:\/\/schule-wielandstrasse.hamburg.de\/wp-content\/uploads\/sites\/121\/2013\/05\/grund-150x150.jpg 150w, https:\/\/schule-wielandstrasse.hamburg.de\/wp-content\/uploads\/sites\/121\/2013\/05\/grund-300x300.jpg 300w, https:\/\/schule-wielandstrasse.hamburg.de\/wp-content\/uploads\/sites\/121\/2013\/05\/grund.jpg 380w\" sizes=\"auto, (max-width: 150px) 100vw, 150px\" \/><\/a>\n\t\t\t<\/div>\n\t\t\t\t<figcaption class='wp-caption-text gallery-caption' id='gallery-1-464'>\n\t\t\t\tGrundsteinlegung 2013\n\t\t\t\t<\/figcaption><\/figure><figure class='gallery-item'>\n\t\t\t<div class='gallery-icon landscape'>\n\t\t\t\t<a href='https:\/\/schule-wielandstrasse.hamburg.de\/wp-content\/uploads\/sites\/121\/2015\/08\/aula.jpg' title=\"\" data-rl_title=\"\" class=\"rl-gallery-link\" data-rl_caption=\"\" data-rel=\"lightbox-gallery-1\"><img loading=\"lazy\" decoding=\"async\" width=\"150\" height=\"150\" src=\"https:\/\/schule-wielandstrasse.hamburg.de\/wp-content\/uploads\/sites\/121\/2015\/08\/aula-150x150.jpg\" class=\"attachment-thumbnail size-thumbnail\" alt=\"\" srcset=\"https:\/\/schule-wielandstrasse.hamburg.de\/wp-content\/uploads\/sites\/121\/2015\/08\/aula-150x150.jpg 150w, https:\/\/schule-wielandstrasse.hamburg.de\/wp-content\/uploads\/sites\/121\/2015\/08\/aula-50x50.jpg 50w\" sizes=\"auto, (max-width: 150px) 100vw, 150px\" \/><\/a>\n\t\t\t<\/div><\/figure><figure class='gallery-item'>\n\t\t\t<div class='gallery-icon landscape'>\n\t\t\t\t<a href='https:\/\/schule-wielandstrasse.hamburg.de\/wp-content\/uploads\/sites\/121\/2017\/04\/AA5104-Internet-100dpi.jpg' title=\"\" data-rl_title=\"\" class=\"rl-gallery-link\" data-rl_caption=\"\" data-rel=\"lightbox-gallery-1\"><img loading=\"lazy\" decoding=\"async\" width=\"150\" height=\"150\" src=\"https:\/\/schule-wielandstrasse.hamburg.de\/wp-content\/uploads\/sites\/121\/2017\/04\/AA5104-Internet-100dpi-150x150.jpg\" class=\"attachment-thumbnail size-thumbnail\" alt=\"\" srcset=\"https:\/\/schule-wielandstrasse.hamburg.de\/wp-content\/uploads\/sites\/121\/2017\/04\/AA5104-Internet-100dpi-150x150.jpg 150w, https:\/\/schule-wielandstrasse.hamburg.de\/wp-content\/uploads\/sites\/121\/2017\/04\/AA5104-Internet-100dpi-50x50.jpg 50w\" sizes=\"auto, (max-width: 150px) 100vw, 150px\" \/><\/a>\n\t\t\t<\/div><\/figure>\n\t\t<\/div>\n\n<p>Sind Sie hier auch zur Schule gegangen? Hier gehts zur Seite von <a href=\"http:\/\/www.stayfriends.de\/Schule\/Hamburg\/Realschule\/Wielandschule-S-8XJ-S\">stay Friends<\/a><\/p>\n","protected":false},"excerpt":{"rendered":"<p>1892 &#8211; Die Schule Wielandstra\u00dfe wird gegr\u00fcndet. Das ereignete sich in Hamburg: 7.Mai Richtfest des Rathauses Die Cholera w\u00fctet in Hamburg. Im Hafen wird der erste Bananendampfer gel\u00f6scht. Bis dahin waren Bananen hier unbekannt. Der Eilbekkanal wird gerade fertig gestellt. zwischen Hamburg und Wandsbek verkehrt eine Dampfeisenbahn. An der Kantstra\u00dfe 6 gab es bereits seit &hellip; <a href=\"https:\/\/schule-wielandstrasse.hamburg.de\/?page_id=154\" class=\"more-link\"><span class=\"screen-reader-text\">Schulgeschichte<\/span> weiterlesen <span class=\"meta-nav\">&rarr;<\/span><\/a><\/p>\n","protected":false},"author":188,"featured_media":155,"parent":0,"menu_order":0,"comment_status":"closed","ping_status":"closed","template":"","meta":{"_acf_changed":false,"footnotes":""},"class_list":["post-154","page","type-page","status-publish","has-post-thumbnail","hentry"],"acf":[],"_links":{"self":[{"href":"https:\/\/schule-wielandstrasse.hamburg.de\/index.php?rest_route=\/wp\/v2\/pages\/154","targetHints":{"allow":["GET"]}}],"collection":[{"href":"https:\/\/schule-wielandstrasse.hamburg.de\/index.php?rest_route=\/wp\/v2\/pages"}],"about":[{"href":"https:\/\/schule-wielandstrasse.hamburg.de\/index.php?rest_route=\/wp\/v2\/types\/page"}],"author":[{"embeddable":true,"href":"https:\/\/schule-wielandstrasse.hamburg.de\/index.php?rest_route=\/wp\/v2\/users\/188"}],"replies":[{"embeddable":true,"href":"https:\/\/schule-wielandstrasse.hamburg.de\/index.php?rest_route=%2Fwp%2Fv2%2Fcomments&post=154"}],"version-history":[{"count":1,"href":"https:\/\/schule-wielandstrasse.hamburg.de\/index.php?rest_route=\/wp\/v2\/pages\/154\/revisions"}],"predecessor-version":[{"id":157,"href":"https:\/\/schule-wielandstrasse.hamburg.de\/index.php?rest_route=\/wp\/v2\/pages\/154\/revisions\/157"}],"wp:featuredmedia":[{"embeddable":true,"href":"https:\/\/schule-wielandstrasse.hamburg.de\/index.php?rest_route=\/wp\/v2\/media\/155"}],"wp:attachment":[{"href":"https:\/\/schule-wielandstrasse.hamburg.de\/index.php?rest_route=%2Fwp%2Fv2%2Fmedia&parent=154"}],"curies":[{"name":"wp","href":"https:\/\/api.w.org\/{rel}","templated":true}]}}