{"id":164,"date":"2015-08-10T12:54:20","date_gmt":"2015-08-10T12:54:20","guid":{"rendered":"http:\/\/schule-wielandstrasse.schulhomepages.hamburg.de\/?page_id=164"},"modified":"2023-11-04T11:23:50","modified_gmt":"2023-11-04T11:23:50","slug":"schulregeln","status":"publish","type":"page","link":"https:\/\/schule-wielandstrasse.hamburg.de\/?page_id=164","title":{"rendered":"Schulregeln"},"content":{"rendered":"<p>An der Entstehung der Schulregeln waren alle Sch\u00fcler, Eltern, Lehrer und Erzieher beteiligt. &nbsp;Unsere Sch\u00fcler und Sch\u00fclerinnen haben setzten sich regelm\u00e4\u00dfig mit den Schulregeln auseinander. &nbsp;Zusammen mit den Sch\u00fclerinnen und Sch\u00fclern sind auch die Illustrationen entstanden, die wir auf unseren Plakaten verwenden.&nbsp;<\/p>\n<p>Die Schule Wielandstra\u00dfe ist eine offene Ganztagsschule. Die Gemeinschaft besteht aus den Kindern, dem Schulpersonal und den Eltern.&nbsp;Gemeinsam unterst\u00fctzen wir die Selbstst\u00e4ndigkeit und das positive Schulklima.&nbsp;Um Freude aneinander und am Lernen miteinander empfinden zu k\u00f6nnen.<\/p>\n<p><img loading=\"lazy\" decoding=\"async\" class=\"alignnone wp-image-165 size-large\" src=\"https:\/\/schule-wielandstrasse.hamburg.de\/wp-content\/uploads\/sites\/121\/2015\/08\/schulregeln_neu-727x1024.jpg\" alt=\"schulregeln_neu\" width=\"474\" height=\"668\" srcset=\"https:\/\/schule-wielandstrasse.hamburg.de\/wp-content\/uploads\/sites\/121\/2015\/08\/schulregeln_neu-727x1024.jpg 727w, https:\/\/schule-wielandstrasse.hamburg.de\/wp-content\/uploads\/sites\/121\/2015\/08\/schulregeln_neu-213x300.jpg 213w, https:\/\/schule-wielandstrasse.hamburg.de\/wp-content\/uploads\/sites\/121\/2015\/08\/schulregeln_neu.jpg 1454w\" sizes=\"auto, (max-width: 474px) 100vw, 474px\" \/><\/p>\n<p>&nbsp;<\/p>\n<p><img loading=\"lazy\" decoding=\"async\" class=\"alignnone wp-image-166 size-large\" src=\"https:\/\/schule-wielandstrasse.hamburg.de\/wp-content\/uploads\/sites\/121\/2015\/08\/schulregeln_spanisch-727x1024.jpg\" alt=\"schulregeln_spanisch\" width=\"474\" height=\"668\" srcset=\"https:\/\/schule-wielandstrasse.hamburg.de\/wp-content\/uploads\/sites\/121\/2015\/08\/schulregeln_spanisch-727x1024.jpg 727w, https:\/\/schule-wielandstrasse.hamburg.de\/wp-content\/uploads\/sites\/121\/2015\/08\/schulregeln_spanisch-213x300.jpg 213w, https:\/\/schule-wielandstrasse.hamburg.de\/wp-content\/uploads\/sites\/121\/2015\/08\/schulregeln_spanisch.jpg 1454w\" sizes=\"auto, (max-width: 474px) 100vw, 474px\" \/><\/p>\n<p>&nbsp;<\/p>\n","protected":false},"excerpt":{"rendered":"<p>An der Entstehung der Schulregeln waren alle Sch\u00fcler, Eltern, Lehrer und Erzieher beteiligt. &nbsp;Unsere Sch\u00fcler und Sch\u00fclerinnen haben setzten sich regelm\u00e4\u00dfig mit den Schulregeln auseinander. &nbsp;Zusammen mit den Sch\u00fclerinnen und Sch\u00fclern sind auch die Illustrationen entstanden, die wir auf unseren Plakaten verwenden.&nbsp; Die Schule Wielandstra\u00dfe ist eine offene Ganztagsschule. Die Gemeinschaft besteht aus den Kindern, &hellip; <a href=\"https:\/\/schule-wielandstrasse.hamburg.de\/?page_id=164\" class=\"more-link\"><span class=\"screen-reader-text\">Schulregeln<\/span> weiterlesen <span class=\"meta-nav\">&rarr;<\/span><\/a><\/p>\n","protected":false},"author":188,"featured_media":546,"parent":0,"menu_order":0,"comment_status":"closed","ping_status":"closed","template":"","meta":{"_acf_changed":false,"footnotes":""},"class_list":["post-164","page","type-page","status-publish","has-post-thumbnail","hentry"],"acf":[],"_links":{"self":[{"href":"https:\/\/schule-wielandstrasse.hamburg.de\/index.php?rest_route=\/wp\/v2\/pages\/164","targetHints":{"allow":["GET"]}}],"collection":[{"href":"https:\/\/schule-wielandstrasse.hamburg.de\/index.php?rest_route=\/wp\/v2\/pages"}],"about":[{"href":"https:\/\/schule-wielandstrasse.hamburg.de\/index.php?rest_route=\/wp\/v2\/types\/page"}],"author":[{"embeddable":true,"href":"https:\/\/schule-wielandstrasse.hamburg.de\/index.php?rest_route=\/wp\/v2\/users\/188"}],"replies":[{"embeddable":true,"href":"https:\/\/schule-wielandstrasse.hamburg.de\/index.php?rest_route=%2Fwp%2Fv2%2Fcomments&post=164"}],"version-history":[{"count":2,"href":"https:\/\/schule-wielandstrasse.hamburg.de\/index.php?rest_route=\/wp\/v2\/pages\/164\/revisions"}],"predecessor-version":[{"id":8291,"href":"https:\/\/schule-wielandstrasse.hamburg.de\/index.php?rest_route=\/wp\/v2\/pages\/164\/revisions\/8291"}],"wp:featuredmedia":[{"embeddable":true,"href":"https:\/\/schule-wielandstrasse.hamburg.de\/index.php?rest_route=\/wp\/v2\/media\/546"}],"wp:attachment":[{"href":"https:\/\/schule-wielandstrasse.hamburg.de\/index.php?rest_route=%2Fwp%2Fv2%2Fmedia&parent=164"}],"curies":[{"name":"wp","href":"https:\/\/api.w.org\/{rel}","templated":true}]}}