{"id":168,"date":"2015-08-10T14:49:17","date_gmt":"2015-08-10T14:49:17","guid":{"rendered":"http:\/\/schule-wielandstrasse.schulhomepages.hamburg.de\/?page_id=168"},"modified":"2025-10-19T20:27:25","modified_gmt":"2025-10-19T20:27:25","slug":"elternrat","status":"publish","type":"page","link":"https:\/\/schule-wielandstrasse.hamburg.de\/?page_id=168","title":{"rendered":"Elternrat"},"content":{"rendered":"<div>\n<p class=\"berschrift\">&nbsp;<\/p>\n<\/div>\n<div>\n<p class=\"Textbody\">Elternrat der Schule Wielandstra\u00dfe Schuljahr 2025\/2026<\/p>\n<\/div>\n<div>\n<p class=\"Textbody\">Willkommen beim Elternrat der <span lang=\"ES-TRAD\">Schule<\/span> Wielandstra\u00dfe<br \/>\nDer Elternrat soll die Eltern oder die Klassenelternvertretungen \u00fcber aktuelle Schulfragen und vo<span lang=\"ES-TRAD\">n<\/span>wichtigen Entscheidungen der Schulkonferenz, des Schulvorstands sowie des GBS Partners informieren; er kann dazu Versammlungen der Eltern oder der Klassen-Elternvertretungen einberufen; er soll mit der Schulleitung, den Lehrkr\u00e4ften und dem <span lang=\"ES-TRAD\">Kinderparlament<\/span> bei der Erf\u00fcllung des Bildungs- und Erziehungsauftrags der Schule zusammenwirken; er soll sich in der regionalen \u00d6ffentlichkeit im Rahmen der von der Schulkonferenz oder dem Schulvorstand vorgegebenen Grunds\u00e4tze f\u00fcr die Belange der Schule einsetzen (\u00a7 72 HmbSG).<\/p>\n<\/div>\n<div>\n<p class=\"Textbody\">Die Mitglieder des Elternrats werden sp\u00e4testens sechs Wochen nach Beginn des Unterrichts eines neuen Schuljahres von der Versammlung der Klassenelternvertreterinnen und Klassenelternvertreter gew\u00e4hlt.&nbsp;<\/p>\n<p><a href=\"https:\/\/schule-wielandstrasse.hamburg.de\/wp-content\/uploads\/sites\/121\/2025\/10\/fcc8917c-efa1-45a7-8bcc-88f19f086f30.jpg\" data-rel=\"lightbox\" data-rl_title=\"\" data-rl_caption=\"\" title=\"\"><img loading=\"lazy\" decoding=\"async\" class=\"alignnone size-large wp-image-10276\" src=\"https:\/\/schule-wielandstrasse.hamburg.de\/wp-content\/uploads\/sites\/121\/2025\/10\/fcc8917c-efa1-45a7-8bcc-88f19f086f30-1024x768.jpg\" alt=\"\" width=\"474\" height=\"356\" srcset=\"https:\/\/schule-wielandstrasse.hamburg.de\/wp-content\/uploads\/sites\/121\/2025\/10\/fcc8917c-efa1-45a7-8bcc-88f19f086f30-1024x768.jpg 1024w, https:\/\/schule-wielandstrasse.hamburg.de\/wp-content\/uploads\/sites\/121\/2025\/10\/fcc8917c-efa1-45a7-8bcc-88f19f086f30-300x225.jpg 300w, https:\/\/schule-wielandstrasse.hamburg.de\/wp-content\/uploads\/sites\/121\/2025\/10\/fcc8917c-efa1-45a7-8bcc-88f19f086f30-768x576.jpg 768w, https:\/\/schule-wielandstrasse.hamburg.de\/wp-content\/uploads\/sites\/121\/2025\/10\/fcc8917c-efa1-45a7-8bcc-88f19f086f30-1536x1152.jpg 1536w, https:\/\/schule-wielandstrasse.hamburg.de\/wp-content\/uploads\/sites\/121\/2025\/10\/fcc8917c-efa1-45a7-8bcc-88f19f086f30.jpg 2048w\" sizes=\"auto, (max-width: 474px) 100vw, 474px\" \/><\/a><\/p>\n<\/div>\n<div>\n<h6 class=\"Textbody\"><em><strong>von links nach rechts : Frau Stern, Frau Schnell, Frau Sk\u00f6ld, Frau Llerena, Frau&nbsp;Fritze, Herr Ahmad, Frau Wahid, Herr Hase, Frau Sommer, Herr Pfennig, es fehlen: Herr Callies, Herr Marroquin Rozo<\/strong><\/em><\/h6>\n<p class=\"Textbody\"><strong>Elternratsvorstand:<\/strong><\/p>\n<\/div>\n<div>\n<p class=\"Textbody\">J. Britze&nbsp;&nbsp;&nbsp;&nbsp;&nbsp;&nbsp; (1. Vorsitzende)<\/p>\n<\/div>\n<div>\n<p class=\"Textbody\">R. B\u00f6ttcher&nbsp;&nbsp; (2. Vorsitzender)<\/p>\n<\/div>\n<div>\n<p class=\"Textbody\">A. LLerena&nbsp;&nbsp; (Schriftf\u00fchrerin)<\/p>\n<\/div>\n<div>\n<p class=\"Textbody\"><strong>Elternrat:<\/strong><\/p>\n<\/div>\n<div>\n<p class=\"Textbody\">J. Britze, L. Stern, R. B\u00f6ttcher&nbsp;&nbsp;&nbsp;&nbsp;&nbsp;&nbsp;&nbsp;&nbsp;&nbsp;&nbsp;&nbsp;&nbsp;&nbsp;&nbsp;&nbsp;&nbsp;&nbsp;&nbsp;&nbsp;&nbsp;&nbsp; (alle bis 2028)<\/p>\n<\/div>\n<div>\n<p class=\"Textbody\">M. Callies, A. LLerena, A. Marroquin Rizo&nbsp;&nbsp;&nbsp; (alle bis 2027)<\/p>\n<\/div>\n<div>\n<p class=\"Textbody\">A. Hase, N. Schnell, S. Sk\u00f6ld&nbsp;&nbsp;&nbsp;&nbsp;&nbsp;&nbsp;&nbsp;&nbsp;&nbsp;&nbsp;&nbsp;&nbsp;&nbsp;&nbsp;&nbsp;&nbsp;&nbsp;&nbsp;&nbsp;&nbsp;&nbsp; (alle bis 2026)<\/p>\n<\/div>\n<div>\n<p class=\"Textbody\"><strong>Ersatzmitglieder<\/strong><\/p>\n<\/div>\n<div>\n<p class=\"Textbody\">S. Pfennig, F. Wahid, Z. Ahmad, K. Sommer<\/p>\n<\/div>\n<div>\n<p class=\"Textbody\">Gremien:<\/p>\n<\/div>\n<div>\n<p class=\"Textbody\"><strong>Schulkonferenz:<\/strong><\/p>\n<\/div>\n<div>\n<p class=\"Textbody\">Z. Ahmed, A. Hase, L. Stern, K. Sommer<\/p>\n<\/div>\n<div>\n<p class=\"Textbody\">Lehre<span lang=\"ES-TRAD\">nden<\/span>konferenz<span lang=\"ES-TRAD\">:<\/span><\/p>\n<\/div>\n<div>\n<p class=\"Textbody\">A. LLerena, R. B\u00f6ttcher<\/p>\n<\/div>\n<div>\n<p class=\"Textbody\"><strong>G<span lang=\"ES-TRAD\">anztagesa<\/span>usschuss:<\/strong><\/p>\n<\/div>\n<div>\n<p class=\"Textbody\">J. Britze, F. Wahid, A. Hase, A. LLerena<\/p>\n<\/div>\n<div>\n<p class=\"Textbody\">Kreiselternrat:<\/p>\n<\/div>\n<div>\n<p class=\"Textbody\">S. Pfennig<\/p>\n<\/div>\n<div>\n<p class=\"Textbody\"><strong>Bezirkselternausschuss:<\/strong><\/p>\n<\/div>\n<div>\n<p class=\"Textbody\">M. Callies<\/p>\n<\/div>\n<div>\n<p class=\"Textbody\"><strong>Kontakt zum Elternrat:<\/strong><\/p>\n<\/div>\n<div>\n<p class=\"Textbody\">Bitte suchen Sie in erster Linie zun\u00e4chst den Kontakt zu den Klassenelternvertretungen. Viele Angelegenheiten lassen sich bereits klassenintern einfacherer und schneller kl\u00e4ren. Die Klassenelternvertretungen k\u00f6nnen Themen, die alle Eltern der Schule betreffen<span lang=\"ES-TRAD\">,<\/span> gerne an den Elternrat weitergeben.<\/p>\n<\/div>\n<div>\n<p class=\"Textbody\">Ansonsten erreichen Sie den Elternrat unter folgender Emailadresse:<\/p>\n<\/div>\n<div>\n<p class=\"Textbody\">elternrat-schule-wielandstrasse.info@web.de<\/p>\n<\/div>\n<div>\n<p class=\"Textbody\">Sie d\u00fcrfen uns auch gerne ansprechen oder zu einer der Elternratssitzungen dazukommen<span lang=\"ES-TRAD\">.<\/span><\/p>\n<\/div>\n<div>\n<p class=\"Textbody\">&nbsp;<\/p>\n<\/div>\n<div>\n<p class=\"Textbody\">Termine <span lang=\"ES-TRAD\">der <\/span>Elternratssitzungen:<br \/>\nJeweils an einem Dienstag, Mittwoch oder Donnerstag im Monat (bzw. ggf. Ferienverschiebungen) trifft sich der Elternrat in der Pausenhalle um 19:00 Uhr. Die Termine entnehmen Sie bitte dem Terminplaner auf der Internetseite der Schule oder den Einladungen, die alle Eltern per Email erhalten.<\/p>\n<\/div>\n<div>\n<p class=\"Textbody\">Die Elternratssitzungen sind schul\u00f6ffentlich, daher sind alle interessierten Eltern herzlich willkommen!<\/p>\n<\/div>\n<div>\n<p class=\"Textbody\">Hinweis: Der Elternrat widerspricht hiermit ausdr\u00fccklich der Nutzung der E-Mail-Adresse f\u00fcr Zwecke der Werbung oder der Marktforschung nach \u00a7 28 Abs. 3 BDSG.<\/p>\n<\/div>\n<p>&nbsp;<\/p>\n<p style=\"font-weight: 400\"><b>Kontakt zum Elternrat:<\/b><\/p>\n<p style=\"font-weight: 400\"><b>Bitte suchen Sie in erster Linie zun\u00e4chst den Kontakt zu den Klassenelternvertretungen. Viele Angelegenheiten lassen sich bereits klassenintern einfacherer und schneller kl\u00e4ren. Die Klassenelternvertretungen k\u00f6nnen Themen, die alle Eltern der Schule betreffen gerne an den Elternrat weitergeben.<\/b><\/p>\n<p style=\"font-weight: 400\"><b>Ansonsten erreichen Sie den Elternrat unter folgender Emailadresse: elternrat.schulewielandstrasse@gmail.com<\/b><\/p>\n<p style=\"font-weight: 400\"><b>Sie d\u00fcrfen uns auch gerne ansprechen oder zu einer der Elternratssitzungen dazukommen<\/b><\/p>\n<p style=\"font-weight: 400\"><b>Termine Elternratssitzungen :<\/b><br \/>\nJeweils an einem Mittwoch im Monat (bzw. ggf. Ferienverschiebungen) trifft sich der Elternrat in der Pausenhalle um 19:00 Uhr. Die Termine entnehmen Sie bitte dem Terminplaner der Schule auf der Internetseite oder den Einladungen, die alle Eltern per Email erhalten.<\/p>\n<p>Die Elternratssitzungen sind schul\u00f6ffentlich, daher sind alle interessierten Eltern herzlich willkommen!<\/p>\n<p>Hinweis: Der Elternrat widerspricht hiermit ausdr\u00fccklich der Nutzung der E-Mail-Adresse f\u00fcr Zwecke der Werbung oder der Marktforschung nach \u00a7 28 Abs. 3 BDSG.<\/p>\n<p style=\"font-weight: 400\">&nbsp;<\/p>\n","protected":false},"excerpt":{"rendered":"<p>&nbsp; Elternrat der Schule Wielandstra\u00dfe Schuljahr 2025\/2026 Willkommen beim Elternrat der Schule Wielandstra\u00dfe Der Elternrat soll die Eltern oder die Klassenelternvertretungen \u00fcber aktuelle Schulfragen und vonwichtigen Entscheidungen der Schulkonferenz, des Schulvorstands sowie des GBS Partners informieren; er kann dazu Versammlungen der Eltern oder der Klassen-Elternvertretungen einberufen; er soll mit der Schulleitung, den Lehrkr\u00e4ften und dem &hellip; <a href=\"https:\/\/schule-wielandstrasse.hamburg.de\/?page_id=168\" class=\"more-link\"><span class=\"screen-reader-text\">Elternrat<\/span> weiterlesen <span class=\"meta-nav\">&rarr;<\/span><\/a><\/p>\n","protected":false},"author":188,"featured_media":10276,"parent":0,"menu_order":0,"comment_status":"closed","ping_status":"closed","template":"","meta":{"_acf_changed":false,"footnotes":""},"class_list":["post-168","page","type-page","status-publish","has-post-thumbnail","hentry"],"acf":[],"_links":{"self":[{"href":"https:\/\/schule-wielandstrasse.hamburg.de\/index.php?rest_route=\/wp\/v2\/pages\/168","targetHints":{"allow":["GET"]}}],"collection":[{"href":"https:\/\/schule-wielandstrasse.hamburg.de\/index.php?rest_route=\/wp\/v2\/pages"}],"about":[{"href":"https:\/\/schule-wielandstrasse.hamburg.de\/index.php?rest_route=\/wp\/v2\/types\/page"}],"author":[{"embeddable":true,"href":"https:\/\/schule-wielandstrasse.hamburg.de\/index.php?rest_route=\/wp\/v2\/users\/188"}],"replies":[{"embeddable":true,"href":"https:\/\/schule-wielandstrasse.hamburg.de\/index.php?rest_route=%2Fwp%2Fv2%2Fcomments&post=168"}],"version-history":[{"count":12,"href":"https:\/\/schule-wielandstrasse.hamburg.de\/index.php?rest_route=\/wp\/v2\/pages\/168\/revisions"}],"predecessor-version":[{"id":10277,"href":"https:\/\/schule-wielandstrasse.hamburg.de\/index.php?rest_route=\/wp\/v2\/pages\/168\/revisions\/10277"}],"wp:featuredmedia":[{"embeddable":true,"href":"https:\/\/schule-wielandstrasse.hamburg.de\/index.php?rest_route=\/wp\/v2\/media\/10276"}],"wp:attachment":[{"href":"https:\/\/schule-wielandstrasse.hamburg.de\/index.php?rest_route=%2Fwp%2Fv2%2Fmedia&parent=168"}],"curies":[{"name":"wp","href":"https:\/\/api.w.org\/{rel}","templated":true}]}}