{"id":17,"date":"2015-02-28T10:08:47","date_gmt":"2015-02-28T10:08:47","guid":{"rendered":"http:\/\/schule-wielandstrasse.schulhomepages.hamburg.de\/?page_id=17"},"modified":"2023-05-05T14:08:48","modified_gmt":"2023-05-05T14:08:48","slug":"unsere-schule","status":"publish","type":"page","link":"https:\/\/schule-wielandstrasse.hamburg.de\/?page_id=17","title":{"rendered":"Unsere Schule"},"content":{"rendered":"<p>Die Wielandschule ist eine vier- f\u00fcnfz\u00fcgige Grundschule. Neben den Regelklassen (A,C,D,E-Klassen), haben wir &nbsp;Internationale Klassen f\u00fcr ausl\u00e4ndische Kinder (Jahrgang 3\/4), sowie die bilingualen Spanischklassen (B-Klassen und auch E-Klassen). F\u00fcr die J\u00fcngsten bieten wir zwei Vorschulklasse an.<\/p>\n<p>Auf dem Schulgel\u00e4nde&nbsp;befindet sich unser Partner f\u00fcr den Nachmittag, die &#8222;casa de moloon&#8220;.<\/p>\n","protected":false},"excerpt":{"rendered":"<p>Die Wielandschule ist eine vier- f\u00fcnfz\u00fcgige Grundschule. Neben den Regelklassen (A,C,D,E-Klassen), haben wir &nbsp;Internationale Klassen f\u00fcr ausl\u00e4ndische Kinder (Jahrgang 3\/4), sowie die bilingualen Spanischklassen (B-Klassen und auch E-Klassen). F\u00fcr die J\u00fcngsten bieten wir zwei Vorschulklasse an. Auf dem Schulgel\u00e4nde&nbsp;befindet sich unser Partner f\u00fcr den Nachmittag, die &#8222;casa de moloon&#8220;.<\/p>\n","protected":false},"author":251,"featured_media":326,"parent":0,"menu_order":0,"comment_status":"closed","ping_status":"closed","template":"","meta":{"_acf_changed":false,"footnotes":""},"class_list":["post-17","page","type-page","status-publish","has-post-thumbnail","hentry"],"acf":[],"_links":{"self":[{"href":"https:\/\/schule-wielandstrasse.hamburg.de\/index.php?rest_route=\/wp\/v2\/pages\/17","targetHints":{"allow":["GET"]}}],"collection":[{"href":"https:\/\/schule-wielandstrasse.hamburg.de\/index.php?rest_route=\/wp\/v2\/pages"}],"about":[{"href":"https:\/\/schule-wielandstrasse.hamburg.de\/index.php?rest_route=\/wp\/v2\/types\/page"}],"author":[{"embeddable":true,"href":"https:\/\/schule-wielandstrasse.hamburg.de\/index.php?rest_route=\/wp\/v2\/users\/251"}],"replies":[{"embeddable":true,"href":"https:\/\/schule-wielandstrasse.hamburg.de\/index.php?rest_route=%2Fwp%2Fv2%2Fcomments&post=17"}],"version-history":[{"count":2,"href":"https:\/\/schule-wielandstrasse.hamburg.de\/index.php?rest_route=\/wp\/v2\/pages\/17\/revisions"}],"predecessor-version":[{"id":7813,"href":"https:\/\/schule-wielandstrasse.hamburg.de\/index.php?rest_route=\/wp\/v2\/pages\/17\/revisions\/7813"}],"wp:featuredmedia":[{"embeddable":true,"href":"https:\/\/schule-wielandstrasse.hamburg.de\/index.php?rest_route=\/wp\/v2\/media\/326"}],"wp:attachment":[{"href":"https:\/\/schule-wielandstrasse.hamburg.de\/index.php?rest_route=%2Fwp%2Fv2%2Fmedia&parent=17"}],"curies":[{"name":"wp","href":"https:\/\/api.w.org\/{rel}","templated":true}]}}