{"id":1949,"date":"2019-02-10T17:28:29","date_gmt":"2019-02-10T17:28:29","guid":{"rendered":"https:\/\/schule-wielandstrasse.hamburg.de\/?page_id=1949"},"modified":"2025-10-06T13:25:14","modified_gmt":"2025-10-06T13:25:14","slug":"kinderparlament","status":"publish","type":"page","link":"https:\/\/schule-wielandstrasse.hamburg.de\/?page_id=1949","title":{"rendered":"Kinderparlament"},"content":{"rendered":"<p style=\"font-weight: 400\">Kinderparlament<\/p>\n<p style=\"font-weight: 400\">Im \u201eKIPA\u201c werden die Themen, die f\u00fcr alle Kinder der Schule wichtig sind, er\u00f6rtert und abgestimmt. Das neue Kinderparlamentsteam (jedes Jahr neue Zusammensetzung) besteht aus 46 Kindern. Jede Klasse entsendet 2 Kinderparlamentssprechende, die auch als Sprachrohr zwischen Klassen (Klassenrat) und KiPa dienen. In der Vergangenheit haben wir u.a. die Aktionen \u201eAdventskalendert\u00fcten f\u00fcr die Kinder im SOS Kinderdorf\u201c oder einen Flohmarkt \u201eSpenden sammeln f\u00fcr Umweltzwecke\u201c veranstaltet. In der Projektwoche im Oktober 2022 haben wir uns f\u00fcr das Umweltprojekt \u201eKLAPPE AUF\u201c vom Kinder- und Jugendfilm Berlin e.V. beworben und wurden erfolgreich ausgew\u00e4hlt! 12 M\u00e4dchen und Jungen aus den Jahrg\u00e4ngen 2-4 durften gemeinsam mit dem \u201eKLAPPE AUF-Team\u201c den mutigen und selbst erarbeiteten Umweltfilm \u201eWeniger M\u00fcll ist mehr Meer\u201c drehen. In den Wochen davor hatte die gesamte Sch\u00fclergemeinschaft der Wielandstra\u00dfe f\u00fcr das Thema: \u201eTieren im Meer helfen\u201c abgestimmt.&nbsp;<\/p>\n<p style=\"font-weight: 400\">Dar\u00fcber hinaus engagiert sich das KiPa-Team wie folgt:<br \/>\n&#8211;&nbsp;<strong>M\u00fcllsammelaktion<\/strong>&nbsp;in Zusammenarbeit mit dem Projekt \u201eHamburg r\u00e4umt auf\u201c. Ziel ist es, das Bewusstsein der Lernenden f\u00fcr den Erhalt und die Pflege unserer Umwelt zu st\u00e4rken.<\/p>\n<p style=\"font-weight: 400\">&#8211;&nbsp;<strong>Pausenaufsichten durch Lernende im Haus B,<\/strong>&nbsp;um Menschenansammlungen am Ende der Pausen zu vermeiden.<\/p>\n<p style=\"font-weight: 400\">&#8211; Ideensammlung und Projektauswahl zur&nbsp;<strong>Erweiterung des kleinen Schulhofs<\/strong>.<\/p>\n<p style=\"font-weight: 400\">&#8211; Beteiligung an der Ideensammlung f\u00fcr das&nbsp;<strong>Bauprojekt der zuk\u00fcnftigen H\u00e4user C und D<\/strong>.<br \/>\nHeute durften wir Fr. Henning (Architektin) und Fr. M\u00fcller (Moderatorin) bei uns im KIPA begr\u00fc\u00dfen. Gemeinsam mit den KIPA-Mitgliedern sammelten sie Ideen und W\u00fcnsche der Sch\u00fcler*innen f\u00fcr den Neubau von Haus C und Haus D.<br \/>\nDamit startet nun die Phase 0 des Projekts \u2013 mit der aktiven Beteiligung des KIPA! Sobald auch die Vorschl\u00e4ge aus der gesamten Schulgemeinschaft eingegangen sind, beginnt die n\u00e4chste Phase: die Ausarbeitung des konkreten Bauprojekts.<br \/>\nWir halten euch nat\u00fcrlich \u00fcber alle Neuigkeiten auf dem Laufenden!<\/p>\n<p style=\"font-weight: 400\">&#8211; Sensibilisierung und Verbesserung der&nbsp;<strong>Situation der Schultoiletten&nbsp;<\/strong>(WCs). Dies ist bspw. ein aktuelles Thema.<\/p>\n<p style=\"font-weight: 400\">&nbsp;<\/p>\n<p><a href=\"https:\/\/schule-wielandstrasse.hamburg.de\/?p=8491\">Wir fahren nach Berlin!<\/a><\/p>\n<p><a href=\"https:\/\/schule-wielandstrasse.hamburg.de\/?p=1951\">Kinderparlament der Schule Wielandstra\u00dfe<\/a><\/p>\n<p><a href=\"https:\/\/schule-wielandstrasse.hamburg.de\/?p=7122\">Kinopremiere und Trailer<\/a><\/p>\n<p><a href=\"https:\/\/schule-wielandstrasse.hamburg.de\/?p=8134\">Dem B\u00fcrgermeister hat es gefallen!<\/a><\/p>\n<p>&nbsp;<\/p>\n<p><a href=\"https:\/\/schule-wielandstrasse.hamburg.de\/wp-content\/uploads\/sites\/121\/2022\/11\/Logo_kipa.jpg\" data-rel=\"lightbox\" data-rl_title=\"\" data-rl_caption=\"\" title=\"\"><img loading=\"lazy\" decoding=\"async\" class=\"alignnone size-full wp-image-6892\" src=\"https:\/\/schule-wielandstrasse.hamburg.de\/wp-content\/uploads\/sites\/121\/2022\/11\/Logo_kipa.jpg\" alt=\"\" width=\"393\" height=\"393\" srcset=\"https:\/\/schule-wielandstrasse.hamburg.de\/wp-content\/uploads\/sites\/121\/2022\/11\/Logo_kipa.jpg 393w, https:\/\/schule-wielandstrasse.hamburg.de\/wp-content\/uploads\/sites\/121\/2022\/11\/Logo_kipa-300x300.jpg 300w, https:\/\/schule-wielandstrasse.hamburg.de\/wp-content\/uploads\/sites\/121\/2022\/11\/Logo_kipa-150x150.jpg 150w\" sizes=\"auto, (max-width: 393px) 100vw, 393px\" \/><\/a><\/p>\n<p>&nbsp;<\/p>\n<p>&nbsp;<\/p>\n","protected":false},"excerpt":{"rendered":"<p>Kinderparlament Im \u201eKIPA\u201c werden die Themen, die f\u00fcr alle Kinder der Schule wichtig sind, er\u00f6rtert und abgestimmt. Das neue Kinderparlamentsteam (jedes Jahr neue Zusammensetzung) besteht aus 46 Kindern. Jede Klasse entsendet 2 Kinderparlamentssprechende, die auch als Sprachrohr zwischen Klassen (Klassenrat) und KiPa dienen. In der Vergangenheit haben wir u.a. die Aktionen \u201eAdventskalendert\u00fcten f\u00fcr die Kinder &hellip; <a href=\"https:\/\/schule-wielandstrasse.hamburg.de\/?page_id=1949\" class=\"more-link\"><span class=\"screen-reader-text\">Kinderparlament<\/span> weiterlesen <span class=\"meta-nav\">&rarr;<\/span><\/a><\/p>\n","protected":false},"author":188,"featured_media":6892,"parent":0,"menu_order":0,"comment_status":"closed","ping_status":"closed","template":"","meta":{"_acf_changed":false,"footnotes":""},"class_list":["post-1949","page","type-page","status-publish","has-post-thumbnail","hentry"],"acf":[],"_links":{"self":[{"href":"https:\/\/schule-wielandstrasse.hamburg.de\/index.php?rest_route=\/wp\/v2\/pages\/1949","targetHints":{"allow":["GET"]}}],"collection":[{"href":"https:\/\/schule-wielandstrasse.hamburg.de\/index.php?rest_route=\/wp\/v2\/pages"}],"about":[{"href":"https:\/\/schule-wielandstrasse.hamburg.de\/index.php?rest_route=\/wp\/v2\/types\/page"}],"author":[{"embeddable":true,"href":"https:\/\/schule-wielandstrasse.hamburg.de\/index.php?rest_route=\/wp\/v2\/users\/188"}],"replies":[{"embeddable":true,"href":"https:\/\/schule-wielandstrasse.hamburg.de\/index.php?rest_route=%2Fwp%2Fv2%2Fcomments&post=1949"}],"version-history":[{"count":17,"href":"https:\/\/schule-wielandstrasse.hamburg.de\/index.php?rest_route=\/wp\/v2\/pages\/1949\/revisions"}],"predecessor-version":[{"id":10243,"href":"https:\/\/schule-wielandstrasse.hamburg.de\/index.php?rest_route=\/wp\/v2\/pages\/1949\/revisions\/10243"}],"wp:featuredmedia":[{"embeddable":true,"href":"https:\/\/schule-wielandstrasse.hamburg.de\/index.php?rest_route=\/wp\/v2\/media\/6892"}],"wp:attachment":[{"href":"https:\/\/schule-wielandstrasse.hamburg.de\/index.php?rest_route=%2Fwp%2Fv2%2Fmedia&parent=1949"}],"curies":[{"name":"wp","href":"https:\/\/api.w.org\/{rel}","templated":true}]}}