{"id":20,"date":"2016-09-04T10:11:17","date_gmt":"2016-09-04T10:11:17","guid":{"rendered":"http:\/\/schule-wielandstrasse.schulhomepages.hamburg.de\/?page_id=20"},"modified":"2025-01-06T15:40:23","modified_gmt":"2025-01-06T15:40:23","slug":"sportangebote","status":"publish","type":"page","link":"https:\/\/schule-wielandstrasse.hamburg.de\/?page_id=20","title":{"rendered":"Sport- und Spielangebote"},"content":{"rendered":"<p><strong>Das sind unsere sportlichen Angebote im Rahmen der Aktion Kooperation Schule und Vereine und in Zusammenarbeit mit dem Projekt &#8222;Fit durch die Schule&#8220;, unterst\u00fctzt von der AOK.<\/strong><\/p>\n<p><strong> Diese Angebote sind kostenfrei und f\u00fcr alle&nbsp;Wiel\u00e4nder zug\u00e4nglich!&nbsp;<\/strong><\/p>\n<p>Neben dem sportlichen<a href=\"https:\/\/schule-wielandstrasse.hamburg.de\/?page_id=360\"> Programm am&nbsp;<\/a><span style=\"color: #24890d\">Vormittag. &nbsp;<\/span><\/p>\n<p>sowie Pausenangebote wie Tanzen, &nbsp;die <a href=\"https:\/\/schule-wielandstrasse.hamburg.de\/?page_id=5001\">Schachpausen<\/a> und die <a href=\"https:\/\/schule-wielandstrasse.hamburg.de\/?p=2595\">Kletterpausen, &nbsp;<\/a>bieten wir allen&nbsp;Sch\u00fclern und Sch\u00fclerinnen die M\u00f6glichkeit zusammen mit unserem GBS-Partner und den Sportvereinen, der Umgebung , Sport zu betreiben. Egal ob sie bei der casa de moloon angemeldet sind oder nicht.<\/p>\n<p>Zum Halbjahr wird &nbsp;gew\u00e4hlt. Die Kurse sind verbindlich. Also bitte Absagen, wenn man mal nicht kann. Und vor allem Sportzeug dabei haben. &nbsp;Ein Einsteigen zu einem sp\u00e4teren Zeitpunkt ist meist problemlos m\u00f6glich. F\u00fcr Informationen &nbsp;sich bitte &nbsp;an die Sportfachleitung (Frau Mitzlaff) oder an die cdm wenden.<\/p>\n<p>Unsere Kurse werden von examinierten Trainer mit C- oder B-Lizenz geleitet.<\/p>\n<p><strong>Bewegung macht Spa\u00df (BMS)<\/strong><\/p>\n<p>pausiert!<\/p>\n<p>Zu diesem Kurs wird gezielt, auf Grundlage der sportlichen Ergebnisse des Hamburger Parcours in Jahrgang 2 eingeladen. Wir m\u00f6chte hier Kinder Spa\u00df an der Bewegung vermitteln und langfristig f\u00fcr den Sport begeistern.<\/p>\n<p>Rugby: Klassenstufe 2-4.&nbsp;<a href=\"https:\/\/schule-wielandstrasse.hamburg.de\/?p=8557\">Rugby Pl\u00e4tze<\/a><\/p>\n<p><strong><a href=\"https:\/\/schule-wielandstrasse.hamburg.de\/?page_id=950\">Talentgruppe Sport&nbsp;<\/a><\/strong><\/p>\n<p>geschlossene Gruppe. Hier trainieren besonders talentierte Sch\u00fcler und Sch\u00fclerinnen unserer Schule. Gef\u00f6rdert wird das Projekt durch den Hamburger Sportbund (HSB). Die Sch\u00fclerinnen und Sch\u00fcler werden durch den Hamburger Parcour ende der 2. Klasse gesichtet. In der 4. Klasse haben die Sch\u00fcler und Sch\u00fclerinnen die M\u00f6glichkeit \u00fcber ein Auswahltraining in die Sportklassen an der Eliteschule des Sports, Alter Teichweg (Handball, Volleyball, Basketball und Badminton), oder der sportbetonten Schule Heinrich-Herz (Leichtathletik und Hockey) zu kommen.<\/p>\n<p><a href=\"http:\/\/www.th-eilbeck.de\/startseite.html\">Sportangebote des TH Eilbeck<\/a><\/p>\n<p><a href=\"http:\/\/sceilbek.de\/start\">Sportangebote des SC Eilbek<\/a><\/p>\n<p><a href=\"http:\/\/neu2016.wtb61.de\/sport\/sportangebot\/\">Wandsbeker Turnerbund von 1861&nbsp;<\/a><\/p>\n<p><a href=\"https:\/\/www.jugendsg.de\">WTB &#8211; Tischtennis<\/a><\/p>\n<p><a href=\"http:\/\/htbu-volleyball.de\">HTBU (Hamburger Turnerbund)<\/a><\/p>\n","protected":false},"excerpt":{"rendered":"<p>Das sind unsere sportlichen Angebote im Rahmen der Aktion Kooperation Schule und Vereine und in Zusammenarbeit mit dem Projekt &#8222;Fit durch die Schule&#8220;, unterst\u00fctzt von der AOK. Diese Angebote sind kostenfrei und f\u00fcr alle&nbsp;Wiel\u00e4nder zug\u00e4nglich!&nbsp; Neben dem sportlichen Programm am&nbsp;Vormittag. &nbsp; sowie Pausenangebote wie Tanzen, &nbsp;die Schachpausen und die Kletterpausen, &nbsp;bieten wir allen&nbsp;Sch\u00fclern und Sch\u00fclerinnen &hellip; <a href=\"https:\/\/schule-wielandstrasse.hamburg.de\/?page_id=20\" class=\"more-link\"><span class=\"screen-reader-text\">Sport- und Spielangebote<\/span> weiterlesen <span class=\"meta-nav\">&rarr;<\/span><\/a><\/p>\n","protected":false},"author":188,"featured_media":159,"parent":19,"menu_order":0,"comment_status":"closed","ping_status":"closed","template":"","meta":{"_acf_changed":false,"footnotes":""},"class_list":["post-20","page","type-page","status-publish","has-post-thumbnail","hentry"],"acf":[],"_links":{"self":[{"href":"https:\/\/schule-wielandstrasse.hamburg.de\/index.php?rest_route=\/wp\/v2\/pages\/20","targetHints":{"allow":["GET"]}}],"collection":[{"href":"https:\/\/schule-wielandstrasse.hamburg.de\/index.php?rest_route=\/wp\/v2\/pages"}],"about":[{"href":"https:\/\/schule-wielandstrasse.hamburg.de\/index.php?rest_route=\/wp\/v2\/types\/page"}],"author":[{"embeddable":true,"href":"https:\/\/schule-wielandstrasse.hamburg.de\/index.php?rest_route=\/wp\/v2\/users\/188"}],"replies":[{"embeddable":true,"href":"https:\/\/schule-wielandstrasse.hamburg.de\/index.php?rest_route=%2Fwp%2Fv2%2Fcomments&post=20"}],"version-history":[{"count":14,"href":"https:\/\/schule-wielandstrasse.hamburg.de\/index.php?rest_route=\/wp\/v2\/pages\/20\/revisions"}],"predecessor-version":[{"id":9800,"href":"https:\/\/schule-wielandstrasse.hamburg.de\/index.php?rest_route=\/wp\/v2\/pages\/20\/revisions\/9800"}],"up":[{"embeddable":true,"href":"https:\/\/schule-wielandstrasse.hamburg.de\/index.php?rest_route=\/wp\/v2\/pages\/19"}],"wp:featuredmedia":[{"embeddable":true,"href":"https:\/\/schule-wielandstrasse.hamburg.de\/index.php?rest_route=\/wp\/v2\/media\/159"}],"wp:attachment":[{"href":"https:\/\/schule-wielandstrasse.hamburg.de\/index.php?rest_route=%2Fwp%2Fv2%2Fmedia&parent=20"}],"curies":[{"name":"wp","href":"https:\/\/api.w.org\/{rel}","templated":true}]}}