{"id":2239,"date":"2019-08-13T16:34:32","date_gmt":"2019-08-13T16:34:32","guid":{"rendered":"https:\/\/schule-wielandstrasse.hamburg.de\/?page_id=2239"},"modified":"2023-11-04T10:15:34","modified_gmt":"2023-11-04T10:15:34","slug":"bewegte-schule","status":"publish","type":"page","link":"https:\/\/schule-wielandstrasse.hamburg.de\/?page_id=2239","title":{"rendered":"bewegte Schule"},"content":{"rendered":"<p>Ab dem Schuljahr 2019\/20 d\u00fcrfen wir uns nun auch &#8222;bewegte Schule&#8220; nennen. Kennzeichnend f\u00fcr die Bewegte Schule ist ein Konzept der Bewegungsf\u00f6rderung. Dies beinhaltet u.a., dass die R\u00e4ume bewegungsfreundlich gestaltet sind und Bewegung in den sitzenden Unterricht integriert wird. In allen Klassenstufen werden pro Woche 2 Stunden Sportunterricht verpflichtend f\u00fcr alle Sch\u00fclerinnen und Sch\u00fcler erteilt. Der Sportunterricht wird auch in Vertretungsituationen ber\u00fccksichtigt.<\/p>\n<p><a href=\"https:\/\/schule-wielandstrasse.hamburg.de\/wp-content\/uploads\/sites\/121\/2019\/08\/Logo-Bewegte-Schule.jpg\" data-rel=\"lightbox\" data-rl_title=\"\" data-rl_caption=\"\" title=\"\"><img loading=\"lazy\" decoding=\"async\" class=\"alignnone size-full wp-image-2236\" src=\"https:\/\/schule-wielandstrasse.hamburg.de\/wp-content\/uploads\/sites\/121\/2019\/08\/Logo-Bewegte-Schule.jpg\" alt=\"\" width=\"200\" height=\"200\" srcset=\"https:\/\/schule-wielandstrasse.hamburg.de\/wp-content\/uploads\/sites\/121\/2019\/08\/Logo-Bewegte-Schule.jpg 200w, https:\/\/schule-wielandstrasse.hamburg.de\/wp-content\/uploads\/sites\/121\/2019\/08\/Logo-Bewegte-Schule-150x150.jpg 150w\" sizes=\"auto, (max-width: 200px) 100vw, 200px\" \/><\/a><br \/>\nDes weiteren nehmen unsere Sch\u00fcler und Sch\u00fclerinnen an au\u00dferschulischen sportlichen Veranstaltung in der Region teil. F\u00fcr die Jahrg\u00e4nge 1 &nbsp;und 2 sind dies zum Beispiel der Crosslauf, f\u00fcr die Jahrg\u00e4nge 3 und 4 der Leichtathletik-Teamwettbewerb und der Triathlon. Jedes Jahr findet zus\u00e4tzlich ein gemeinsames schulinternes Event statt, wie der Fu\u00dfball Cup oder das Sportspektakel.<br \/>\nAm Nachmittag bieten wir, zusammen mit unserem Kooperationspartner, ein vielf\u00e4ltiges sportliches Programm an. Es gibt feste Kurse, wie zum Beispiel Minivolleyball, Der Bewegung macht Spa\u00dfkurs oder die Talentgruppe. Diese Kurse werden am Anfang eines jeden Halbjahres gew\u00e4hlt. Aber es gibt auch offene Gruppen wo ein Einstieg jederzeit m\u00f6glich ist.<\/p>\n<p>Weitere Informationen auch unter&nbsp;<\/p>\n<p><a href=\"https:\/\/schule-wielandstrasse.hamburg.de\/?p=1343\">Sportkurse<\/a><\/p>\n<p><a href=\"https:\/\/schule-wielandstrasse.hamburg.de\/?p=2595\">Kletterpause&nbsp;<\/a><\/p>\n<p><a href=\"https:\/\/schule-wielandstrasse.hamburg.de\/?p=2594\">Wir bewegen <\/a><\/p>\n<p>&nbsp;<\/p>\n","protected":false},"excerpt":{"rendered":"<p>Ab dem Schuljahr 2019\/20 d\u00fcrfen wir uns nun auch &#8222;bewegte Schule&#8220; nennen. Kennzeichnend f\u00fcr die Bewegte Schule ist ein Konzept der Bewegungsf\u00f6rderung. Dies beinhaltet u.a., dass die R\u00e4ume bewegungsfreundlich gestaltet sind und Bewegung in den sitzenden Unterricht integriert wird. In allen Klassenstufen werden pro Woche 2 Stunden Sportunterricht verpflichtend f\u00fcr alle Sch\u00fclerinnen und Sch\u00fcler erteilt. &hellip; <a href=\"https:\/\/schule-wielandstrasse.hamburg.de\/?page_id=2239\" class=\"more-link\"><span class=\"screen-reader-text\">bewegte Schule<\/span> weiterlesen <span class=\"meta-nav\">&rarr;<\/span><\/a><\/p>\n","protected":false},"author":188,"featured_media":2170,"parent":0,"menu_order":0,"comment_status":"closed","ping_status":"closed","template":"","meta":{"_acf_changed":false,"footnotes":""},"class_list":["post-2239","page","type-page","status-publish","has-post-thumbnail","hentry"],"acf":[],"_links":{"self":[{"href":"https:\/\/schule-wielandstrasse.hamburg.de\/index.php?rest_route=\/wp\/v2\/pages\/2239","targetHints":{"allow":["GET"]}}],"collection":[{"href":"https:\/\/schule-wielandstrasse.hamburg.de\/index.php?rest_route=\/wp\/v2\/pages"}],"about":[{"href":"https:\/\/schule-wielandstrasse.hamburg.de\/index.php?rest_route=\/wp\/v2\/types\/page"}],"author":[{"embeddable":true,"href":"https:\/\/schule-wielandstrasse.hamburg.de\/index.php?rest_route=\/wp\/v2\/users\/188"}],"replies":[{"embeddable":true,"href":"https:\/\/schule-wielandstrasse.hamburg.de\/index.php?rest_route=%2Fwp%2Fv2%2Fcomments&post=2239"}],"version-history":[{"count":5,"href":"https:\/\/schule-wielandstrasse.hamburg.de\/index.php?rest_route=\/wp\/v2\/pages\/2239\/revisions"}],"predecessor-version":[{"id":8269,"href":"https:\/\/schule-wielandstrasse.hamburg.de\/index.php?rest_route=\/wp\/v2\/pages\/2239\/revisions\/8269"}],"wp:featuredmedia":[{"embeddable":true,"href":"https:\/\/schule-wielandstrasse.hamburg.de\/index.php?rest_route=\/wp\/v2\/media\/2170"}],"wp:attachment":[{"href":"https:\/\/schule-wielandstrasse.hamburg.de\/index.php?rest_route=%2Fwp%2Fv2%2Fmedia&parent=2239"}],"curies":[{"name":"wp","href":"https:\/\/api.w.org\/{rel}","templated":true}]}}