{"id":283,"date":"2015-08-17T15:39:37","date_gmt":"2015-08-17T15:39:37","guid":{"rendered":"http:\/\/schule-wielandstrasse.schulhomepages.hamburg.de\/?page_id=283"},"modified":"2025-02-20T16:40:02","modified_gmt":"2025-02-20T16:40:02","slug":"gbs-bildung-und-betreuung","status":"publish","type":"page","link":"https:\/\/schule-wielandstrasse.hamburg.de\/?page_id=283","title":{"rendered":"GBS (Bildung und Betreuung)"},"content":{"rendered":"<div class=\"maintext\">\n<p>Ab dem Schuljahr 13\/14&nbsp;startete die ganzt\u00e4gige&nbsp;Bildung und Betreuung unserer&nbsp;Sch\u00fclerinnen. Den ganzen Tag \u00fcber erhalten unsere Sch\u00fcler neben dem Unterricht auch eine hochwertige Bildung und Betreuung (GBS). Zusammen mit unserem Kooperationspartner &#8222;casa de Moloon&#8220; stehen wir f\u00fcr&nbsp;Bildung und Verl\u00e4sslichkeit.<br \/>\nDie Sch\u00fcler erhalten sinnvolle und anspruchsvolle zus\u00e4tzlichen Angeboten sowie eine anregende Freizeitgestaltung. F\u00fcr alle Ganztagsschulen gilt: Die Ganztagsschule ist von 8 bis 16 Uhr immer kostenlos (Ausnahme Vorschulklasse). An den meisten Schulen wird es auch ein Betreuungsangebot vor 8 Uhr, f\u00fcr die Sp\u00e4tstunden nach 16 Uhr und f\u00fcr die Ferienbetreuung geben. Die Geb\u00fchren&nbsp;hierf\u00fcr werden gestaffelt nach dem Einkommen erhoben.&nbsp;Der Preis f\u00fcr das Mittagessen ist ebenso sozial gestaffelt.<\/p>\n<p><a href=\"https:\/\/schule-wielandstrasse.hamburg.de\/wp-content\/uploads\/sites\/121\/2024\/02\/Bildschirmfoto-2024-02-06-um-18.26.12.png\" data-rel=\"lightbox\" data-rl_title=\"\" data-rl_caption=\"\" title=\"\"><img loading=\"lazy\" decoding=\"async\" class=\"alignnone size-large wp-image-8584\" src=\"https:\/\/schule-wielandstrasse.hamburg.de\/wp-content\/uploads\/sites\/121\/2024\/02\/Bildschirmfoto-2024-02-06-um-18.26.12-1024x772.png\" alt=\"\" width=\"474\" height=\"357\"><\/a><\/p>\n<\/div>\n<h3>Alle Formulare f\u00fcr den Ganztag<\/h3>\n<p>Hier finden Sie alle Formulare f\u00fcr die Anmeldung im Ganztag sowie Geb\u00fchrenrechner:<\/p>\n<p><a href=\"https:\/\/schule-wielandstrasse.hamburg.de\/wp-content\/uploads\/sites\/121\/2025\/02\/Brief-Anmeldung-GBS-1.pdf\">Brief Anmeldung GBS<\/a><\/p>\n<p><a href=\"https:\/\/schule-wielandstrasse.hamburg.de\/wp-content\/uploads\/sites\/121\/2025\/02\/Anlage-1.pdf\">Anlage 1<\/a><br \/>\n<!--more--><\/p>\n<p>Flyer casa &nbsp;de moloon <a href=\"https:\/\/schule-wielandstrasse.hamburg.de\/wp-content\/uploads\/sites\/121\/2023\/11\/Flyer-2024.pdf\">Flyer 2024<\/a><\/p>\n<h5><a href=\"http:\/\/www.hamburg.de\/infos-fuer-eltern\/3372062\/anmeldung.html\">Anmeldung f\u00fcr die Ganztagsschule<\/a><\/h5>\n<h5><a href=\"https:\/\/schule-wielandstrasse.hamburg.de\/wp-content\/uploads\/sites\/121\/2015\/08\/Poster-Schulen_GBS-GTS_20120410-Grundschule.pdf\">Geb\u00fchren f\u00fcr die GBS<\/a><\/h5>\n<h5><a href=\"https:\/\/schule-wielandstrasse.hamburg.de\/wp-content\/uploads\/sites\/121\/2015\/08\/Poster-Schulen_GBS-GTS_20120410-VSK.pdf\">Geb\u00fchren f\u00fcr die Vorschule<\/a><\/h5>\n<h5><a href=\"https:\/\/schule-wielandstrasse.hamburg.de\/wp-content\/uploads\/sites\/121\/2015\/08\/Poster-Schulen_GBS-GTS_20120413-Geb-hren_neu.pdf\">Geb\u00fchren ohne Erm\u00e4\u00dfigung<\/a><\/h5>\n<h5><a href=\"https:\/\/schule-wielandstrasse.hamburg.de\/wp-content\/uploads\/sites\/121\/2015\/08\/info-flyer-zu-gbs.pdf\">Flyer zur GBS<\/a><\/h5>\n","protected":false},"excerpt":{"rendered":"<p>Ab dem Schuljahr 13\/14&nbsp;startete die ganzt\u00e4gige&nbsp;Bildung und Betreuung unserer&nbsp;Sch\u00fclerinnen. Den ganzen Tag \u00fcber erhalten unsere Sch\u00fcler neben dem Unterricht auch eine hochwertige Bildung und Betreuung (GBS). Zusammen mit unserem Kooperationspartner &#8222;casa de Moloon&#8220; stehen wir f\u00fcr&nbsp;Bildung und Verl\u00e4sslichkeit. Die Sch\u00fcler erhalten sinnvolle und anspruchsvolle zus\u00e4tzlichen Angeboten sowie eine anregende Freizeitgestaltung. F\u00fcr alle Ganztagsschulen gilt: Die &hellip; <a href=\"https:\/\/schule-wielandstrasse.hamburg.de\/?page_id=283\" class=\"more-link\"><span class=\"screen-reader-text\">GBS (Bildung und Betreuung)<\/span> weiterlesen <span class=\"meta-nav\">&rarr;<\/span><\/a><\/p>\n","protected":false},"author":188,"featured_media":284,"parent":0,"menu_order":0,"comment_status":"closed","ping_status":"closed","template":"","meta":{"_acf_changed":false,"footnotes":""},"class_list":["post-283","page","type-page","status-publish","has-post-thumbnail","hentry"],"acf":[],"_links":{"self":[{"href":"https:\/\/schule-wielandstrasse.hamburg.de\/index.php?rest_route=\/wp\/v2\/pages\/283","targetHints":{"allow":["GET"]}}],"collection":[{"href":"https:\/\/schule-wielandstrasse.hamburg.de\/index.php?rest_route=\/wp\/v2\/pages"}],"about":[{"href":"https:\/\/schule-wielandstrasse.hamburg.de\/index.php?rest_route=\/wp\/v2\/types\/page"}],"author":[{"embeddable":true,"href":"https:\/\/schule-wielandstrasse.hamburg.de\/index.php?rest_route=\/wp\/v2\/users\/188"}],"replies":[{"embeddable":true,"href":"https:\/\/schule-wielandstrasse.hamburg.de\/index.php?rest_route=%2Fwp%2Fv2%2Fcomments&post=283"}],"version-history":[{"count":6,"href":"https:\/\/schule-wielandstrasse.hamburg.de\/index.php?rest_route=\/wp\/v2\/pages\/283\/revisions"}],"predecessor-version":[{"id":9899,"href":"https:\/\/schule-wielandstrasse.hamburg.de\/index.php?rest_route=\/wp\/v2\/pages\/283\/revisions\/9899"}],"wp:featuredmedia":[{"embeddable":true,"href":"https:\/\/schule-wielandstrasse.hamburg.de\/index.php?rest_route=\/wp\/v2\/media\/284"}],"wp:attachment":[{"href":"https:\/\/schule-wielandstrasse.hamburg.de\/index.php?rest_route=%2Fwp%2Fv2%2Fmedia&parent=283"}],"curies":[{"name":"wp","href":"https:\/\/api.w.org\/{rel}","templated":true}]}}