{"id":437,"date":"2015-08-22T15:31:26","date_gmt":"2015-08-22T15:31:26","guid":{"rendered":"http:\/\/schule-wielandstrasse.schulhomepages.hamburg.de\/?page_id=437"},"modified":"2017-12-29T18:37:44","modified_gmt":"2017-12-29T18:37:44","slug":"verkehrserziehung","status":"publish","type":"page","link":"https:\/\/schule-wielandstrasse.hamburg.de\/?page_id=437","title":{"rendered":"Verkehrserziehung"},"content":{"rendered":"<p>In der ersten und zweiten Klasse lernen die Kinder wie man eine Stra\u00dfe sicher \u00fcberquert oder was einzelne Verkehrsschilder bedeuten.\u00a0In der dritten Klasse trainieren die Kinder richtiges Fahrrad fahren und einfache Vorfahrtsregeln.\u00a0In der vierten Klasse ist das gro\u00dfe Ziel der Fahrradf\u00fchrerschein. Hierf\u00fcr lernen die Kinder in Theorie und Praxis. \u00a0Zuerst werden die Fahrr\u00e4der auf Verkehrstauglichkeit gepr\u00fcft (Aufkleber), dann folgen erste Fahr- und Brems\u00fcbungen auf dem Schulhof. Danach geht es eine knappe Stunde quer durch Eilbek, um alle m\u00f6glichen Verkehrs-Situationen zu erproben: Fahrradweg, Stra\u00dfe, Ampel, gro\u00dfe Kreuzungen, Zebrastreifen und Fu\u00dfg\u00e4ngerweg. Ein Elternteil begleitet die kleinen Gruppen mit bis zu 9 Sch\u00fclerInnen stets, um nach hinten abzusichern.<\/p>\n<p><a href=\"https:\/\/schule-wielandstrasse.hamburg.de\/wp-content\/uploads\/sites\/121\/2015\/08\/3-R-ckmeldung-Radfahrpass-Dez-2007.pdf\">R\u00fcckmeldung zum Fahrradpass<\/a><\/p>\n<p><a href=\"https:\/\/schule-wielandstrasse.hamburg.de\/wp-content\/uploads\/sites\/121\/2015\/08\/Informationen-zur-Fahrradausbildung-von-der-Polizei.pdf\">Informationen zur Fahrradausbildung von der Polizei<\/a><\/p>\n<p><a href=\"https:\/\/schule-wielandstrasse.hamburg.de\/wp-content\/uploads\/sites\/121\/2015\/08\/Informationen-zur-\u00dcbungsfahrt-im-Stra\u00dfenverkehr.pdf\">Informationen zur \u00dcbungsfahrt im Stra\u00dfenverkehr<\/a><\/p>\n","protected":false},"excerpt":{"rendered":"<p>In der ersten und zweiten Klasse lernen die Kinder wie man eine Stra\u00dfe sicher \u00fcberquert oder was einzelne Verkehrsschilder bedeuten.\u00a0In der dritten Klasse trainieren die Kinder richtiges Fahrrad fahren und einfache Vorfahrtsregeln.\u00a0In der vierten Klasse ist das gro\u00dfe Ziel der Fahrradf\u00fchrerschein. Hierf\u00fcr lernen die Kinder in Theorie und Praxis. \u00a0Zuerst werden die Fahrr\u00e4der auf Verkehrstauglichkeit &hellip; <a href=\"https:\/\/schule-wielandstrasse.hamburg.de\/?page_id=437\" class=\"more-link\"><span class=\"screen-reader-text\">Verkehrserziehung<\/span> weiterlesen <span class=\"meta-nav\">&rarr;<\/span><\/a><\/p>\n","protected":false},"author":188,"featured_media":443,"parent":0,"menu_order":0,"comment_status":"closed","ping_status":"open","template":"","meta":{"_acf_changed":false,"footnotes":""},"class_list":["post-437","page","type-page","status-publish","has-post-thumbnail","hentry"],"acf":[],"_links":{"self":[{"href":"https:\/\/schule-wielandstrasse.hamburg.de\/index.php?rest_route=\/wp\/v2\/pages\/437","targetHints":{"allow":["GET"]}}],"collection":[{"href":"https:\/\/schule-wielandstrasse.hamburg.de\/index.php?rest_route=\/wp\/v2\/pages"}],"about":[{"href":"https:\/\/schule-wielandstrasse.hamburg.de\/index.php?rest_route=\/wp\/v2\/types\/page"}],"author":[{"embeddable":true,"href":"https:\/\/schule-wielandstrasse.hamburg.de\/index.php?rest_route=\/wp\/v2\/users\/188"}],"replies":[{"embeddable":true,"href":"https:\/\/schule-wielandstrasse.hamburg.de\/index.php?rest_route=%2Fwp%2Fv2%2Fcomments&post=437"}],"version-history":[{"count":0,"href":"https:\/\/schule-wielandstrasse.hamburg.de\/index.php?rest_route=\/wp\/v2\/pages\/437\/revisions"}],"wp:featuredmedia":[{"embeddable":true,"href":"https:\/\/schule-wielandstrasse.hamburg.de\/index.php?rest_route=\/wp\/v2\/media\/443"}],"wp:attachment":[{"href":"https:\/\/schule-wielandstrasse.hamburg.de\/index.php?rest_route=%2Fwp%2Fv2%2Fmedia&parent=437"}],"curies":[{"name":"wp","href":"https:\/\/api.w.org\/{rel}","templated":true}]}}