{"id":4387,"date":"2021-10-12T22:02:02","date_gmt":"2021-10-12T22:02:02","guid":{"rendered":"https:\/\/schule-wielandstrasse.hamburg.de\/?page_id=4387"},"modified":"2024-10-15T17:05:13","modified_gmt":"2024-10-15T17:05:13","slug":"vorstellung-der-45-jaehrigen","status":"publish","type":"page","link":"https:\/\/schule-wielandstrasse.hamburg.de\/?page_id=4387","title":{"rendered":"Vorstellung der 4,5-j\u00e4hrigen"},"content":{"rendered":"<p>Die Vorstellung der Viereinhalbj\u00e4hrigen ist ein wichtiges Bindeglied beim \u00dcbergang von der Kita in die Schule. Die Einladung zur Viereinhalbj\u00e4hrigen-Untersuchung erhalten Sie von der zust\u00e4ndigen Grundschule. Die Vorstellung Ihres Kindes in der Schule ist verpflichtend.<\/p>\n<p><a href=\"https:\/\/schule-wielandstrasse.hamburg.de\/wp-content\/uploads\/sites\/121\/2021\/10\/gemeinsamBM-Kopie.jpg\" data-rel=\"lightbox\" data-rl_title=\"\" data-rl_caption=\"\" title=\"\"><img loading=\"lazy\" decoding=\"async\" class=\"alignnone size-full wp-image-4394\" src=\"https:\/\/schule-wielandstrasse.hamburg.de\/wp-content\/uploads\/sites\/121\/2021\/10\/gemeinsamBM-Kopie.jpg\" alt=\"\" width=\"1000\" height=\"450\" srcset=\"https:\/\/schule-wielandstrasse.hamburg.de\/wp-content\/uploads\/sites\/121\/2021\/10\/gemeinsamBM-Kopie.jpg 1000w, https:\/\/schule-wielandstrasse.hamburg.de\/wp-content\/uploads\/sites\/121\/2021\/10\/gemeinsamBM-Kopie-300x135.jpg 300w, https:\/\/schule-wielandstrasse.hamburg.de\/wp-content\/uploads\/sites\/121\/2021\/10\/gemeinsamBM-Kopie-768x346.jpg 768w\" sizes=\"auto, (max-width: 1000px) 100vw, 1000px\" \/><\/a><\/p>\n<div>\n<p><strong>Der Anmeldezeitraum f\u00fcr die Anmeldung in einer Vorschulklasse f\u00fcr das Schuljahr 2025\/2026 findet in der Zeit vom 01. November 2024 bis 26.01.2025 statt. Die Vorstellung in der Schule erfolgt bis zum 19.01.2025.<\/strong><\/p>\n<\/div>\n<div>\n<p><strong><u>Wie l\u00e4uft der Vorstellungstermin ab?<\/u><\/strong><\/p>\n<\/div>\n<div>\n<p>1. Vorgestellt werden alle Kinder, die im Zeitraum vom 02.07.2019 bis zum 01.07.2020 geboren worden sind.<\/p>\n<\/div>\n<div>\n<p>2. Sie erhalten im Oktober automatisch von der listenf\u00fchrenden Schule eine Einladung zur Vorstellung Ihres Kindes in der Schule.<\/p>\n<\/div>\n<div>\n<p>Anmeldung 1. Klasse und Vorschule<\/p>\n<\/div>\n<div>\n<p><strong>Der Anmeldezeitraum ist:<\/strong><\/p>\n<\/div>\n<div>\n<p>f\u00fcr die Vorschulklasse: vom 6. November 2024 bis 24.01.2025<\/p>\n<\/div>\n<div>\n<p>f\u00fcr die ersten Klassen: vom 06.01.2025 bis 24.01.2025<\/p>\n<\/div>\n<div>\n<p>* \u00dcberlegen Sie Ihr Kind vorzeitig einschulen zu lassen?<\/p>\n<\/div>\n<p><strong><u>&nbsp;Wie l\u00e4uft der Vorstellungstermin ab?<\/u><\/strong><\/p>\n<p>1. Vorgestellt werden alle Kinder, die im Zeitraum vom 02.07.2017 bis zum 01.07.2018 geboren worden sind.<\/p>\n<p>2. Sie erhalten nach den Oktober-Ferien automatisch von der listenf\u00fchrenden Schule eine Einladung mit einem Terminvorschlag, an welchen Sie mit Ihrem Kind zur Vorstellung in der Schule kommen.<\/p>\n<p>Wenn Sie den Termin nicht wahrnehmen k\u00f6nnen, melden Sie sich bitte rechtzeitig im Schulb\u00fcro &nbsp;per mail<br \/>\n(<a href=\"mailto:schule-wielandstrasse@bsb.hamburg.de\">schule-wielandstrasse@bsb.hamburg.de<\/a>) oder telefonisch unter (040)4288618-0<\/p>\n<p><strong><u>&nbsp;<\/u><\/strong>&nbsp; &nbsp; &nbsp; &nbsp; &nbsp; &nbsp; &nbsp; &nbsp; &nbsp; &nbsp; &nbsp; &nbsp; &nbsp; &nbsp; &nbsp;3. F\u00fcr das Gespr\u00e4ch ben\u00f6tigen wir:<\/p>\n<ul>\n<li>Die Geburtsurkunde <em>oder<\/em> den Geburtsschein <em>oder<\/em> die Abstammungsurkunde des Kindes <em>oder <\/em>einen Auszug aus dem Familienbuch<\/li>\n<li>Personalausweis oder Pass<\/li>\n<li>Ggf. den Gerichtsentscheid \u00fcber die Regelung der elterlichen Sorge<\/li>\n<li>Das gelbe Vorsorgeheft mit der Bescheinigung \u00fcber die U8 oder die U9 oder eine Bescheinigung des Hausarztes<\/li>\n<li>den Impfausweis Ihres Kindes (Masernschutzimpfung)<\/li>\n<li>Wenn Sie einverstanden sind, Information der KITA \u00fcber den Entwicklungsstand Ihres Kindes.<\/li>\n<\/ul>\n<p><strong>&nbsp;<\/strong><strong><u>Was passiert bei der Vorstellung?<\/u><\/strong><\/p>\n<p>Sie melden sich und Ihr Kind im Schulb\u00fcro an. Bringen Sie hierf\u00fcr die o.g. Unterlagen im Original mit.<\/p>\n<p>Nach der Anmeldung werden unsere geschulten Kolleginnen \/ Kollegen mit Ihrem Kind einige \u00dcbungen und Spiele durchf\u00fchren. Ihr Kind wird z. B. etwas malen und kneten, etwas ausschneiden und zeigen, was es schon alles kann.<\/p>\n<p>Sie sind mit dabei und werden im Anschluss kurz beraten. Hier k\u00f6nnen Sie auch gerne die Anmeldung f\u00fcr unsere Vorschule abgeben.<\/p>\n<p>Wenn ihr Kind noch nicht so gut Deutsch spricht, wird es in die Vorschule aufgenommen. Hier wird Ihr Kind bis zur Einschulung verst\u00e4rkt die deutsche Sprache lernen, damit es gut vorbereitet in die 1. Klasse starten kann.<\/p>\n<p><strong><em>Wichtiger Hinweis:&nbsp; &nbsp; &nbsp; &nbsp; &nbsp; &nbsp; &nbsp; &nbsp; &nbsp; &nbsp; &nbsp; &nbsp; &nbsp; &nbsp; &nbsp; &nbsp; &nbsp; &nbsp; &nbsp; &nbsp; &nbsp; &nbsp; &nbsp; &nbsp; &nbsp; &nbsp; &nbsp; &nbsp; &nbsp; &nbsp; &nbsp; &nbsp; &nbsp; &nbsp; &nbsp; &nbsp; &nbsp; &nbsp; &nbsp; &nbsp; &nbsp; &nbsp; &nbsp; &nbsp; &nbsp; &nbsp; &nbsp; &nbsp; &nbsp; &nbsp; &nbsp; &nbsp; &nbsp; &nbsp; &nbsp; &nbsp; &nbsp; <\/em><\/strong><em>Der Besuch unserer Vorschule bedeutet nicht automatisch, dass das Kind bei uns auch eingeschult wird.<\/em><\/p>\n<p>Weitere Informationen erhalten Sie auch auf folgender Website:<\/p>\n<p><a href=\"https:\/\/www.hamburg.de\/politik-und-verwaltung\/behoerden\/schulbehoerde\/schulen\/vorschule\">https:\/\/www.hamburg.de\/politik-und-verwaltung\/behoerden\/schulbehoerde\/schulen\/vorschule<\/a><\/p>\n<p><a href=\"https:\/\/www.hamburg.de\/einschulung\/\">https:\/\/www.hamburg.de\/einschulung\/<\/a><\/p>\n","protected":false},"excerpt":{"rendered":"<p>Die Vorstellung der Viereinhalbj\u00e4hrigen ist ein wichtiges Bindeglied beim \u00dcbergang von der Kita in die Schule. Die Einladung zur Viereinhalbj\u00e4hrigen-Untersuchung erhalten Sie von der zust\u00e4ndigen Grundschule. Die Vorstellung Ihres Kindes in der Schule ist verpflichtend. Der Anmeldezeitraum f\u00fcr die Anmeldung in einer Vorschulklasse f\u00fcr das Schuljahr 2025\/2026 findet in der Zeit vom 01. November 2024 &hellip; <a href=\"https:\/\/schule-wielandstrasse.hamburg.de\/?page_id=4387\" class=\"more-link\"><span class=\"screen-reader-text\">Vorstellung der 4,5-j\u00e4hrigen<\/span> weiterlesen <span class=\"meta-nav\">&rarr;<\/span><\/a><\/p>\n","protected":false},"author":188,"featured_media":0,"parent":0,"menu_order":0,"comment_status":"closed","ping_status":"closed","template":"","meta":{"_acf_changed":false,"footnotes":""},"class_list":["post-4387","page","type-page","status-publish","hentry"],"acf":[],"_links":{"self":[{"href":"https:\/\/schule-wielandstrasse.hamburg.de\/index.php?rest_route=\/wp\/v2\/pages\/4387","targetHints":{"allow":["GET"]}}],"collection":[{"href":"https:\/\/schule-wielandstrasse.hamburg.de\/index.php?rest_route=\/wp\/v2\/pages"}],"about":[{"href":"https:\/\/schule-wielandstrasse.hamburg.de\/index.php?rest_route=\/wp\/v2\/types\/page"}],"author":[{"embeddable":true,"href":"https:\/\/schule-wielandstrasse.hamburg.de\/index.php?rest_route=\/wp\/v2\/users\/188"}],"replies":[{"embeddable":true,"href":"https:\/\/schule-wielandstrasse.hamburg.de\/index.php?rest_route=%2Fwp%2Fv2%2Fcomments&post=4387"}],"version-history":[{"count":9,"href":"https:\/\/schule-wielandstrasse.hamburg.de\/index.php?rest_route=\/wp\/v2\/pages\/4387\/revisions"}],"predecessor-version":[{"id":9517,"href":"https:\/\/schule-wielandstrasse.hamburg.de\/index.php?rest_route=\/wp\/v2\/pages\/4387\/revisions\/9517"}],"wp:attachment":[{"href":"https:\/\/schule-wielandstrasse.hamburg.de\/index.php?rest_route=%2Fwp%2Fv2%2Fmedia&parent=4387"}],"curies":[{"name":"wp","href":"https:\/\/api.w.org\/{rel}","templated":true}]}}