{"id":4532,"date":"2021-12-01T14:48:11","date_gmt":"2021-12-01T14:48:11","guid":{"rendered":"https:\/\/schule-wielandstrasse.hamburg.de\/?page_id=4532"},"modified":"2023-10-08T13:50:55","modified_gmt":"2023-10-08T13:50:55","slug":"foerderkonzept","status":"publish","type":"page","link":"https:\/\/schule-wielandstrasse.hamburg.de\/?page_id=4532","title":{"rendered":"F\u00f6rderkonzept"},"content":{"rendered":"<p>Sehr geehrte Eltern,<\/p>\n<p>hier k\u00f6nnen Sie sich \u00fcber das F\u00f6rderkonzept der Schule Wielandstra\u00dfe informieren:<\/p>\n<p><a href=\"https:\/\/schule-wielandstrasse.hamburg.de\/wp-content\/uploads\/sites\/121\/2023\/10\/Foerderkonzept-Wielandstrasse-17.05.2021.pdf\">F\u00f6rderkonzept Wielandstra\u00dfe 17.05.2021<\/a><\/p>\n","protected":false},"excerpt":{"rendered":"<p>Sehr geehrte Eltern, hier k\u00f6nnen Sie sich \u00fcber das F\u00f6rderkonzept der Schule Wielandstra\u00dfe informieren: F\u00f6rderkonzept Wielandstra\u00dfe 17.05.2021<\/p>\n","protected":false},"author":188,"featured_media":2212,"parent":0,"menu_order":0,"comment_status":"closed","ping_status":"closed","template":"","meta":{"_acf_changed":false,"footnotes":""},"class_list":["post-4532","page","type-page","status-publish","has-post-thumbnail","hentry"],"acf":[],"_links":{"self":[{"href":"https:\/\/schule-wielandstrasse.hamburg.de\/index.php?rest_route=\/wp\/v2\/pages\/4532","targetHints":{"allow":["GET"]}}],"collection":[{"href":"https:\/\/schule-wielandstrasse.hamburg.de\/index.php?rest_route=\/wp\/v2\/pages"}],"about":[{"href":"https:\/\/schule-wielandstrasse.hamburg.de\/index.php?rest_route=\/wp\/v2\/types\/page"}],"author":[{"embeddable":true,"href":"https:\/\/schule-wielandstrasse.hamburg.de\/index.php?rest_route=\/wp\/v2\/users\/188"}],"replies":[{"embeddable":true,"href":"https:\/\/schule-wielandstrasse.hamburg.de\/index.php?rest_route=%2Fwp%2Fv2%2Fcomments&post=4532"}],"version-history":[{"count":3,"href":"https:\/\/schule-wielandstrasse.hamburg.de\/index.php?rest_route=\/wp\/v2\/pages\/4532\/revisions"}],"predecessor-version":[{"id":8232,"href":"https:\/\/schule-wielandstrasse.hamburg.de\/index.php?rest_route=\/wp\/v2\/pages\/4532\/revisions\/8232"}],"wp:featuredmedia":[{"embeddable":true,"href":"https:\/\/schule-wielandstrasse.hamburg.de\/index.php?rest_route=\/wp\/v2\/media\/2212"}],"wp:attachment":[{"href":"https:\/\/schule-wielandstrasse.hamburg.de\/index.php?rest_route=%2Fwp%2Fv2%2Fmedia&parent=4532"}],"curies":[{"name":"wp","href":"https:\/\/api.w.org\/{rel}","templated":true}]}}