{"id":46,"date":"2015-02-28T12:57:19","date_gmt":"2015-02-28T12:57:19","guid":{"rendered":"http:\/\/schule-wielandstrasse.schulhomepages.hamburg.de\/?page_id=46"},"modified":"2022-11-06T10:09:23","modified_gmt":"2022-11-06T10:09:23","slug":"so-finden-sie-uns","status":"publish","type":"page","link":"https:\/\/schule-wielandstrasse.hamburg.de\/?page_id=46","title":{"rendered":"So finden sie uns"},"content":{"rendered":"<h1>Ihr Weg zur Wielandschule<\/h1>\n<div class=\"maintext\">Wielandstra\u00dfe 9, 22089 Hamburg<br \/>\nTel. (040)4288618-0; Fax: 4288618-22<\/div>\n<div class=\"maintext\">E-mail:<a href=\"mailto:schule-wielandstrasse@bsb.hamburg.de\">schule-wielandstrasse@bsb.hamburg.de<\/a><\/div>\n<div class=\"maintext\">\n<p>&nbsp;<\/p>\n<p>Die Schule Wielandstra\u00dfe liegt in Eilbek,&nbsp;mitten im &#8222;Dichterviertel&#8220;. Sie liegt umringt von der Wielandstra\u00dfe, Schellingstra\u00dfe und der Kantstra\u00dfe. Der Haupteingang befindet sich in der Wielandstra\u00dfe.<\/p>\n<p>Unsere Schule ist mit \u00f6ffentlichen Verkehrsmitteln aus allen Teilen der Stadt zu erreichen (U1, S1, Buslinien 35, 261 und 213). Die n\u00e4chst gelegenen Haltestellen sind:<\/p>\n<table border=\"0\">\n<tbody>\n<tr>\n<td>S1\/U1<\/td>\n<td>Wandsbeker Chaussee<\/td>\n<td>ca. 6 min. Fu\u00dfweg<\/td>\n<\/tr>\n<tr>\n<td>U1<\/td>\n<td>Ritterstra\u00dfe<\/td>\n<td>ca. 4 min. Fu\u00dfweg<\/td>\n<\/tr>\n<tr>\n<td>Bus 261<\/td>\n<td>Maxstra\u00dfe<\/td>\n<td>ca. 5 min. Fu\u00dfweg<\/td>\n<\/tr>\n<tr>\n<td>Bus 213<\/td>\n<td>&nbsp;Kantstra\u00dfe<\/td>\n<td>ca. 1 min. Fu\u00dfweg<\/td>\n<\/tr>\n<tr>\n<td>Bus 35<\/td>\n<td>Wandsbeker Chaussee<\/td>\n<td>ca. 3 min. Fu\u00dfweg<\/td>\n<\/tr>\n<\/tbody>\n<\/table>\n<\/div>\n<p><iframe loading=\"lazy\" style=\"border: 0\" src=\"https:\/\/www.google.com\/maps\/embed?pb=!1m14!1m8!1m3!1d2369.3140791252404!2d10.054366!3d53.570010999999994!3m2!1i1024!2i768!4f13.1!3m3!1m2!1s0x47b18eadddbe9be7%3A0xc9f62859ea08322d!2sGrundschule+Wielandstra%C3%9Fe!5e0!3m2!1snl!2snl!4v1425128471743\" width=\"600\" height=\"450\" frameborder=\"0\"><\/iframe><\/p>\n","protected":false},"excerpt":{"rendered":"<p>Ihr Weg zur Wielandschule Wielandstra\u00dfe 9, 22089 Hamburg Tel. (040)4288618-0; Fax: 4288618-22 E-mail:schule-wielandstrasse@bsb.hamburg.de &nbsp; Die Schule Wielandstra\u00dfe liegt in Eilbek,&nbsp;mitten im &#8222;Dichterviertel&#8220;. Sie liegt umringt von der Wielandstra\u00dfe, Schellingstra\u00dfe und der Kantstra\u00dfe. Der Haupteingang befindet sich in der Wielandstra\u00dfe. Unsere Schule ist mit \u00f6ffentlichen Verkehrsmitteln aus allen Teilen der Stadt zu erreichen (U1, S1, Buslinien &hellip; <a href=\"https:\/\/schule-wielandstrasse.hamburg.de\/?page_id=46\" class=\"more-link\"><span class=\"screen-reader-text\">So finden sie uns<\/span> weiterlesen <span class=\"meta-nav\">&rarr;<\/span><\/a><\/p>\n","protected":false},"author":251,"featured_media":128,"parent":17,"menu_order":0,"comment_status":"closed","ping_status":"closed","template":"","meta":{"_acf_changed":false,"footnotes":""},"class_list":["post-46","page","type-page","status-publish","has-post-thumbnail","hentry"],"acf":[],"_links":{"self":[{"href":"https:\/\/schule-wielandstrasse.hamburg.de\/index.php?rest_route=\/wp\/v2\/pages\/46","targetHints":{"allow":["GET"]}}],"collection":[{"href":"https:\/\/schule-wielandstrasse.hamburg.de\/index.php?rest_route=\/wp\/v2\/pages"}],"about":[{"href":"https:\/\/schule-wielandstrasse.hamburg.de\/index.php?rest_route=\/wp\/v2\/types\/page"}],"author":[{"embeddable":true,"href":"https:\/\/schule-wielandstrasse.hamburg.de\/index.php?rest_route=\/wp\/v2\/users\/251"}],"replies":[{"embeddable":true,"href":"https:\/\/schule-wielandstrasse.hamburg.de\/index.php?rest_route=%2Fwp%2Fv2%2Fcomments&post=46"}],"version-history":[{"count":5,"href":"https:\/\/schule-wielandstrasse.hamburg.de\/index.php?rest_route=\/wp\/v2\/pages\/46\/revisions"}],"predecessor-version":[{"id":6826,"href":"https:\/\/schule-wielandstrasse.hamburg.de\/index.php?rest_route=\/wp\/v2\/pages\/46\/revisions\/6826"}],"up":[{"embeddable":true,"href":"https:\/\/schule-wielandstrasse.hamburg.de\/index.php?rest_route=\/wp\/v2\/pages\/17"}],"wp:featuredmedia":[{"embeddable":true,"href":"https:\/\/schule-wielandstrasse.hamburg.de\/index.php?rest_route=\/wp\/v2\/media\/128"}],"wp:attachment":[{"href":"https:\/\/schule-wielandstrasse.hamburg.de\/index.php?rest_route=%2Fwp%2Fv2%2Fmedia&parent=46"}],"curies":[{"name":"wp","href":"https:\/\/api.w.org\/{rel}","templated":true}]}}