{"id":5001,"date":"2022-05-08T19:22:29","date_gmt":"2022-05-08T19:22:29","guid":{"rendered":"https:\/\/schule-wielandstrasse.hamburg.de\/?page_id=5001"},"modified":"2022-05-08T19:22:29","modified_gmt":"2022-05-08T19:22:29","slug":"schachprojekt","status":"publish","type":"page","link":"https:\/\/schule-wielandstrasse.hamburg.de\/?page_id=5001","title":{"rendered":"Schachprojekt"},"content":{"rendered":"<p><strong>An der Schule spielt man Schach<\/strong><\/p>\n<p>Einige Sch\u00fclerInnen behandeln das k\u00f6nigliche Spiel im Rahmen des Mathematikunterrichts und in Vertretungsstunden. Damit aber alle Kinder Schach lernen und spielen k\u00f6nnen, haben wir eine Schachpause eingerichtet. Von Montag bis Freitag k\u00f6nnen unsere Sch\u00fclerInnen in der 1. Pause Schach spielen. Das k\u00f6nigliche Spiel ist gro\u00dfartig bei den Kindern angekommen.<\/p>\n<p>Zus\u00e4tzlich nehmen die Kinder an Schachturnieren teil.<\/p>\n<p><a href=\"https:\/\/schule-wielandstrasse.hamburg.de\/?p=4885\">Wieland \u2013 Schach \u2013 Cup<\/a><\/p>\n<p><a href=\"https:\/\/schule-wielandstrasse.hamburg.de\/?p=4987\">Unser erstes externes Schachturnier \u2013 mutige Wiel\u00e4nder voraus!<\/a><\/p>\n","protected":false},"excerpt":{"rendered":"<p>An der Schule spielt man Schach Einige Sch\u00fclerInnen behandeln das k\u00f6nigliche Spiel im Rahmen des Mathematikunterrichts und in Vertretungsstunden. Damit aber alle Kinder Schach lernen und spielen k\u00f6nnen, haben wir eine Schachpause eingerichtet. Von Montag bis Freitag k\u00f6nnen unsere Sch\u00fclerInnen in der 1. Pause Schach spielen. Das k\u00f6nigliche Spiel ist gro\u00dfartig bei den Kindern angekommen. &hellip; <a href=\"https:\/\/schule-wielandstrasse.hamburg.de\/?page_id=5001\" class=\"more-link\"><span class=\"screen-reader-text\">Schachprojekt<\/span> weiterlesen <span class=\"meta-nav\">&rarr;<\/span><\/a><\/p>\n","protected":false},"author":188,"featured_media":4997,"parent":0,"menu_order":0,"comment_status":"closed","ping_status":"closed","template":"","meta":{"_acf_changed":false,"footnotes":""},"class_list":["post-5001","page","type-page","status-publish","has-post-thumbnail","hentry"],"acf":[],"_links":{"self":[{"href":"https:\/\/schule-wielandstrasse.hamburg.de\/index.php?rest_route=\/wp\/v2\/pages\/5001","targetHints":{"allow":["GET"]}}],"collection":[{"href":"https:\/\/schule-wielandstrasse.hamburg.de\/index.php?rest_route=\/wp\/v2\/pages"}],"about":[{"href":"https:\/\/schule-wielandstrasse.hamburg.de\/index.php?rest_route=\/wp\/v2\/types\/page"}],"author":[{"embeddable":true,"href":"https:\/\/schule-wielandstrasse.hamburg.de\/index.php?rest_route=\/wp\/v2\/users\/188"}],"replies":[{"embeddable":true,"href":"https:\/\/schule-wielandstrasse.hamburg.de\/index.php?rest_route=%2Fwp%2Fv2%2Fcomments&post=5001"}],"version-history":[{"count":3,"href":"https:\/\/schule-wielandstrasse.hamburg.de\/index.php?rest_route=\/wp\/v2\/pages\/5001\/revisions"}],"predecessor-version":[{"id":5004,"href":"https:\/\/schule-wielandstrasse.hamburg.de\/index.php?rest_route=\/wp\/v2\/pages\/5001\/revisions\/5004"}],"wp:featuredmedia":[{"embeddable":true,"href":"https:\/\/schule-wielandstrasse.hamburg.de\/index.php?rest_route=\/wp\/v2\/media\/4997"}],"wp:attachment":[{"href":"https:\/\/schule-wielandstrasse.hamburg.de\/index.php?rest_route=%2Fwp%2Fv2%2Fmedia&parent=5001"}],"curies":[{"name":"wp","href":"https:\/\/api.w.org\/{rel}","templated":true}]}}