{"id":51,"date":"2015-02-28T14:01:20","date_gmt":"2015-02-28T14:01:20","guid":{"rendered":"http:\/\/schule-wielandstrasse.schulhomepages.hamburg.de\/?page_id=51"},"modified":"2025-11-08T17:24:25","modified_gmt":"2025-11-08T17:24:25","slug":"bilinguale-grundschule-wielandstrasse","status":"publish","type":"page","link":"https:\/\/schule-wielandstrasse.hamburg.de\/?page_id=51","title":{"rendered":"clases biling\u00fces"},"content":{"rendered":"<p>Unsere Schule erm\u00f6glicht bilinguales Lernen (deutsch-spanisch) in der Grundschule. Deutsch- und spanischsprachigen Kinder sowie Kindern aus binationalen Familien soll die M\u00f6glichkeit er\u00f6ffnet werden, vom ersten Schultag an gemeinsam die Sprache und die Kultur des jeweils anderen Landes kennen zu lernen. Die Kinder werden von deutschen und spanischen Grundschullehrkr\u00e4ften unterrichtet. F\u00fcr die bilingualen Klassen verantwortlich sind in diesem Schuljahr Sra. C\u00e1ceres, Sra. L\u00f3pez, Sra. \u00c1vila, Sra. Marquina sowie Sr. Infantes und Herr Fismer, Frau Heinrich, Frau Wolf, Frau Rodrigues, Frau Halbach und Frau Eller.<\/p>\n<p><strong>Anmeldung Bilinguale Klassen zum Schuljahr 2026\/27<\/strong><\/p>\n<p><a href=\"https:\/\/schule-wielandstrasse.hamburg.de\/wp-content\/uploads\/sites\/121\/2025\/10\/Bildschirmfoto-2025-10-15-um-18.23.29.png\" data-rel=\"lightbox\" data-rl_title=\"\" data-rl_caption=\"\" title=\"\"><img loading=\"lazy\" decoding=\"async\" class=\"alignnone size-large wp-image-10259\" src=\"https:\/\/schule-wielandstrasse.hamburg.de\/wp-content\/uploads\/sites\/121\/2025\/10\/Bildschirmfoto-2025-10-15-um-18.23.29-720x1024.png\" alt=\"\" width=\"474\" height=\"674\" srcset=\"https:\/\/schule-wielandstrasse.hamburg.de\/wp-content\/uploads\/sites\/121\/2025\/10\/Bildschirmfoto-2025-10-15-um-18.23.29-720x1024.png 720w, https:\/\/schule-wielandstrasse.hamburg.de\/wp-content\/uploads\/sites\/121\/2025\/10\/Bildschirmfoto-2025-10-15-um-18.23.29-211x300.png 211w, https:\/\/schule-wielandstrasse.hamburg.de\/wp-content\/uploads\/sites\/121\/2025\/10\/Bildschirmfoto-2025-10-15-um-18.23.29-768x1093.png 768w, https:\/\/schule-wielandstrasse.hamburg.de\/wp-content\/uploads\/sites\/121\/2025\/10\/Bildschirmfoto-2025-10-15-um-18.23.29-1080x1536.png 1080w, https:\/\/schule-wielandstrasse.hamburg.de\/wp-content\/uploads\/sites\/121\/2025\/10\/Bildschirmfoto-2025-10-15-um-18.23.29.png 1154w\" sizes=\"auto, (max-width: 474px) 100vw, 474px\" \/><\/a><\/p>\n<p>Unser Bilinguales Team:<\/p>\n<div id='gallery-1' class='gallery galleryid-51 gallery-columns-3 gallery-size-thumbnail'><figure class='gallery-item'>\n\t\t\t<div class='gallery-icon landscape'>\n\t\t\t\t<a href='https:\/\/schule-wielandstrasse.hamburg.de\/wp-content\/uploads\/sites\/121\/2020\/11\/bocadillo_Schaedlich.jpg' title=\"\" data-rl_title=\"\" class=\"rl-gallery-link\" data-rl_caption=\"\" data-rel=\"lightbox-gallery-1\"><img loading=\"lazy\" decoding=\"async\" width=\"150\" height=\"150\" src=\"https:\/\/schule-wielandstrasse.hamburg.de\/wp-content\/uploads\/sites\/121\/2020\/11\/bocadillo_Schaedlich-150x150.jpg\" class=\"attachment-thumbnail size-thumbnail\" alt=\"\" aria-describedby=\"gallery-1-3434\" \/><\/a>\n\t\t\t<\/div>\n\t\t\t\t<figcaption class='wp-caption-text gallery-caption' id='gallery-1-3434'>\n\t\t\t\tse\u00f1ora Rodrigues\n\t\t\t\t<\/figcaption><\/figure><figure class='gallery-item'>\n\t\t\t<div class='gallery-icon landscape'>\n\t\t\t\t<a href='https:\/\/schule-wielandstrasse.hamburg.de\/wp-content\/uploads\/sites\/121\/2020\/11\/bocadillo_Lopez.jpg' title=\"\" data-rl_title=\"\" class=\"rl-gallery-link\" data-rl_caption=\"\" data-rel=\"lightbox-gallery-1\"><img loading=\"lazy\" decoding=\"async\" width=\"150\" height=\"150\" src=\"https:\/\/schule-wielandstrasse.hamburg.de\/wp-content\/uploads\/sites\/121\/2020\/11\/bocadillo_Lopez-150x150.jpg\" class=\"attachment-thumbnail size-thumbnail\" alt=\"\" aria-describedby=\"gallery-1-3433\" \/><\/a>\n\t\t\t<\/div>\n\t\t\t\t<figcaption class='wp-caption-text gallery-caption' id='gallery-1-3433'>\n\t\t\t\tse\u00f1ora Lopez\n\t\t\t\t<\/figcaption><\/figure><figure class='gallery-item'>\n\t\t\t<div class='gallery-icon landscape'>\n\t\t\t\t<a href='https:\/\/schule-wielandstrasse.hamburg.de\/wp-content\/uploads\/sites\/121\/2020\/11\/Bilischriftzuzg.jpg' title=\"\" data-rl_title=\"\" class=\"rl-gallery-link\" data-rl_caption=\"\" data-rel=\"lightbox-gallery-1\"><img loading=\"lazy\" decoding=\"async\" width=\"150\" height=\"91\" src=\"https:\/\/schule-wielandstrasse.hamburg.de\/wp-content\/uploads\/sites\/121\/2020\/11\/Bilischriftzuzg-150x91.jpg\" class=\"attachment-thumbnail size-thumbnail\" alt=\"\" \/><\/a>\n\t\t\t<\/div><\/figure><figure class='gallery-item'>\n\t\t\t<div class='gallery-icon portrait'>\n\t\t\t\t<a href='https:\/\/schule-wielandstrasse.hamburg.de\/wp-content\/uploads\/sites\/121\/2020\/11\/Bili_logo.jpg' title=\"\" data-rl_title=\"\" class=\"rl-gallery-link\" data-rl_caption=\"\" data-rel=\"lightbox-gallery-1\"><img loading=\"lazy\" decoding=\"async\" width=\"150\" height=\"150\" src=\"https:\/\/schule-wielandstrasse.hamburg.de\/wp-content\/uploads\/sites\/121\/2020\/11\/Bili_logo-150x150.jpg\" class=\"attachment-thumbnail size-thumbnail\" alt=\"\" srcset=\"https:\/\/schule-wielandstrasse.hamburg.de\/wp-content\/uploads\/sites\/121\/2020\/11\/Bili_logo-150x150.jpg 150w, https:\/\/schule-wielandstrasse.hamburg.de\/wp-content\/uploads\/sites\/121\/2020\/11\/Bili_logo-300x300.jpg 300w, https:\/\/schule-wielandstrasse.hamburg.de\/wp-content\/uploads\/sites\/121\/2020\/11\/Bili_logo.jpg 316w\" sizes=\"auto, (max-width: 150px) 100vw, 150px\" \/><\/a>\n\t\t\t<\/div><\/figure><figure class='gallery-item'>\n\t\t\t<div class='gallery-icon landscape'>\n\t\t\t\t<a href='https:\/\/schule-wielandstrasse.hamburg.de\/wp-content\/uploads\/sites\/121\/2020\/11\/bocadillo_Eller.jpg' title=\"\" data-rl_title=\"\" class=\"rl-gallery-link\" data-rl_caption=\"\" data-rel=\"lightbox-gallery-1\"><img loading=\"lazy\" decoding=\"async\" width=\"150\" height=\"150\" src=\"https:\/\/schule-wielandstrasse.hamburg.de\/wp-content\/uploads\/sites\/121\/2020\/11\/bocadillo_Eller-150x150.jpg\" class=\"attachment-thumbnail size-thumbnail\" alt=\"\" aria-describedby=\"gallery-1-3436\" \/><\/a>\n\t\t\t<\/div>\n\t\t\t\t<figcaption class='wp-caption-text gallery-caption' id='gallery-1-3436'>\n\t\t\t\tse\u00f1ora Eller\n\t\t\t\t<\/figcaption><\/figure><figure class='gallery-item'>\n\t\t\t<div class='gallery-icon landscape'>\n\t\t\t\t<a href='https:\/\/schule-wielandstrasse.hamburg.de\/wp-content\/uploads\/sites\/121\/2020\/11\/bocadillo_Campina.jpg' title=\"\" data-rl_title=\"\" class=\"rl-gallery-link\" data-rl_caption=\"\" data-rel=\"lightbox-gallery-1\"><img loading=\"lazy\" decoding=\"async\" width=\"150\" height=\"150\" src=\"https:\/\/schule-wielandstrasse.hamburg.de\/wp-content\/uploads\/sites\/121\/2020\/11\/bocadillo_Campina-150x150.jpg\" class=\"attachment-thumbnail size-thumbnail\" alt=\"\" aria-describedby=\"gallery-1-3437\" \/><\/a>\n\t\t\t<\/div>\n\t\t\t\t<figcaption class='wp-caption-text gallery-caption' id='gallery-1-3437'>\n\t\t\t\tse\u00f1ora Campina\n\t\t\t\t<\/figcaption><\/figure><figure class='gallery-item'>\n\t\t\t<div class='gallery-icon landscape'>\n\t\t\t\t<a href='https:\/\/schule-wielandstrasse.hamburg.de\/wp-content\/uploads\/sites\/121\/2020\/11\/bocadillo_Caceres.jpeg' title=\"\" data-rl_title=\"\" class=\"rl-gallery-link\" data-rl_caption=\"\" data-rel=\"lightbox-gallery-1\"><img loading=\"lazy\" decoding=\"async\" width=\"150\" height=\"150\" src=\"https:\/\/schule-wielandstrasse.hamburg.de\/wp-content\/uploads\/sites\/121\/2020\/11\/bocadillo_Caceres-150x150.jpeg\" class=\"attachment-thumbnail size-thumbnail\" alt=\"\" aria-describedby=\"gallery-1-3425\" \/><\/a>\n\t\t\t<\/div>\n\t\t\t\t<figcaption class='wp-caption-text gallery-caption' id='gallery-1-3425'>\n\t\t\t\tse\u00f1ora C\u00e1ceres\n\t\t\t\t<\/figcaption><\/figure><figure class='gallery-item'>\n\t\t\t<div class='gallery-icon portrait'>\n\t\t\t\t<a href='https:\/\/schule-wielandstrasse.hamburg.de\/wp-content\/uploads\/sites\/121\/2022\/11\/4F86A832-909A-465A-BE25-F3CA325E60E4.jpeg' title=\"\" data-rl_title=\"\" class=\"rl-gallery-link\" data-rl_caption=\"\" data-rel=\"lightbox-gallery-1\"><img loading=\"lazy\" decoding=\"async\" width=\"150\" height=\"150\" src=\"https:\/\/schule-wielandstrasse.hamburg.de\/wp-content\/uploads\/sites\/121\/2022\/11\/4F86A832-909A-465A-BE25-F3CA325E60E4-150x150.jpeg\" class=\"attachment-thumbnail size-thumbnail\" alt=\"\" aria-describedby=\"gallery-1-6890\" \/><\/a>\n\t\t\t<\/div>\n\t\t\t\t<figcaption class='wp-caption-text gallery-caption' id='gallery-1-6890'>\n\t\t\t\tse\u00f1ora Avila\n\t\t\t\t<\/figcaption><\/figure><figure class='gallery-item'>\n\t\t\t<div class='gallery-icon landscape'>\n\t\t\t\t<a href='https:\/\/schule-wielandstrasse.hamburg.de\/wp-content\/uploads\/sites\/121\/2023\/01\/e269daa6-cf86-45eb-97f5-24808b09a07b.jpg' title=\"\" data-rl_title=\"\" class=\"rl-gallery-link\" data-rl_caption=\"\" data-rel=\"lightbox-gallery-1\"><img loading=\"lazy\" decoding=\"async\" width=\"150\" height=\"150\" src=\"https:\/\/schule-wielandstrasse.hamburg.de\/wp-content\/uploads\/sites\/121\/2023\/01\/e269daa6-cf86-45eb-97f5-24808b09a07b-150x150.jpg\" class=\"attachment-thumbnail size-thumbnail\" alt=\"\" aria-describedby=\"gallery-1-7154\" \/><\/a>\n\t\t\t<\/div>\n\t\t\t\t<figcaption class='wp-caption-text gallery-caption' id='gallery-1-7154'>\n\t\t\t\tse\u00f1ora Halbach\n\t\t\t\t<\/figcaption><\/figure><figure class='gallery-item'>\n\t\t\t<div class='gallery-icon portrait'>\n\t\t\t\t<a href='https:\/\/schule-wielandstrasse.hamburg.de\/wp-content\/uploads\/sites\/121\/2023\/11\/ce8acf24-9dc9-4675-b6b5-109cc1864968.jpg' title=\"\" data-rl_title=\"\" class=\"rl-gallery-link\" data-rl_caption=\"\" data-rel=\"lightbox-gallery-1\"><img loading=\"lazy\" decoding=\"async\" width=\"150\" height=\"150\" src=\"https:\/\/schule-wielandstrasse.hamburg.de\/wp-content\/uploads\/sites\/121\/2023\/11\/ce8acf24-9dc9-4675-b6b5-109cc1864968-150x150.jpg\" class=\"attachment-thumbnail size-thumbnail\" alt=\"\" aria-describedby=\"gallery-1-8296\" \/><\/a>\n\t\t\t<\/div>\n\t\t\t\t<figcaption class='wp-caption-text gallery-caption' id='gallery-1-8296'>\n\t\t\t\tse\u00f1ora Marqina\n\t\t\t\t<\/figcaption><\/figure><figure class='gallery-item'>\n\t\t\t<div class='gallery-icon landscape'>\n\t\t\t\t<a href='https:\/\/schule-wielandstrasse.hamburg.de\/wp-content\/uploads\/sites\/121\/2023\/11\/Bili-MF.jpg' title=\"\" data-rl_title=\"\" class=\"rl-gallery-link\" data-rl_caption=\"\" data-rel=\"lightbox-gallery-1\"><img loading=\"lazy\" decoding=\"async\" width=\"150\" height=\"150\" src=\"https:\/\/schule-wielandstrasse.hamburg.de\/wp-content\/uploads\/sites\/121\/2023\/11\/Bili-MF-150x150.jpg\" class=\"attachment-thumbnail size-thumbnail\" alt=\"Herr Fismer\" aria-describedby=\"gallery-1-8405\" \/><\/a>\n\t\t\t<\/div>\n\t\t\t\t<figcaption class='wp-caption-text gallery-caption' id='gallery-1-8405'>\n\t\t\t\tse\u00f1or Fismer\n\t\t\t\t<\/figcaption><\/figure><figure class='gallery-item'>\n\t\t\t<div class='gallery-icon portrait'>\n\t\t\t\t<a href='https:\/\/schule-wielandstrasse.hamburg.de\/wp-content\/uploads\/sites\/121\/2024\/08\/Britta_Wolf.jpeg' title=\"\" data-rl_title=\"\" class=\"rl-gallery-link\" data-rl_caption=\"\" data-rel=\"lightbox-gallery-1\"><img loading=\"lazy\" decoding=\"async\" width=\"150\" height=\"150\" src=\"https:\/\/schule-wielandstrasse.hamburg.de\/wp-content\/uploads\/sites\/121\/2024\/08\/Britta_Wolf-150x150.jpeg\" class=\"attachment-thumbnail size-thumbnail\" alt=\"\" aria-describedby=\"gallery-1-9174\" \/><\/a>\n\t\t\t<\/div>\n\t\t\t\t<figcaption class='wp-caption-text gallery-caption' id='gallery-1-9174'>\n\t\t\t\tse\u00f1ora  Wolf\n\t\t\t\t<\/figcaption><\/figure><figure class='gallery-item'>\n\t\t\t<div class='gallery-icon portrait'>\n\t\t\t\t<a href='https:\/\/schule-wielandstrasse.hamburg.de\/wp-content\/uploads\/sites\/121\/2024\/10\/Melina-Heinrich.jpeg' title=\"\" data-rl_title=\"\" class=\"rl-gallery-link\" data-rl_caption=\"\" data-rel=\"lightbox-gallery-1\"><img loading=\"lazy\" decoding=\"async\" width=\"150\" height=\"150\" src=\"https:\/\/schule-wielandstrasse.hamburg.de\/wp-content\/uploads\/sites\/121\/2024\/10\/Melina-Heinrich-150x150.jpeg\" class=\"attachment-thumbnail size-thumbnail\" alt=\"\" aria-describedby=\"gallery-1-9512\" \/><\/a>\n\t\t\t<\/div>\n\t\t\t\t<figcaption class='wp-caption-text gallery-caption' id='gallery-1-9512'>\n\t\t\t\tse\u00f1ora  Heinrich\n\t\t\t\t<\/figcaption><\/figure><figure class='gallery-item'>\n\t\t\t<div class='gallery-icon landscape'>\n\t\t\t\t<a href='https:\/\/schule-wielandstrasse.hamburg.de\/wp-content\/uploads\/sites\/121\/2024\/10\/Screenshot-2024-10-15-150959.jpg' title=\"\" data-rl_title=\"\" class=\"rl-gallery-link\" data-rl_caption=\"\" data-rel=\"lightbox-gallery-1\"><img loading=\"lazy\" decoding=\"async\" width=\"150\" height=\"150\" src=\"https:\/\/schule-wielandstrasse.hamburg.de\/wp-content\/uploads\/sites\/121\/2024\/10\/Screenshot-2024-10-15-150959-150x150.jpg\" class=\"attachment-thumbnail size-thumbnail\" alt=\"\" aria-describedby=\"gallery-1-9514\" \/><\/a>\n\t\t\t<\/div>\n\t\t\t\t<figcaption class='wp-caption-text gallery-caption' id='gallery-1-9514'>\n\t\t\t\tse\u00f1or Invantes Gruber\n\t\t\t\t<\/figcaption><\/figure><figure class='gallery-item'>\n\t\t\t<div class='gallery-icon portrait'>\n\t\t\t\t<a href='https:\/\/schule-wielandstrasse.hamburg.de\/wp-content\/uploads\/sites\/121\/2025\/08\/Yvonne_Bili.png.jpg' title=\"\" data-rl_title=\"\" class=\"rl-gallery-link\" data-rl_caption=\"\" data-rel=\"lightbox-gallery-1\"><img loading=\"lazy\" decoding=\"async\" width=\"150\" height=\"150\" src=\"https:\/\/schule-wielandstrasse.hamburg.de\/wp-content\/uploads\/sites\/121\/2025\/08\/Yvonne_Bili.png-150x150.jpg\" class=\"attachment-thumbnail size-thumbnail\" alt=\"\" \/><\/a>\n\t\t\t<\/div><\/figure><figure class='gallery-item'>\n\t\t\t<div class='gallery-icon landscape'>\n\t\t\t\t<a href='https:\/\/schule-wielandstrasse.hamburg.de\/wp-content\/uploads\/sites\/121\/2025\/09\/biliCecileK.jpg' title=\"\" data-rl_title=\"\" class=\"rl-gallery-link\" data-rl_caption=\"\" data-rel=\"lightbox-gallery-1\"><img loading=\"lazy\" decoding=\"async\" width=\"150\" height=\"150\" src=\"https:\/\/schule-wielandstrasse.hamburg.de\/wp-content\/uploads\/sites\/121\/2025\/09\/biliCecileK-150x150.jpg\" class=\"attachment-thumbnail size-thumbnail\" alt=\"\" \/><\/a>\n\t\t\t<\/div><\/figure>\n\t\t<\/div>\n\n<p><a href=\"https:\/\/schule-wielandstrasse.hamburg.de\/wp-content\/uploads\/sites\/121\/2019\/10\/Bilingual_Plakat_HP.jpg\" data-rel=\"lightbox\" data-rl_title=\"\" data-rl_caption=\"\" title=\"\"><img loading=\"lazy\" decoding=\"async\" class=\"alignnone size-large wp-image-2438\" src=\"https:\/\/schule-wielandstrasse.hamburg.de\/wp-content\/uploads\/sites\/121\/2019\/10\/Bilingual_Plakat_HP-709x1024.jpg\" alt=\"\" width=\"474\" height=\"685\" srcset=\"https:\/\/schule-wielandstrasse.hamburg.de\/wp-content\/uploads\/sites\/121\/2019\/10\/Bilingual_Plakat_HP-709x1024.jpg 709w, https:\/\/schule-wielandstrasse.hamburg.de\/wp-content\/uploads\/sites\/121\/2019\/10\/Bilingual_Plakat_HP-208x300.jpg 208w, https:\/\/schule-wielandstrasse.hamburg.de\/wp-content\/uploads\/sites\/121\/2019\/10\/Bilingual_Plakat_HP-768x1109.jpg 768w, https:\/\/schule-wielandstrasse.hamburg.de\/wp-content\/uploads\/sites\/121\/2019\/10\/Bilingual_Plakat_HP.jpg 900w\" sizes=\"auto, (max-width: 474px) 100vw, 474px\" \/><\/a><\/p>\n<p><strong>Zusammensetzung der Klassen<\/strong><\/p>\n<p>Die Klassen der \u201eDeutsch-Spanischen Grundschulen\u201c sind zu einer H\u00e4lfte aus \u201eSpanisch-K\u00f6nnern\u201c und zur anderen H\u00e4lfte aus \u201eSpanisch-Lernern\u201c zusammengesetzt. Der Erfolg des Lernens ist gerade durch diese Mischung gegeben, da alle voneinander profitieren k\u00f6nnen. Kinder, deren Muttersprache keine der Partnersprachen ist, k\u00f6nnen aufgenommen werden, wenn sie ausreichende Sprachkenntnisse in Deutsch und Spanisch haben, so dass eine erfolgreiche Teilnahme am Unterricht zu erwarten ist.<\/p>\n<p><strong>Anmeldung und Aufnahme <\/strong><\/p>\n<p>Die \u201eDeutsch-Spanische Grundschule\u201c startet jedes Schuljahr mit voraussichtlich einer Klasse der Jahrgangsstufe 1 f\u00fcr bis zu 23 Schulanf\u00e4ngerinnen und -anf\u00e4nger.&nbsp;Die Bilingualit\u00e4t unserer Schule wird durch unseren GBS-Partner am Nachmittag fortgesetzt. Viele spanischsprechende P\u00e4dagogen betreuen in dieser Zeit die Sch\u00fcler.&nbsp;Eine Fortf\u00fchrung der \u201eDeutsch-Spanischen Grundschule\u201c in den Jahrgangsstufen 5 bis 10 findet in der Gesamt- und Reformschule Winterhude und im Gymnasium Lerchenfeld statt.&nbsp;Kinder, die zu einem sp\u00e4teren Zeitpunkt eine Aufnahme in bereits bestehende Klassen beantragen, m\u00fcssen beide Sprachen so gut beherrschen, dass sie dem Unterricht folgen k\u00f6nnen.<\/p>\n<p><strong>Lehrplan und Unterricht<\/strong><\/p>\n<p>Wir wollen durch unser Konzept die Toleranz gegen\u00fcber anderen Mitmenschen erh\u00f6hen (Relativierung der eigenen Kultur durch interkulturelles Lernen). Unsere Sch\u00fcler begegnen Traditionen aus dem spanischsprachigen Raum (z.B. Drei Heilige K\u00f6nige, Verbrennung der Sardine, Pi\u00f1atafest, \u2026) in der Schule.&nbsp;Die zweisprachigen Klassen werden nach den Rahmenrichtlinien und Lehrpl\u00e4nen f\u00fcr die Hamburger Grundschulen unterrichtet. So ist gew\u00e4hrleistet, dass die Kinder gegebenenfalls in andere Grundschulen wechseln k\u00f6nnen. Die Kinder haben wie alle Sch\u00fclerinnen und Sch\u00fcler der staatlichen Grundschulen in Hamburg t\u00e4glich von 8 bis 13 Uhr Unterricht.<\/p>\n<p>Gemeinsam werden Rituale und Routinen geschaffen, die durch Veranschaulichung und klare Strukturen das Eintauchen in die Sprache erm\u00f6glichen und den Lernprozess unterst\u00fctzen.&nbsp;Die Alphabetisierung findet zeitgleich in beiden Sprachen statt, so dass am Ende des zweiten Schuljahres der Schriftspracherwerb in beiden Sprachen weitgehend abgeschlossen ist.<\/p>\n<p>Grunds\u00e4tzlich werden die F\u00e4cher Sprache und Sachunterricht bilingual erteilt. Ausgehend von der Eignung der Lehrkr\u00e4fte kann auch ein weiteres Fach (z.B. Musik, Kunst, Theater, \u2026) bilingual unterrichtet werden. Der Mathematikunterricht wird in deutscher Sprache erteilt. Mathematische Grundbegriffe wie Zahlen, Uhrzeiten etc. werden auch auf Spanisch vermittelt.<\/p>\n<p>In Jahrgang 1 unterrichten wir im Bereich Sprache und Sachunterricht bilingual mit zwei Lehrkr\u00e4ften. Im Sprachunterricht arbeiten wir mit den Lehrwerken \u201ecocodrilo\u201c und \u201eKaribu\u201c.&nbsp;Ab Jahrgang 2 unterrichten wir teilweise das Fach Sprache in zwei Gruppen. Die restlichen Stunden geben wir im Team. Durch die kleinere Gruppengr\u00f6\u00dfe erh\u00f6ht sich die Zeit des aktiven \u00dcbens, indem die Kinder von Anfang an aufgefordert werden, auf beiden Sprachen zu antworten. Wir arbeiten in den Jahrg\u00e4ngen 2-4 mit dem Lehrwerk \u201ecolega\u201c.<\/p>\n<p>Der Sachunterricht wird von Anfang an in beiden Sprachen erteilt, wobei wir auf Wortschatzarbeit setzen und diesen spielerisch festigen. Zu jeder Unterrichtseinheit werden die wichtigsten W\u00f6rter und Begriffe in spanischer und deutscher Sprache vermittelt.<\/p>\n<p>Die Kinder entwickeln f\u00fcr das Erlernen aller weiteren Sprachen eine&nbsp;sehr wichtige Sprachbewusstheit und Offenheit gegen\u00fcber fremden Sprachen. Der Zugang wird ihnen erleichtert und sie begegnen Fremdsprachen positiv.<\/p>\n<p>Bilingualer Flyer:<\/p>\n<p><a href=\"https:\/\/schule-wielandstrasse.hamburg.de\/wp-content\/uploads\/sites\/121\/2025\/10\/blilingual_seite1_2025-303_296.jpg\" data-rel=\"lightbox\" data-rl_title=\"\" data-rl_caption=\"\" title=\"\"><img loading=\"lazy\" decoding=\"async\" class=\"alignnone size-large wp-image-10285\" src=\"https:\/\/schule-wielandstrasse.hamburg.de\/wp-content\/uploads\/sites\/121\/2025\/10\/blilingual_seite1_2025-303_296-1024x730.jpg\" alt=\"\" width=\"474\" height=\"338\" srcset=\"https:\/\/schule-wielandstrasse.hamburg.de\/wp-content\/uploads\/sites\/121\/2025\/10\/blilingual_seite1_2025-303_296-1024x730.jpg 1024w, https:\/\/schule-wielandstrasse.hamburg.de\/wp-content\/uploads\/sites\/121\/2025\/10\/blilingual_seite1_2025-303_296-300x214.jpg 300w, https:\/\/schule-wielandstrasse.hamburg.de\/wp-content\/uploads\/sites\/121\/2025\/10\/blilingual_seite1_2025-303_296-768x548.jpg 768w, https:\/\/schule-wielandstrasse.hamburg.de\/wp-content\/uploads\/sites\/121\/2025\/10\/blilingual_seite1_2025-303_296-1536x1095.jpg 1536w, https:\/\/schule-wielandstrasse.hamburg.de\/wp-content\/uploads\/sites\/121\/2025\/10\/blilingual_seite1_2025-303_296.jpg 2048w\" sizes=\"auto, (max-width: 474px) 100vw, 474px\" \/><\/a><\/p>\n<p><a href=\"https:\/\/schule-wielandstrasse.hamburg.de\/wp-content\/uploads\/sites\/121\/2025\/10\/bililingua_seite_2-2025-303-216.jpg\" data-rel=\"lightbox\" data-rl_title=\"\" data-rl_caption=\"\" title=\"\"><img loading=\"lazy\" decoding=\"async\" class=\"alignnone size-large wp-image-10286\" src=\"https:\/\/schule-wielandstrasse.hamburg.de\/wp-content\/uploads\/sites\/121\/2025\/10\/bililingua_seite_2-2025-303-216-1024x730.jpg\" alt=\"\" width=\"474\" height=\"338\" srcset=\"https:\/\/schule-wielandstrasse.hamburg.de\/wp-content\/uploads\/sites\/121\/2025\/10\/bililingua_seite_2-2025-303-216-1024x730.jpg 1024w, https:\/\/schule-wielandstrasse.hamburg.de\/wp-content\/uploads\/sites\/121\/2025\/10\/bililingua_seite_2-2025-303-216-300x214.jpg 300w, https:\/\/schule-wielandstrasse.hamburg.de\/wp-content\/uploads\/sites\/121\/2025\/10\/bililingua_seite_2-2025-303-216-768x548.jpg 768w, https:\/\/schule-wielandstrasse.hamburg.de\/wp-content\/uploads\/sites\/121\/2025\/10\/bililingua_seite_2-2025-303-216-1536x1095.jpg 1536w, https:\/\/schule-wielandstrasse.hamburg.de\/wp-content\/uploads\/sites\/121\/2025\/10\/bililingua_seite_2-2025-303-216.jpg 2048w\" sizes=\"auto, (max-width: 474px) 100vw, 474px\" \/><\/a><\/p>\n<p><a href=\"https:\/\/schule-wielandstrasse.hamburg.de\/wp-content\/uploads\/sites\/121\/2019\/11\/bili_logo.jpg\" data-rel=\"lightbox\" data-rl_title=\"\" data-rl_caption=\"\" title=\"\"><img loading=\"lazy\" decoding=\"async\" class=\"size-full wp-image-2461 alignleft\" src=\"https:\/\/schule-wielandstrasse.hamburg.de\/wp-content\/uploads\/sites\/121\/2019\/11\/bili_logo.jpg\" alt=\"\" width=\"185\" height=\"256\"><\/a><\/p>\n<p>&nbsp;<\/p>\n<p>&nbsp;<\/p>\n<p>&nbsp;<\/p>\n<p>Hier eine Brosch\u00fcre der Schulbeh\u00f6rde: <a href=\"https:\/\/schule-wielandstrasse.hamburg.de\/wp-content\/uploads\/sites\/121\/2015\/02\/bbs-br-deutsch-spanische-grundschule-12-05.pdf\">Elternratgeber deutsch-spanische Grundschule<\/a><\/p>\n<p>&nbsp;<\/p>\n<p>Weiterf\u00fchrende Schulen mit bilingualem deutsch-spanischem Profil:<\/p>\n<p><a href=\"http:\/\/www.gyle.de\">Gymnasium Lerchenfeld<\/a><\/p>\n<p><a href=\"http:\/\/www.sts-winterhude.de\">Reformschule Winterhude<\/a> (Stadtteilschule)<\/p>\n","protected":false},"excerpt":{"rendered":"<p>Unsere Schule erm\u00f6glicht bilinguales Lernen (deutsch-spanisch) in der Grundschule. Deutsch- und spanischsprachigen Kinder sowie Kindern aus binationalen Familien soll die M\u00f6glichkeit er\u00f6ffnet werden, vom ersten Schultag an gemeinsam die Sprache und die Kultur des jeweils anderen Landes kennen zu lernen. Die Kinder werden von deutschen und spanischen Grundschullehrkr\u00e4ften unterrichtet. F\u00fcr die bilingualen Klassen verantwortlich sind &hellip; <a href=\"https:\/\/schule-wielandstrasse.hamburg.de\/?page_id=51\" class=\"more-link\"><span class=\"screen-reader-text\">clases biling\u00fces<\/span> weiterlesen <span class=\"meta-nav\">&rarr;<\/span><\/a><\/p>\n","protected":false},"author":188,"featured_media":565,"parent":49,"menu_order":0,"comment_status":"closed","ping_status":"closed","template":"","meta":{"_acf_changed":false,"footnotes":""},"class_list":["post-51","page","type-page","status-publish","has-post-thumbnail","hentry"],"acf":[],"_links":{"self":[{"href":"https:\/\/schule-wielandstrasse.hamburg.de\/index.php?rest_route=\/wp\/v2\/pages\/51","targetHints":{"allow":["GET"]}}],"collection":[{"href":"https:\/\/schule-wielandstrasse.hamburg.de\/index.php?rest_route=\/wp\/v2\/pages"}],"about":[{"href":"https:\/\/schule-wielandstrasse.hamburg.de\/index.php?rest_route=\/wp\/v2\/types\/page"}],"author":[{"embeddable":true,"href":"https:\/\/schule-wielandstrasse.hamburg.de\/index.php?rest_route=\/wp\/v2\/users\/188"}],"replies":[{"embeddable":true,"href":"https:\/\/schule-wielandstrasse.hamburg.de\/index.php?rest_route=%2Fwp%2Fv2%2Fcomments&post=51"}],"version-history":[{"count":25,"href":"https:\/\/schule-wielandstrasse.hamburg.de\/index.php?rest_route=\/wp\/v2\/pages\/51\/revisions"}],"predecessor-version":[{"id":10290,"href":"https:\/\/schule-wielandstrasse.hamburg.de\/index.php?rest_route=\/wp\/v2\/pages\/51\/revisions\/10290"}],"up":[{"embeddable":true,"href":"https:\/\/schule-wielandstrasse.hamburg.de\/index.php?rest_route=\/wp\/v2\/pages\/49"}],"wp:featuredmedia":[{"embeddable":true,"href":"https:\/\/schule-wielandstrasse.hamburg.de\/index.php?rest_route=\/wp\/v2\/media\/565"}],"wp:attachment":[{"href":"https:\/\/schule-wielandstrasse.hamburg.de\/index.php?rest_route=%2Fwp%2Fv2%2Fmedia&parent=51"}],"curies":[{"name":"wp","href":"https:\/\/api.w.org\/{rel}","templated":true}]}}