{"id":5309,"date":"2022-09-21T11:49:40","date_gmt":"2022-09-21T11:49:40","guid":{"rendered":"https:\/\/schule-wielandstrasse.hamburg.de\/?page_id=5309"},"modified":"2022-11-06T10:19:01","modified_gmt":"2022-11-06T10:19:01","slug":"gesund-macht-schule","status":"publish","type":"page","link":"https:\/\/schule-wielandstrasse.hamburg.de\/?page_id=5309","title":{"rendered":"Gesund macht Schule"},"content":{"rendered":"<p><a href=\"https:\/\/www.gesundmachtschule.de\">Gesund macht Schule<\/a> Seit dem Schuljahr 22\/23 haben wir unsere Kooperation mit der AOK um einen Baustein erweitert. Im sportlichen Bereich haben wir bislang durch das Programm &#8222;Fit durch die Schule&#8220; viele Sportangebote anbieten k\u00f6nnen. Nun k\u00f6nnen wir auch auf eine Patenkinder\u00e4rztin zur\u00fcckgreifen, deren Fachgebiet Ern\u00e4hrung ist und diese auch zu Veranstaltungen oder in die Klassen einladen -rund um die Themen.<\/p>\n<ul class=\"\">\n<li class=\"\"><span class=\"\" style=\"font-family: Times\">Essen und Erna\u0308hrung<\/span><\/li>\n<li class=\"\"><span class=\"\" style=\"font-family: Times\">Bewegung und Entspannung Menschlicher Ko\u0308rper\/Beim Arzt Sexualerziehung<\/span><\/li>\n<li class=\"\"><span class=\"\" style=\"font-family: Times\">Ich-Sta\u0308rkung und Suchtpra\u0308vention&nbsp;<\/span><\/li>\n<li class=\"\"><span class=\"\" style=\"font-family: Times\">Sexualerziehung<\/span><\/li>\n<li class=\"\"><span class=\"\" style=\"font-family: Times\">der menschliche K\u00f6rper \/ der Besuch beim Arzt<\/span><\/li>\n<\/ul>\n<p>Im Rahmen der Kooperation &#8222;Gesund macht Schule&#8220; werden auch f\u00fcr Eltern interessante Online-Seminare angeboten. Anmelden kann &nbsp;man sich \u00fcber&nbsp;<a href=\"mailto:gesundmachtschule@aekno.de\">gesundmachtschule@aekno.de<\/a><\/p>\n<p>Fortbildungen Online-Seminare 1. HJ 2022.2023<\/p>\n<p><a href=\"https:\/\/schule-wielandstrasse.hamburg.de\/wp-content\/uploads\/sites\/121\/2022\/08\/Bildschirmfoto-2022-08-24-um-19.52.54.png\" data-rel=\"lightbox\" data-rl_title=\"\" data-rl_caption=\"\" title=\"\"><img loading=\"lazy\" decoding=\"async\" class=\"alignnone size-full wp-image-5268\" src=\"https:\/\/schule-wielandstrasse.hamburg.de\/wp-content\/uploads\/sites\/121\/2022\/08\/Bildschirmfoto-2022-08-24-um-19.52.54.png\" alt=\"\" width=\"540\" height=\"916\" srcset=\"https:\/\/schule-wielandstrasse.hamburg.de\/wp-content\/uploads\/sites\/121\/2022\/08\/Bildschirmfoto-2022-08-24-um-19.52.54.png 540w, https:\/\/schule-wielandstrasse.hamburg.de\/wp-content\/uploads\/sites\/121\/2022\/08\/Bildschirmfoto-2022-08-24-um-19.52.54-177x300.png 177w\" sizes=\"auto, (max-width: 540px) 100vw, 540px\" \/><\/a><\/p>\n","protected":false},"excerpt":{"rendered":"<p>Gesund macht Schule Seit dem Schuljahr 22\/23 haben wir unsere Kooperation mit der AOK um einen Baustein erweitert. Im sportlichen Bereich haben wir bislang durch das Programm &#8222;Fit durch die Schule&#8220; viele Sportangebote anbieten k\u00f6nnen. Nun k\u00f6nnen wir auch auf eine Patenkinder\u00e4rztin zur\u00fcckgreifen, deren Fachgebiet Ern\u00e4hrung ist und diese auch zu Veranstaltungen oder in die &hellip; <a href=\"https:\/\/schule-wielandstrasse.hamburg.de\/?page_id=5309\" class=\"more-link\"><span class=\"screen-reader-text\">Gesund macht Schule<\/span> weiterlesen <span class=\"meta-nav\">&rarr;<\/span><\/a><\/p>\n","protected":false},"author":188,"featured_media":0,"parent":0,"menu_order":0,"comment_status":"closed","ping_status":"closed","template":"","meta":{"_acf_changed":false,"footnotes":""},"class_list":["post-5309","page","type-page","status-publish","hentry"],"acf":[],"_links":{"self":[{"href":"https:\/\/schule-wielandstrasse.hamburg.de\/index.php?rest_route=\/wp\/v2\/pages\/5309","targetHints":{"allow":["GET"]}}],"collection":[{"href":"https:\/\/schule-wielandstrasse.hamburg.de\/index.php?rest_route=\/wp\/v2\/pages"}],"about":[{"href":"https:\/\/schule-wielandstrasse.hamburg.de\/index.php?rest_route=\/wp\/v2\/types\/page"}],"author":[{"embeddable":true,"href":"https:\/\/schule-wielandstrasse.hamburg.de\/index.php?rest_route=\/wp\/v2\/users\/188"}],"replies":[{"embeddable":true,"href":"https:\/\/schule-wielandstrasse.hamburg.de\/index.php?rest_route=%2Fwp%2Fv2%2Fcomments&post=5309"}],"version-history":[{"count":2,"href":"https:\/\/schule-wielandstrasse.hamburg.de\/index.php?rest_route=\/wp\/v2\/pages\/5309\/revisions"}],"predecessor-version":[{"id":6833,"href":"https:\/\/schule-wielandstrasse.hamburg.de\/index.php?rest_route=\/wp\/v2\/pages\/5309\/revisions\/6833"}],"wp:attachment":[{"href":"https:\/\/schule-wielandstrasse.hamburg.de\/index.php?rest_route=%2Fwp%2Fv2%2Fmedia&parent=5309"}],"curies":[{"name":"wp","href":"https:\/\/api.w.org\/{rel}","templated":true}]}}