{"id":67,"date":"2015-02-28T14:11:48","date_gmt":"2015-02-28T14:11:48","guid":{"rendered":"http:\/\/schule-wielandstrasse.schulhomepages.hamburg.de\/?page_id=67"},"modified":"2024-10-29T07:48:42","modified_gmt":"2024-10-29T07:48:42","slug":"schulleben","status":"publish","type":"page","link":"https:\/\/schule-wielandstrasse.hamburg.de\/?page_id=67","title":{"rendered":"Schulleben"},"content":{"rendered":"<p>Der Unterrichtsbeginn ist um 8.00 Uhr. Kurz davor werden die Klassen f\u00fcr die Sch\u00fcler ge\u00f6ffnet. Die Unterrichtszeit endet um 13.00 &nbsp;oder 14.00 Uhr. &nbsp;In der 5. Stunde findet dann aber nur Sportunterricht statt. Davor wird im Zuge des Ganztagesangebotes, zusammen mit der casa de moloon, ab 6.00 Uhr fr\u00fch und am Nachmittag bis 16.00 Uhr eine kostenlose Betreuung angeboten. Eine Betreuung nach 16.00 Uhr bis 18.00 Uhr ist kostenpflichtig. Es besteht auch die M\u00f6glichkeit zum Mittagessen. Hierf\u00fcr melden Sie ihr Kind \u00fcber unsere Seite <a href=\"https:\/\/schule-wielandstrasse.hamburg.de\/schulessen\/\">Schulessen<\/a> an.<\/p>\n<p>Sollte ihr Kind dem Unterricht fernbleiben m\u00fcssen, melden sie es bitte rechtzeitig ( bis 7.30 Uhr) telefonisch (040 42 88 61 80) , \u00fcber den Schulmanager &nbsp;oder per E-mail (<a href=\"mailto:schule-wielandstrasse@bbs.hamburg.de\"><span style=\"font-size: small\">schule-wielandstrasse@bsb.hamburg.de<\/span><\/a><span style=\"font-size: small\">)&nbsp;<\/span>&nbsp;bei der Schulsekret\u00e4rin ab.<\/p>\n<p>&nbsp;<\/p>\n","protected":false},"excerpt":{"rendered":"<p>Der Unterrichtsbeginn ist um 8.00 Uhr. Kurz davor werden die Klassen f\u00fcr die Sch\u00fcler ge\u00f6ffnet. Die Unterrichtszeit endet um 13.00 &nbsp;oder 14.00 Uhr. &nbsp;In der 5. Stunde findet dann aber nur Sportunterricht statt. Davor wird im Zuge des Ganztagesangebotes, zusammen mit der casa de moloon, ab 6.00 Uhr fr\u00fch und am Nachmittag bis 16.00 Uhr &hellip; <a href=\"https:\/\/schule-wielandstrasse.hamburg.de\/?page_id=67\" class=\"more-link\"><span class=\"screen-reader-text\">Schulleben<\/span> weiterlesen <span class=\"meta-nav\">&rarr;<\/span><\/a><\/p>\n","protected":false},"author":188,"featured_media":130,"parent":17,"menu_order":0,"comment_status":"closed","ping_status":"closed","template":"","meta":{"_acf_changed":false,"footnotes":""},"class_list":["post-67","page","type-page","status-publish","has-post-thumbnail","hentry"],"acf":[],"_links":{"self":[{"href":"https:\/\/schule-wielandstrasse.hamburg.de\/index.php?rest_route=\/wp\/v2\/pages\/67","targetHints":{"allow":["GET"]}}],"collection":[{"href":"https:\/\/schule-wielandstrasse.hamburg.de\/index.php?rest_route=\/wp\/v2\/pages"}],"about":[{"href":"https:\/\/schule-wielandstrasse.hamburg.de\/index.php?rest_route=\/wp\/v2\/types\/page"}],"author":[{"embeddable":true,"href":"https:\/\/schule-wielandstrasse.hamburg.de\/index.php?rest_route=\/wp\/v2\/users\/188"}],"replies":[{"embeddable":true,"href":"https:\/\/schule-wielandstrasse.hamburg.de\/index.php?rest_route=%2Fwp%2Fv2%2Fcomments&post=67"}],"version-history":[{"count":4,"href":"https:\/\/schule-wielandstrasse.hamburg.de\/index.php?rest_route=\/wp\/v2\/pages\/67\/revisions"}],"predecessor-version":[{"id":9593,"href":"https:\/\/schule-wielandstrasse.hamburg.de\/index.php?rest_route=\/wp\/v2\/pages\/67\/revisions\/9593"}],"up":[{"embeddable":true,"href":"https:\/\/schule-wielandstrasse.hamburg.de\/index.php?rest_route=\/wp\/v2\/pages\/17"}],"wp:featuredmedia":[{"embeddable":true,"href":"https:\/\/schule-wielandstrasse.hamburg.de\/index.php?rest_route=\/wp\/v2\/media\/130"}],"wp:attachment":[{"href":"https:\/\/schule-wielandstrasse.hamburg.de\/index.php?rest_route=%2Fwp%2Fv2%2Fmedia&parent=67"}],"curies":[{"name":"wp","href":"https:\/\/api.w.org\/{rel}","templated":true}]}}