{"id":8310,"date":"2023-11-04T12:47:06","date_gmt":"2023-11-04T12:47:06","guid":{"rendered":"https:\/\/schule-wielandstrasse.hamburg.de\/?page_id=8310"},"modified":"2024-10-23T14:45:27","modified_gmt":"2024-10-23T14:45:27","slug":"krankmeldung","status":"publish","type":"page","link":"https:\/\/schule-wielandstrasse.hamburg.de\/?page_id=8310","title":{"rendered":"Krankmeldung"},"content":{"rendered":"<p><strong>Abmelden des Kindes im Krankheitsfall:&nbsp;<\/strong><\/p>\n<p>Nutzen Sie den Schulmanager, um Ihr Kind vom Unterricht abzumelden. Sie k\u00f6nnen im Schulmanager auch eine Notiz hinterlassen.<br \/>\nSollte es notwendig sein, k\u00f6nnen Sie Ihr Kind auch telefonisch \u00fcber das Schulb\u00fcro abmelden: 040\/4 28 86 18 0<\/p>\n<p>Achten Sie darauf, dass die Krankmeldung bis sp\u00e4testens 7:30 Uhr eingegangen ist, so dass sich alle Lehrkr\u00e4fte informieren k\u00f6nnen.<\/p>\n<p>Sollte Ihr Kind nicht am Sportunterricht teilnehmen k\u00f6nnen, erbitten Sie eine Freistellung im gelben Schulplaner. Die Sportfachkraft entscheidet inwieweit auf eine Teilnahme verzichtet wird. Sollte Ihr Kind l\u00e4nger am Sportunterricht nicht teilnehmen k\u00f6nnen ( ab 14 Tage ), ben\u00f6tigen wir ein Attest vom behandelnden Arzt.&nbsp;<\/p>\n<p><a href=\"https:\/\/schule-wielandstrasse.hamburg.de\/wp-content\/uploads\/sites\/121\/2024\/10\/Infekte-SJ-24-25.png\" data-rel=\"lightbox\" data-rl_title=\"\" data-rl_caption=\"\" title=\"\"><img loading=\"lazy\" decoding=\"async\" class=\"alignnone size-large wp-image-9588\" src=\"https:\/\/schule-wielandstrasse.hamburg.de\/wp-content\/uploads\/sites\/121\/2024\/10\/Infekte-SJ-24-25-698x1024.png\" alt=\"\" width=\"474\" height=\"695\" srcset=\"https:\/\/schule-wielandstrasse.hamburg.de\/wp-content\/uploads\/sites\/121\/2024\/10\/Infekte-SJ-24-25-698x1024.png 698w, https:\/\/schule-wielandstrasse.hamburg.de\/wp-content\/uploads\/sites\/121\/2024\/10\/Infekte-SJ-24-25-205x300.png 205w, https:\/\/schule-wielandstrasse.hamburg.de\/wp-content\/uploads\/sites\/121\/2024\/10\/Infekte-SJ-24-25-768x1126.png 768w, https:\/\/schule-wielandstrasse.hamburg.de\/wp-content\/uploads\/sites\/121\/2024\/10\/Infekte-SJ-24-25.png 854w\" sizes=\"auto, (max-width: 474px) 100vw, 474px\" \/><\/a><\/p>\n","protected":false},"excerpt":{"rendered":"<p>Abmelden des Kindes im Krankheitsfall:&nbsp; Nutzen Sie den Schulmanager, um Ihr Kind vom Unterricht abzumelden. Sie k\u00f6nnen im Schulmanager auch eine Notiz hinterlassen. Sollte es notwendig sein, k\u00f6nnen Sie Ihr Kind auch telefonisch \u00fcber das Schulb\u00fcro abmelden: 040\/4 28 86 18 0 Achten Sie darauf, dass die Krankmeldung bis sp\u00e4testens 7:30 Uhr eingegangen ist, so &hellip; <a href=\"https:\/\/schule-wielandstrasse.hamburg.de\/?page_id=8310\" class=\"more-link\"><span class=\"screen-reader-text\">Krankmeldung<\/span> weiterlesen <span class=\"meta-nav\">&rarr;<\/span><\/a><\/p>\n","protected":false},"author":188,"featured_media":8311,"parent":0,"menu_order":0,"comment_status":"closed","ping_status":"closed","template":"","meta":{"_acf_changed":false,"footnotes":""},"class_list":["post-8310","page","type-page","status-publish","has-post-thumbnail","hentry"],"acf":[],"_links":{"self":[{"href":"https:\/\/schule-wielandstrasse.hamburg.de\/index.php?rest_route=\/wp\/v2\/pages\/8310","targetHints":{"allow":["GET"]}}],"collection":[{"href":"https:\/\/schule-wielandstrasse.hamburg.de\/index.php?rest_route=\/wp\/v2\/pages"}],"about":[{"href":"https:\/\/schule-wielandstrasse.hamburg.de\/index.php?rest_route=\/wp\/v2\/types\/page"}],"author":[{"embeddable":true,"href":"https:\/\/schule-wielandstrasse.hamburg.de\/index.php?rest_route=\/wp\/v2\/users\/188"}],"replies":[{"embeddable":true,"href":"https:\/\/schule-wielandstrasse.hamburg.de\/index.php?rest_route=%2Fwp%2Fv2%2Fcomments&post=8310"}],"version-history":[{"count":4,"href":"https:\/\/schule-wielandstrasse.hamburg.de\/index.php?rest_route=\/wp\/v2\/pages\/8310\/revisions"}],"predecessor-version":[{"id":9589,"href":"https:\/\/schule-wielandstrasse.hamburg.de\/index.php?rest_route=\/wp\/v2\/pages\/8310\/revisions\/9589"}],"wp:featuredmedia":[{"embeddable":true,"href":"https:\/\/schule-wielandstrasse.hamburg.de\/index.php?rest_route=\/wp\/v2\/media\/8311"}],"wp:attachment":[{"href":"https:\/\/schule-wielandstrasse.hamburg.de\/index.php?rest_route=%2Fwp%2Fv2%2Fmedia&parent=8310"}],"curies":[{"name":"wp","href":"https:\/\/api.w.org\/{rel}","templated":true}]}}