{"id":8386,"date":"2023-11-13T08:21:28","date_gmt":"2023-11-13T08:21:28","guid":{"rendered":"https:\/\/schule-wielandstrasse.hamburg.de\/?page_id=8386"},"modified":"2023-11-13T13:55:20","modified_gmt":"2023-11-13T13:55:20","slug":"60-minuten-rhythmisierung","status":"publish","type":"page","link":"https:\/\/schule-wielandstrasse.hamburg.de\/?page_id=8386","title":{"rendered":"&#8230; mit der 60-Minuten Rhythmisierung"},"content":{"rendered":"<p style=\"font-weight: 400\"><strong>Die Rhythmisierung an der Schule Wielandstra\u00dfe<\/strong><\/p>\n<p style=\"font-weight: 400\">Seit dem Schuljahr 22\/23 bewegt sich die Schule Wielandstra\u00dfe in einem neuen Rhythmus.<\/p>\n<p style=\"font-weight: 400\">Weg von einer herk\u00f6mmlichen 45-Minuten Unterrichtsstunde zu einer 60-Minuten Einheit haben wir uns nach einem Konferenzbeschluss hierzu auf den Weg gemacht. Wir wollen \u201eechte\u201c Lernzeit in allen F\u00e4chern verl\u00e4ngern. W\u00e4hrend der 45-Minuten Rhythmisierung blieb h\u00e4ufig zu wenig Zeit, um Unterrichtsthemen reflektiert abzurunden. Durch eine Verl\u00e4ngerung der Lernzeit in allen F\u00e4chern k\u00f6nnen beispielsweise Aufbauten im Sport, Theaterproben, Gestaltungsaufgaben in Kunst und Experimente insgesamt intensiver genutzt werden. Nicht nur diesen \u201ekleinen\u201c Nebenf\u00e4chern, sondern auch den Hauptf\u00e4chern (Deutsch, Mathematik, Sachunterricht) kommt eine 60-Minuten Rhythmisierung zugute. Kooperative Lernformen, Differenzierung und die Reflexion von Arbeiten der Lernenden finden mehr Zeit und Qualit\u00e4t und Produktivit\u00e4t k\u00f6nnen erh\u00f6ht werden.<\/p>\n<p style=\"font-weight: 400\">Bei unseren j\u00fcngsten Lernenden im Jahrgang 1 und 2 k\u00f6nnen 60-min\u00fctige Stunden sinnvoll in kleine Lerneinheiten eingeteilt werden (3&#215;20 Min. oder 2&#215;30 Min.). Unsere Sch\u00fcler:innen haben sich schnell an unseren neuen Rhythmus gew\u00f6hnt und scheinen den ruhigeren Schulalltag durch die Reduktion der Stundenzahl positiv aufzunehmen. Ob dieser Eindruck stimmt, wird gegenw\u00e4rtig in allen Klassen evaluiert.<\/p>\n","protected":false},"excerpt":{"rendered":"<p>Die Rhythmisierung an der Schule Wielandstra\u00dfe Seit dem Schuljahr 22\/23 bewegt sich die Schule Wielandstra\u00dfe in einem neuen Rhythmus. Weg von einer herk\u00f6mmlichen 45-Minuten Unterrichtsstunde zu einer 60-Minuten Einheit haben wir uns nach einem Konferenzbeschluss hierzu auf den Weg gemacht. Wir wollen \u201eechte\u201c Lernzeit in allen F\u00e4chern verl\u00e4ngern. W\u00e4hrend der 45-Minuten Rhythmisierung blieb h\u00e4ufig zu &hellip; <a href=\"https:\/\/schule-wielandstrasse.hamburg.de\/?page_id=8386\" class=\"more-link\"><span class=\"screen-reader-text\">&#8230; mit der 60-Minuten Rhythmisierung<\/span> weiterlesen <span class=\"meta-nav\">&rarr;<\/span><\/a><\/p>\n","protected":false},"author":188,"featured_media":8388,"parent":0,"menu_order":0,"comment_status":"closed","ping_status":"closed","template":"","meta":{"_acf_changed":false,"footnotes":""},"class_list":["post-8386","page","type-page","status-publish","has-post-thumbnail","hentry"],"acf":[],"_links":{"self":[{"href":"https:\/\/schule-wielandstrasse.hamburg.de\/index.php?rest_route=\/wp\/v2\/pages\/8386","targetHints":{"allow":["GET"]}}],"collection":[{"href":"https:\/\/schule-wielandstrasse.hamburg.de\/index.php?rest_route=\/wp\/v2\/pages"}],"about":[{"href":"https:\/\/schule-wielandstrasse.hamburg.de\/index.php?rest_route=\/wp\/v2\/types\/page"}],"author":[{"embeddable":true,"href":"https:\/\/schule-wielandstrasse.hamburg.de\/index.php?rest_route=\/wp\/v2\/users\/188"}],"replies":[{"embeddable":true,"href":"https:\/\/schule-wielandstrasse.hamburg.de\/index.php?rest_route=%2Fwp%2Fv2%2Fcomments&post=8386"}],"version-history":[{"count":2,"href":"https:\/\/schule-wielandstrasse.hamburg.de\/index.php?rest_route=\/wp\/v2\/pages\/8386\/revisions"}],"predecessor-version":[{"id":8399,"href":"https:\/\/schule-wielandstrasse.hamburg.de\/index.php?rest_route=\/wp\/v2\/pages\/8386\/revisions\/8399"}],"wp:featuredmedia":[{"embeddable":true,"href":"https:\/\/schule-wielandstrasse.hamburg.de\/index.php?rest_route=\/wp\/v2\/media\/8388"}],"wp:attachment":[{"href":"https:\/\/schule-wielandstrasse.hamburg.de\/index.php?rest_route=%2Fwp%2Fv2%2Fmedia&parent=8386"}],"curies":[{"name":"wp","href":"https:\/\/api.w.org\/{rel}","templated":true}]}}