{"id":8406,"date":"2023-11-13T22:14:38","date_gmt":"2023-11-13T22:14:38","guid":{"rendered":"https:\/\/schule-wielandstrasse.hamburg.de\/?page_id=8406"},"modified":"2023-11-13T22:15:51","modified_gmt":"2023-11-13T22:15:51","slug":"mit-einem-gemeinsamen-schulplaner-und-dem-wieland-abc","status":"publish","type":"page","link":"https:\/\/schule-wielandstrasse.hamburg.de\/?page_id=8406","title":{"rendered":"&#8230; mit einem Schulplaner und dem Wieland-ABC"},"content":{"rendered":"<p style=\"font-weight: 400\">Die Lernenden an unserer Schule bekommen immer zum Halbjahresbeginn einen gelben Schulplaner. In diesen werden wichtige Informationen und die Lernaufgaben eingetragen. Die Eltern nutzen den Planer f\u00fcr Mitteilungen an die Lehrkr\u00e4fte und P\u00e4dagogInnen am Nachmittag.<\/p>\n<p><a href=\"https:\/\/schule-wielandstrasse.hamburg.de\/wp-content\/uploads\/sites\/121\/2023\/11\/Plan.png\" data-rel=\"lightbox\" data-rl_title=\"\" data-rl_caption=\"\" title=\"\"><img loading=\"lazy\" decoding=\"async\" class=\"alignnone size-full wp-image-8407\" src=\"https:\/\/schule-wielandstrasse.hamburg.de\/wp-content\/uploads\/sites\/121\/2023\/11\/Plan.png\" alt=\"\" width=\"375\" height=\"631\" srcset=\"https:\/\/schule-wielandstrasse.hamburg.de\/wp-content\/uploads\/sites\/121\/2023\/11\/Plan.png 375w, https:\/\/schule-wielandstrasse.hamburg.de\/wp-content\/uploads\/sites\/121\/2023\/11\/Plan-178x300.png 178w\" sizes=\"auto, (max-width: 375px) 100vw, 375px\" \/><\/a><\/p>\n<p>Das Personal an der Wielandstra\u00dfe kann sich an unserem Wieland-ABC orientieren. Dort stehen wichtige Informationen, Zug\u00e4nge und Abl\u00e4ufe, die das Arbeiten an unserer Schule erleichtern. Das Wieland-ABC wird fortlaufend aktualisiert<\/p>\n<p><a href=\"https:\/\/schule-wielandstrasse.hamburg.de\/wp-content\/uploads\/sites\/121\/2023\/11\/Unbenannt-1.png\" data-rel=\"lightbox\" data-rl_title=\"\" data-rl_caption=\"\" title=\"\"><img loading=\"lazy\" decoding=\"async\" class=\"alignnone size-full wp-image-8408\" src=\"https:\/\/schule-wielandstrasse.hamburg.de\/wp-content\/uploads\/sites\/121\/2023\/11\/Unbenannt-1.png\" alt=\"\" width=\"541\" height=\"422\" srcset=\"https:\/\/schule-wielandstrasse.hamburg.de\/wp-content\/uploads\/sites\/121\/2023\/11\/Unbenannt-1.png 541w, https:\/\/schule-wielandstrasse.hamburg.de\/wp-content\/uploads\/sites\/121\/2023\/11\/Unbenannt-1-300x234.png 300w\" sizes=\"auto, (max-width: 541px) 100vw, 541px\" \/><\/a><\/p>\n","protected":false},"excerpt":{"rendered":"<p>Die Lernenden an unserer Schule bekommen immer zum Halbjahresbeginn einen gelben Schulplaner. In diesen werden wichtige Informationen und die Lernaufgaben eingetragen. Die Eltern nutzen den Planer f\u00fcr Mitteilungen an die Lehrkr\u00e4fte und P\u00e4dagogInnen am Nachmittag. Das Personal an der Wielandstra\u00dfe kann sich an unserem Wieland-ABC orientieren. Dort stehen wichtige Informationen, Zug\u00e4nge und Abl\u00e4ufe, die das &hellip; <a href=\"https:\/\/schule-wielandstrasse.hamburg.de\/?page_id=8406\" class=\"more-link\"><span class=\"screen-reader-text\">&#8230; mit einem Schulplaner und dem Wieland-ABC<\/span> weiterlesen <span class=\"meta-nav\">&rarr;<\/span><\/a><\/p>\n","protected":false},"author":188,"featured_media":8408,"parent":0,"menu_order":0,"comment_status":"closed","ping_status":"closed","template":"","meta":{"_acf_changed":false,"footnotes":""},"class_list":["post-8406","page","type-page","status-publish","has-post-thumbnail","hentry"],"acf":[],"_links":{"self":[{"href":"https:\/\/schule-wielandstrasse.hamburg.de\/index.php?rest_route=\/wp\/v2\/pages\/8406","targetHints":{"allow":["GET"]}}],"collection":[{"href":"https:\/\/schule-wielandstrasse.hamburg.de\/index.php?rest_route=\/wp\/v2\/pages"}],"about":[{"href":"https:\/\/schule-wielandstrasse.hamburg.de\/index.php?rest_route=\/wp\/v2\/types\/page"}],"author":[{"embeddable":true,"href":"https:\/\/schule-wielandstrasse.hamburg.de\/index.php?rest_route=\/wp\/v2\/users\/188"}],"replies":[{"embeddable":true,"href":"https:\/\/schule-wielandstrasse.hamburg.de\/index.php?rest_route=%2Fwp%2Fv2%2Fcomments&post=8406"}],"version-history":[{"count":2,"href":"https:\/\/schule-wielandstrasse.hamburg.de\/index.php?rest_route=\/wp\/v2\/pages\/8406\/revisions"}],"predecessor-version":[{"id":8411,"href":"https:\/\/schule-wielandstrasse.hamburg.de\/index.php?rest_route=\/wp\/v2\/pages\/8406\/revisions\/8411"}],"wp:featuredmedia":[{"embeddable":true,"href":"https:\/\/schule-wielandstrasse.hamburg.de\/index.php?rest_route=\/wp\/v2\/media\/8408"}],"wp:attachment":[{"href":"https:\/\/schule-wielandstrasse.hamburg.de\/index.php?rest_route=%2Fwp%2Fv2%2Fmedia&parent=8406"}],"curies":[{"name":"wp","href":"https:\/\/api.w.org\/{rel}","templated":true}]}}