{"id":907,"date":"2016-07-01T16:42:52","date_gmt":"2016-07-01T16:42:52","guid":{"rendered":"http:\/\/schule-wielandstrasse.hamburg.de\/?page_id=907"},"modified":"2020-03-11T11:51:15","modified_gmt":"2020-03-11T11:51:15","slug":"was-leistet-der-schulverein-durch-ihre-beitraege","status":"publish","type":"page","link":"https:\/\/schule-wielandstrasse.hamburg.de\/?page_id=907","title":{"rendered":"Was leistet der Schulverein?"},"content":{"rendered":"<p>Was leistet der Schulverein durch Ihre Beitr\u00e4ge?<\/p>\n<p>Der Schulverein f\u00f6rdert das aktive Schulleben und die Unterst\u00fctzung gilt allen Schulkindern der Schule Wielandstra\u00dfe.&nbsp;Der Schulverein zahlt Zusch\u00fcsse:<\/p>\n<ul>\n<li>f\u00fcr den Erwerb von Spielger\u00e4ten<\/li>\n<li>f\u00fcr eine Vielzahl von Einzelprojekten (Kletterger\u00fcst, Keramikwandbild, Theater)<\/li>\n<li>f\u00fcr den Wasserspender in der Aula<\/li>\n<li>f\u00fcr die Ausrichtung verschiedener Schulfeste<\/li>\n<li>f\u00fcr die Ausrichtung der Einschulungsfeier<\/li>\n<li>f\u00fcr den Kauf von Dekoration, Adventskr\u00e4nzen etc zur Weihnachtszeit<\/li>\n<li>in Einzelf\u00e4llen f\u00fcr die Kosten von Klassenreisen und Schulausfl\u00fcgen<\/li>\n<li>und vieles mehr<\/li>\n<\/ul>\n<p>Seien auch Sie dabei!<\/p>\n<p>Anschaffungen von Spielger\u00e4ten f\u00fcr die aktive Pause.<br \/>\nEinige Beispiele:<\/p>\n<div id='gallery-1' class='gallery galleryid-907 gallery-columns-3 gallery-size-thumbnail'><figure class='gallery-item'>\n\t\t\t<div class='gallery-icon landscape'>\n\t\t\t\t<a href='https:\/\/schule-wielandstrasse.hamburg.de\/wp-content\/uploads\/sites\/121\/2016\/07\/winther-u-rider-8900484-2.jpg' title=\"\" data-rl_title=\"\" class=\"rl-gallery-link\" data-rl_caption=\"\" data-rel=\"lightbox-gallery-1\"><img loading=\"lazy\" decoding=\"async\" width=\"150\" height=\"150\" src=\"https:\/\/schule-wielandstrasse.hamburg.de\/wp-content\/uploads\/sites\/121\/2016\/07\/winther-u-rider-8900484-2-150x150.jpg\" class=\"attachment-thumbnail size-thumbnail\" alt=\"\" aria-describedby=\"gallery-1-1088\" srcset=\"https:\/\/schule-wielandstrasse.hamburg.de\/wp-content\/uploads\/sites\/121\/2016\/07\/winther-u-rider-8900484-2-150x150.jpg 150w, https:\/\/schule-wielandstrasse.hamburg.de\/wp-content\/uploads\/sites\/121\/2016\/07\/winther-u-rider-8900484-2-50x50.jpg 50w\" sizes=\"auto, (max-width: 150px) 100vw, 150px\" \/><\/a>\n\t\t\t<\/div>\n\t\t\t\t<figcaption class='wp-caption-text gallery-caption' id='gallery-1-1088'>\n\t\t\t\tU-Rider\n\t\t\t\t<\/figcaption><\/figure><figure class='gallery-item'>\n\t\t\t<div class='gallery-icon portrait'>\n\t\t\t\t<a href='https:\/\/schule-wielandstrasse.hamburg.de\/wp-content\/uploads\/sites\/121\/2016\/07\/hockeysticks.jpeg' title=\"\" data-rl_title=\"\" class=\"rl-gallery-link\" data-rl_caption=\"\" data-rel=\"lightbox-gallery-1\"><img loading=\"lazy\" decoding=\"async\" width=\"150\" height=\"150\" src=\"https:\/\/schule-wielandstrasse.hamburg.de\/wp-content\/uploads\/sites\/121\/2016\/07\/hockeysticks-150x150.jpeg\" class=\"attachment-thumbnail size-thumbnail\" alt=\"\" aria-describedby=\"gallery-1-1089\" srcset=\"https:\/\/schule-wielandstrasse.hamburg.de\/wp-content\/uploads\/sites\/121\/2016\/07\/hockeysticks-150x150.jpeg 150w, https:\/\/schule-wielandstrasse.hamburg.de\/wp-content\/uploads\/sites\/121\/2016\/07\/hockeysticks-50x50.jpeg 50w\" sizes=\"auto, (max-width: 150px) 100vw, 150px\" \/><\/a>\n\t\t\t<\/div>\n\t\t\t\t<figcaption class='wp-caption-text gallery-caption' id='gallery-1-1089'>\n\t\t\t\tHockeyset\n\t\t\t\t<\/figcaption><\/figure><figure class='gallery-item'>\n\t\t\t<div class='gallery-icon portrait'>\n\t\t\t\t<a href='https:\/\/schule-wielandstrasse.hamburg.de\/wp-content\/uploads\/sites\/121\/2016\/07\/balance-bike.jpeg' title=\"\" data-rl_title=\"\" class=\"rl-gallery-link\" data-rl_caption=\"\" data-rel=\"lightbox-gallery-1\"><img loading=\"lazy\" decoding=\"async\" width=\"150\" height=\"150\" src=\"https:\/\/schule-wielandstrasse.hamburg.de\/wp-content\/uploads\/sites\/121\/2016\/07\/balance-bike-150x150.jpeg\" class=\"attachment-thumbnail size-thumbnail\" alt=\"\" aria-describedby=\"gallery-1-1090\" srcset=\"https:\/\/schule-wielandstrasse.hamburg.de\/wp-content\/uploads\/sites\/121\/2016\/07\/balance-bike-150x150.jpeg 150w, https:\/\/schule-wielandstrasse.hamburg.de\/wp-content\/uploads\/sites\/121\/2016\/07\/balance-bike-50x50.jpeg 50w, https:\/\/schule-wielandstrasse.hamburg.de\/wp-content\/uploads\/sites\/121\/2016\/07\/balance-bike-578x576.jpeg 578w\" sizes=\"auto, (max-width: 150px) 100vw, 150px\" \/><\/a>\n\t\t\t<\/div>\n\t\t\t\t<figcaption class='wp-caption-text gallery-caption' id='gallery-1-1090'>\n\t\t\t\tBalance Bike\n\t\t\t\t<\/figcaption><\/figure><figure class='gallery-item'>\n\t\t\t<div class='gallery-icon portrait'>\n\t\t\t\t<a href='https:\/\/schule-wielandstrasse.hamburg.de\/wp-content\/uploads\/sites\/121\/2016\/07\/Wandaufh\u00e4ngung.jpeg' title=\"\" data-rl_title=\"\" class=\"rl-gallery-link\" data-rl_caption=\"\" data-rel=\"lightbox-gallery-1\"><img loading=\"lazy\" decoding=\"async\" width=\"150\" height=\"150\" src=\"https:\/\/schule-wielandstrasse.hamburg.de\/wp-content\/uploads\/sites\/121\/2016\/07\/Wandaufh\u00e4ngung-150x150.jpeg\" class=\"attachment-thumbnail size-thumbnail\" alt=\"\" aria-describedby=\"gallery-1-1091\" srcset=\"https:\/\/schule-wielandstrasse.hamburg.de\/wp-content\/uploads\/sites\/121\/2016\/07\/Wandaufh\u00e4ngung-150x150.jpeg 150w, https:\/\/schule-wielandstrasse.hamburg.de\/wp-content\/uploads\/sites\/121\/2016\/07\/Wandaufh\u00e4ngung-50x50.jpeg 50w, https:\/\/schule-wielandstrasse.hamburg.de\/wp-content\/uploads\/sites\/121\/2016\/07\/Wandaufh\u00e4ngung-372x372.jpeg 372w\" sizes=\"auto, (max-width: 150px) 100vw, 150px\" \/><\/a>\n\t\t\t<\/div>\n\t\t\t\t<figcaption class='wp-caption-text gallery-caption' id='gallery-1-1091'>\n\t\t\t\tAufh\u00e4ngevorrichtung\n\t\t\t\t<\/figcaption><\/figure><figure class='gallery-item'>\n\t\t\t<div class='gallery-icon landscape'>\n\t\t\t\t<a href='https:\/\/schule-wielandstrasse.hamburg.de\/wp-content\/uploads\/sites\/121\/2016\/07\/ballwagen.jpeg' title=\"\" data-rl_title=\"\" class=\"rl-gallery-link\" data-rl_caption=\"\" data-rel=\"lightbox-gallery-1\"><img loading=\"lazy\" decoding=\"async\" width=\"150\" height=\"150\" src=\"https:\/\/schule-wielandstrasse.hamburg.de\/wp-content\/uploads\/sites\/121\/2016\/07\/ballwagen-150x150.jpeg\" class=\"attachment-thumbnail size-thumbnail\" alt=\"\" aria-describedby=\"gallery-1-1092\" srcset=\"https:\/\/schule-wielandstrasse.hamburg.de\/wp-content\/uploads\/sites\/121\/2016\/07\/ballwagen-150x150.jpeg 150w, https:\/\/schule-wielandstrasse.hamburg.de\/wp-content\/uploads\/sites\/121\/2016\/07\/ballwagen-50x50.jpeg 50w\" sizes=\"auto, (max-width: 150px) 100vw, 150px\" \/><\/a>\n\t\t\t<\/div>\n\t\t\t\t<figcaption class='wp-caption-text gallery-caption' id='gallery-1-1092'>\n\t\t\t\tBallwagen\n\t\t\t\t<\/figcaption><\/figure><figure class='gallery-item'>\n\t\t\t<div class='gallery-icon landscape'>\n\t\t\t\t<a href='https:\/\/schule-wielandstrasse.hamburg.de\/wp-content\/uploads\/sites\/121\/2016\/07\/waveboard.jpeg' title=\"\" data-rl_title=\"\" class=\"rl-gallery-link\" data-rl_caption=\"\" data-rel=\"lightbox-gallery-1\"><img loading=\"lazy\" decoding=\"async\" width=\"150\" height=\"150\" src=\"https:\/\/schule-wielandstrasse.hamburg.de\/wp-content\/uploads\/sites\/121\/2016\/07\/waveboard-150x150.jpeg\" class=\"attachment-thumbnail size-thumbnail\" alt=\"\" aria-describedby=\"gallery-1-1093\" srcset=\"https:\/\/schule-wielandstrasse.hamburg.de\/wp-content\/uploads\/sites\/121\/2016\/07\/waveboard-150x150.jpeg 150w, https:\/\/schule-wielandstrasse.hamburg.de\/wp-content\/uploads\/sites\/121\/2016\/07\/waveboard-50x50.jpeg 50w\" sizes=\"auto, (max-width: 150px) 100vw, 150px\" \/><\/a>\n\t\t\t<\/div>\n\t\t\t\t<figcaption class='wp-caption-text gallery-caption' id='gallery-1-1093'>\n\t\t\t\tWaveboards\n\t\t\t\t<\/figcaption><\/figure><figure class='gallery-item'>\n\t\t\t<div class='gallery-icon portrait'>\n\t\t\t\t<a href='https:\/\/schule-wielandstrasse.hamburg.de\/wp-content\/uploads\/sites\/121\/2016\/07\/funracer.jpeg' title=\"\" data-rl_title=\"\" class=\"rl-gallery-link\" data-rl_caption=\"\" data-rel=\"lightbox-gallery-1\"><img loading=\"lazy\" decoding=\"async\" width=\"150\" height=\"150\" src=\"https:\/\/schule-wielandstrasse.hamburg.de\/wp-content\/uploads\/sites\/121\/2016\/07\/funracer-150x150.jpeg\" class=\"attachment-thumbnail size-thumbnail\" alt=\"\" aria-describedby=\"gallery-1-1094\" srcset=\"https:\/\/schule-wielandstrasse.hamburg.de\/wp-content\/uploads\/sites\/121\/2016\/07\/funracer-150x150.jpeg 150w, https:\/\/schule-wielandstrasse.hamburg.de\/wp-content\/uploads\/sites\/121\/2016\/07\/funracer-50x50.jpeg 50w\" sizes=\"auto, (max-width: 150px) 100vw, 150px\" \/><\/a>\n\t\t\t<\/div>\n\t\t\t\t<figcaption class='wp-caption-text gallery-caption' id='gallery-1-1094'>\n\t\t\t\tFun racer\n\t\t\t\t<\/figcaption><\/figure><figure class='gallery-item'>\n\t\t\t<div class='gallery-icon portrait'>\n\t\t\t\t<a href='https:\/\/schule-wielandstrasse.hamburg.de\/wp-content\/uploads\/sites\/121\/2016\/07\/riesenkreisel.jpeg' title=\"\" data-rl_title=\"\" class=\"rl-gallery-link\" data-rl_caption=\"\" data-rel=\"lightbox-gallery-1\"><img loading=\"lazy\" decoding=\"async\" width=\"150\" height=\"150\" src=\"https:\/\/schule-wielandstrasse.hamburg.de\/wp-content\/uploads\/sites\/121\/2016\/07\/riesenkreisel-150x150.jpeg\" class=\"attachment-thumbnail size-thumbnail\" alt=\"\" aria-describedby=\"gallery-1-1095\" srcset=\"https:\/\/schule-wielandstrasse.hamburg.de\/wp-content\/uploads\/sites\/121\/2016\/07\/riesenkreisel-150x150.jpeg 150w, https:\/\/schule-wielandstrasse.hamburg.de\/wp-content\/uploads\/sites\/121\/2016\/07\/riesenkreisel-50x50.jpeg 50w\" sizes=\"auto, (max-width: 150px) 100vw, 150px\" \/><\/a>\n\t\t\t<\/div>\n\t\t\t\t<figcaption class='wp-caption-text gallery-caption' id='gallery-1-1095'>\n\t\t\t\tRiesenkreisel\n\t\t\t\t<\/figcaption><\/figure><figure class='gallery-item'>\n\t\t\t<div class='gallery-icon portrait'>\n\t\t\t\t<a href='https:\/\/schule-wielandstrasse.hamburg.de\/wp-content\/uploads\/sites\/121\/2016\/07\/skateboard.jpeg' title=\"\" data-rl_title=\"\" class=\"rl-gallery-link\" data-rl_caption=\"\" data-rel=\"lightbox-gallery-1\"><img loading=\"lazy\" decoding=\"async\" width=\"150\" height=\"150\" src=\"https:\/\/schule-wielandstrasse.hamburg.de\/wp-content\/uploads\/sites\/121\/2016\/07\/skateboard-150x150.jpeg\" class=\"attachment-thumbnail size-thumbnail\" alt=\"\" aria-describedby=\"gallery-1-1096\" srcset=\"https:\/\/schule-wielandstrasse.hamburg.de\/wp-content\/uploads\/sites\/121\/2016\/07\/skateboard-150x150.jpeg 150w, https:\/\/schule-wielandstrasse.hamburg.de\/wp-content\/uploads\/sites\/121\/2016\/07\/skateboard-50x50.jpeg 50w\" sizes=\"auto, (max-width: 150px) 100vw, 150px\" \/><\/a>\n\t\t\t<\/div>\n\t\t\t\t<figcaption class='wp-caption-text gallery-caption' id='gallery-1-1096'>\n\t\t\t\tSkateboards\n\t\t\t\t<\/figcaption><\/figure><figure class='gallery-item'>\n\t\t\t<div class='gallery-icon landscape'>\n\t\t\t\t<a href='https:\/\/schule-wielandstrasse.hamburg.de\/wp-content\/uploads\/sites\/121\/2020\/03\/IMG_1401.jpeg' title=\"\" data-rl_title=\"\" class=\"rl-gallery-link\" data-rl_caption=\"\" data-rel=\"lightbox-gallery-1\"><img loading=\"lazy\" decoding=\"async\" width=\"150\" height=\"150\" src=\"https:\/\/schule-wielandstrasse.hamburg.de\/wp-content\/uploads\/sites\/121\/2020\/03\/IMG_1401-150x150.jpeg\" class=\"attachment-thumbnail size-thumbnail\" alt=\"\" aria-describedby=\"gallery-1-2727\" \/><\/a>\n\t\t\t<\/div>\n\t\t\t\t<figcaption class='wp-caption-text gallery-caption' id='gallery-1-2727'>\n\t\t\t\tBootsmannhaus\n\t\t\t\t<\/figcaption><\/figure><figure class='gallery-item'>\n\t\t\t<div class='gallery-icon portrait'>\n\t\t\t\t<a href='https:\/\/schule-wielandstrasse.hamburg.de\/wp-content\/uploads\/sites\/121\/2020\/02\/Fasching_klein.jpg' title=\"\" data-rl_title=\"\" class=\"rl-gallery-link\" data-rl_caption=\"\" data-rel=\"lightbox-gallery-1\"><img loading=\"lazy\" decoding=\"async\" width=\"150\" height=\"150\" src=\"https:\/\/schule-wielandstrasse.hamburg.de\/wp-content\/uploads\/sites\/121\/2020\/02\/Fasching_klein-150x150.jpg\" class=\"attachment-thumbnail size-thumbnail\" alt=\"\" aria-describedby=\"gallery-1-2696\" \/><\/a>\n\t\t\t<\/div>\n\t\t\t\t<figcaption class='wp-caption-text gallery-caption' id='gallery-1-2696'>\n\t\t\t\tFeste\n\t\t\t\t<\/figcaption><\/figure><figure class='gallery-item'>\n\t\t\t<div class='gallery-icon landscape'>\n\t\t\t\t<a href='https:\/\/schule-wielandstrasse.hamburg.de\/wp-content\/uploads\/sites\/121\/2020\/02\/Bildschirmfoto-2020-02-04-um-18.40.44.png' title=\"\" data-rl_title=\"\" class=\"rl-gallery-link\" data-rl_caption=\"\" data-rel=\"lightbox-gallery-1\"><img loading=\"lazy\" decoding=\"async\" width=\"150\" height=\"150\" src=\"https:\/\/schule-wielandstrasse.hamburg.de\/wp-content\/uploads\/sites\/121\/2020\/02\/Bildschirmfoto-2020-02-04-um-18.40.44-150x150.png\" class=\"attachment-thumbnail size-thumbnail\" alt=\"\" aria-describedby=\"gallery-1-2621\" \/><\/a>\n\t\t\t<\/div>\n\t\t\t\t<figcaption class='wp-caption-text gallery-caption' id='gallery-1-2621'>\n\t\t\t\tWettbewerbe\n\t\t\t\t<\/figcaption><\/figure><figure class='gallery-item'>\n\t\t\t<div class='gallery-icon landscape'>\n\t\t\t\t<a href='https:\/\/schule-wielandstrasse.hamburg.de\/wp-content\/uploads\/sites\/121\/2020\/02\/kletterpause5.jpg' title=\"\" data-rl_title=\"\" class=\"rl-gallery-link\" data-rl_caption=\"\" data-rel=\"lightbox-gallery-1\"><img loading=\"lazy\" decoding=\"async\" width=\"150\" height=\"150\" src=\"https:\/\/schule-wielandstrasse.hamburg.de\/wp-content\/uploads\/sites\/121\/2020\/02\/kletterpause5-150x150.jpg\" class=\"attachment-thumbnail size-thumbnail\" alt=\"\" aria-describedby=\"gallery-1-2600\" \/><\/a>\n\t\t\t<\/div>\n\t\t\t\t<figcaption class='wp-caption-text gallery-caption' id='gallery-1-2600'>\n\t\t\t\tGer\u00e4te f\u00fcr den Sport\n\t\t\t\t<\/figcaption><\/figure><figure class='gallery-item'>\n\t\t\t<div class='gallery-icon portrait'>\n\t\t\t\t<a href='https:\/\/schule-wielandstrasse.hamburg.de\/wp-content\/uploads\/sites\/121\/2020\/01\/IMG_0411.jpg' title=\"\" data-rl_title=\"\" class=\"rl-gallery-link\" data-rl_caption=\"\" data-rel=\"lightbox-gallery-1\"><img loading=\"lazy\" decoding=\"async\" width=\"150\" height=\"150\" src=\"https:\/\/schule-wielandstrasse.hamburg.de\/wp-content\/uploads\/sites\/121\/2020\/01\/IMG_0411-150x150.jpg\" class=\"attachment-thumbnail size-thumbnail\" alt=\"\" aria-describedby=\"gallery-1-2573\" \/><\/a>\n\t\t\t<\/div>\n\t\t\t\t<figcaption class='wp-caption-text gallery-caption' id='gallery-1-2573'>\n\t\t\t\tPausenmaterial\n\t\t\t\t<\/figcaption><\/figure><figure class='gallery-item'>\n\t\t\t<div class='gallery-icon portrait'>\n\t\t\t\t<a href='https:\/\/schule-wielandstrasse.hamburg.de\/wp-content\/uploads\/sites\/121\/2019\/11\/IMG_2770-web.jpg' title=\"\" data-rl_title=\"\" class=\"rl-gallery-link\" data-rl_caption=\"\" data-rel=\"lightbox-gallery-1\"><img loading=\"lazy\" decoding=\"async\" width=\"150\" height=\"150\" src=\"https:\/\/schule-wielandstrasse.hamburg.de\/wp-content\/uploads\/sites\/121\/2019\/11\/IMG_2770-web-150x150.jpg\" class=\"attachment-thumbnail size-thumbnail\" alt=\"\" aria-describedby=\"gallery-1-2507\" \/><\/a>\n\t\t\t<\/div>\n\t\t\t\t<figcaption class='wp-caption-text gallery-caption' id='gallery-1-2507'>\n\t\t\t\tWeihnachtsbaum und Demo\n\t\t\t\t<\/figcaption><\/figure><figure class='gallery-item'>\n\t\t\t<div class='gallery-icon landscape'>\n\t\t\t\t<a href='https:\/\/schule-wielandstrasse.hamburg.de\/wp-content\/uploads\/sites\/121\/2019\/11\/Deckblatt_20.jpg' title=\"\" data-rl_title=\"\" class=\"rl-gallery-link\" data-rl_caption=\"\" data-rel=\"lightbox-gallery-1\"><img loading=\"lazy\" decoding=\"async\" width=\"150\" height=\"150\" src=\"https:\/\/schule-wielandstrasse.hamburg.de\/wp-content\/uploads\/sites\/121\/2019\/11\/Deckblatt_20-150x150.jpg\" class=\"attachment-thumbnail size-thumbnail\" alt=\"\" aria-describedby=\"gallery-1-2465\" \/><\/a>\n\t\t\t<\/div>\n\t\t\t\t<figcaption class='wp-caption-text gallery-caption' id='gallery-1-2465'>\n\t\t\t\tWielandartikel\n\t\t\t\t<\/figcaption><\/figure><figure class='gallery-item'>\n\t\t\t<div class='gallery-icon landscape'>\n\t\t\t\t<a href='https:\/\/schule-wielandstrasse.hamburg.de\/wp-content\/uploads\/sites\/121\/2019\/09\/IVK.jpg' title=\"\" data-rl_title=\"\" class=\"rl-gallery-link\" data-rl_caption=\"\" data-rel=\"lightbox-gallery-1\"><img loading=\"lazy\" decoding=\"async\" width=\"150\" height=\"150\" src=\"https:\/\/schule-wielandstrasse.hamburg.de\/wp-content\/uploads\/sites\/121\/2019\/09\/IVK-150x150.jpg\" class=\"attachment-thumbnail size-thumbnail\" alt=\"\" aria-describedby=\"gallery-1-2404\" \/><\/a>\n\t\t\t<\/div>\n\t\t\t\t<figcaption class='wp-caption-text gallery-caption' id='gallery-1-2404'>\n\t\t\t\tTrikots\n\t\t\t\t<\/figcaption><\/figure><figure class='gallery-item'>\n\t\t\t<div class='gallery-icon landscape'>\n\t\t\t\t<a href='https:\/\/schule-wielandstrasse.hamburg.de\/wp-content\/uploads\/sites\/121\/2019\/05\/IMG_0011.jpeg' title=\"\" data-rl_title=\"\" class=\"rl-gallery-link\" data-rl_caption=\"\" data-rel=\"lightbox-gallery-1\"><img loading=\"lazy\" decoding=\"async\" width=\"150\" height=\"150\" src=\"https:\/\/schule-wielandstrasse.hamburg.de\/wp-content\/uploads\/sites\/121\/2019\/05\/IMG_0011-150x150.jpeg\" class=\"attachment-thumbnail size-thumbnail\" alt=\"\" aria-describedby=\"gallery-1-2165\" \/><\/a>\n\t\t\t<\/div>\n\t\t\t\t<figcaption class='wp-caption-text gallery-caption' id='gallery-1-2165'>\n\t\t\t\tWielandvernissage\n\t\t\t\t<\/figcaption><\/figure><figure class='gallery-item'>\n\t\t\t<div class='gallery-icon portrait'>\n\t\t\t\t<a href='https:\/\/schule-wielandstrasse.hamburg.de\/wp-content\/uploads\/sites\/121\/2018\/06\/IMG_3586.jpg' title=\"\" data-rl_title=\"\" class=\"rl-gallery-link\" data-rl_caption=\"\" data-rel=\"lightbox-gallery-1\"><img loading=\"lazy\" decoding=\"async\" width=\"150\" height=\"150\" src=\"https:\/\/schule-wielandstrasse.hamburg.de\/wp-content\/uploads\/sites\/121\/2018\/06\/IMG_3586-150x150.jpg\" class=\"attachment-thumbnail size-thumbnail\" alt=\"\" aria-describedby=\"gallery-1-1709\" srcset=\"https:\/\/schule-wielandstrasse.hamburg.de\/wp-content\/uploads\/sites\/121\/2018\/06\/IMG_3586-150x150.jpg 150w, https:\/\/schule-wielandstrasse.hamburg.de\/wp-content\/uploads\/sites\/121\/2018\/06\/IMG_3586-50x50.jpg 50w\" sizes=\"auto, (max-width: 150px) 100vw, 150px\" \/><\/a>\n\t\t\t<\/div>\n\t\t\t\t<figcaption class='wp-caption-text gallery-caption' id='gallery-1-1709'>\n\t\t\t\tMedaillen \n\t\t\t\t<\/figcaption><\/figure>\n\t\t<\/div>\n\n<p><a href=\"https:\/\/schule-wielandstrasse.hamburg.de\/?page_id=171\">Schulverein<\/a><\/p>\n<p><a href=\"https:\/\/schule-wielandstrasse.hamburg.de\/?page_id=915\">Spenden an den Schulverein<\/a><\/p>\n<p><a href=\"https:\/\/schule-wielandstrasse.hamburg.de\/wp-content\/uploads\/sites\/121\/2016\/07\/Satzung_Schulverein_Schule_Wielandstra\u00dfe_e.V._Schulkonferenz_04042007.pdf\">Satzung des Schulvereins<\/a><\/p>\n<p><a href=\"https:\/\/schule-wielandstrasse.hamburg.de\/?page_id=916\">Vorstand und Anschrift<\/a><\/p>\n","protected":false},"excerpt":{"rendered":"<p>Was leistet der Schulverein durch Ihre Beitr\u00e4ge? Der Schulverein f\u00f6rdert das aktive Schulleben und die Unterst\u00fctzung gilt allen Schulkindern der Schule Wielandstra\u00dfe.&nbsp;Der Schulverein zahlt Zusch\u00fcsse: f\u00fcr den Erwerb von Spielger\u00e4ten f\u00fcr eine Vielzahl von Einzelprojekten (Kletterger\u00fcst, Keramikwandbild, Theater) f\u00fcr den Wasserspender in der Aula f\u00fcr die Ausrichtung verschiedener Schulfeste f\u00fcr die Ausrichtung der Einschulungsfeier f\u00fcr &hellip; <a href=\"https:\/\/schule-wielandstrasse.hamburg.de\/?page_id=907\" class=\"more-link\"><span class=\"screen-reader-text\">Was leistet der Schulverein?<\/span> weiterlesen <span class=\"meta-nav\">&rarr;<\/span><\/a><\/p>\n","protected":false},"author":188,"featured_media":911,"parent":0,"menu_order":0,"comment_status":"closed","ping_status":"closed","template":"","meta":{"_acf_changed":false,"footnotes":""},"class_list":["post-907","page","type-page","status-publish","has-post-thumbnail","hentry"],"acf":[],"_links":{"self":[{"href":"https:\/\/schule-wielandstrasse.hamburg.de\/index.php?rest_route=\/wp\/v2\/pages\/907","targetHints":{"allow":["GET"]}}],"collection":[{"href":"https:\/\/schule-wielandstrasse.hamburg.de\/index.php?rest_route=\/wp\/v2\/pages"}],"about":[{"href":"https:\/\/schule-wielandstrasse.hamburg.de\/index.php?rest_route=\/wp\/v2\/types\/page"}],"author":[{"embeddable":true,"href":"https:\/\/schule-wielandstrasse.hamburg.de\/index.php?rest_route=\/wp\/v2\/users\/188"}],"replies":[{"embeddable":true,"href":"https:\/\/schule-wielandstrasse.hamburg.de\/index.php?rest_route=%2Fwp%2Fv2%2Fcomments&post=907"}],"version-history":[{"count":2,"href":"https:\/\/schule-wielandstrasse.hamburg.de\/index.php?rest_route=\/wp\/v2\/pages\/907\/revisions"}],"predecessor-version":[{"id":2728,"href":"https:\/\/schule-wielandstrasse.hamburg.de\/index.php?rest_route=\/wp\/v2\/pages\/907\/revisions\/2728"}],"wp:featuredmedia":[{"embeddable":true,"href":"https:\/\/schule-wielandstrasse.hamburg.de\/index.php?rest_route=\/wp\/v2\/media\/911"}],"wp:attachment":[{"href":"https:\/\/schule-wielandstrasse.hamburg.de\/index.php?rest_route=%2Fwp%2Fv2%2Fmedia&parent=907"}],"curies":[{"name":"wp","href":"https:\/\/api.w.org\/{rel}","templated":true}]}}