{"id":915,"date":"2016-07-01T18:00:40","date_gmt":"2016-07-01T18:00:40","guid":{"rendered":"http:\/\/schule-wielandstrasse.hamburg.de\/?page_id=915"},"modified":"2025-11-19T19:50:13","modified_gmt":"2025-11-19T18:50:13","slug":"915-2","status":"publish","type":"page","link":"https:\/\/schule-wielandstrasse.hamburg.de\/?page_id=915","title":{"rendered":"Spenden an den Schulverein"},"content":{"rendered":"<p>Ihre Mitgliedsbeitr\u00e4ge, Ihre aktive Unterst\u00fctzung und Ihre Spenden tragen dazu bei, unsere Schule zu erhalten und sch\u00f6ner zu machen. Ihre Kinder nehmen heute vieles in Anspruch, was fr\u00fcher und heute vom Schulverein finanziert wurde und wird. Spenden sind steuerlich absetzbar (bis 100 \u20ac reicht der Kontoauszug). Ab einer Spende von 100 \u20ac oder auf Wunsch, stellt der Schulverein Spendenbescheinigungen aus.<br \/>\nDas Spendenkonto des Vereins Wielandstra\u00dfe e.V. :<\/p>\n<p style=\"text-align: left\"><strong>Hamburger Sparkasse &nbsp; &nbsp; &nbsp; &nbsp; &nbsp; &nbsp; &nbsp; &nbsp; &nbsp; &nbsp; &nbsp; &nbsp; &nbsp; &nbsp; &nbsp; &nbsp; &nbsp; &nbsp; &nbsp; &nbsp; &nbsp; &nbsp; &nbsp; &nbsp; &nbsp; &nbsp; &nbsp; &nbsp; &nbsp; &nbsp; &nbsp; &nbsp; &nbsp; &nbsp; &nbsp; &nbsp; &nbsp; &nbsp; &nbsp; &nbsp; &nbsp; &nbsp; &nbsp; &nbsp; &nbsp; &nbsp; &nbsp; IBAN DE76 200505501506 239787 &nbsp; &nbsp; &nbsp; &nbsp; &nbsp; &nbsp; &nbsp; &nbsp; &nbsp; &nbsp; &nbsp; &nbsp; &nbsp; &nbsp; &nbsp; &nbsp; &nbsp; &nbsp; &nbsp; &nbsp; &nbsp; &nbsp; &nbsp; &nbsp; &nbsp; &nbsp; &nbsp; &nbsp;<\/strong><br \/>\n<strong>BIC HASPDEHHXXX<\/strong><\/p>\n<p>&nbsp;<\/p>\n<p>werden Sie Mitglied:<a href=\"https:\/\/schule-wielandstrasse.hamburg.de\/wp-content\/uploads\/sites\/121\/2025\/11\/Beitrittserklaerung_Schulverein_Wielandstrasse.pdf\">Beitrittserklaerung_Schulverein_Wielandstrasse<\/a><\/p>\n<p style=\"text-align: left\"><a href=\"https:\/\/schule-wielandstrasse.hamburg.de\/?page_id=171\">Schulverein<\/a><\/p>\n<p style=\"text-align: left\"><a href=\"https:\/\/schule-wielandstrasse.hamburg.de\/?page_id=907\">Was leistet der Schulverein?<\/a><\/p>\n<p style=\"text-align: left\"><a href=\"https:\/\/schule-wielandstrasse.hamburg.de\/wp-content\/uploads\/sites\/121\/2016\/07\/Satzung_Schulverein_Schule_Wielandstra\u00dfe_e.V._Schulkonferenz_04042007.pdf\">Satzung des Schulvereins<\/a><\/p>\n<p style=\"text-align: left\"><a href=\"https:\/\/schule-wielandstrasse.hamburg.de\/?page_id=916\">Vorstand und Anschrift<\/a><\/p>\n","protected":false},"excerpt":{"rendered":"<p>Ihre Mitgliedsbeitr\u00e4ge, Ihre aktive Unterst\u00fctzung und Ihre Spenden tragen dazu bei, unsere Schule zu erhalten und sch\u00f6ner zu machen. Ihre Kinder nehmen heute vieles in Anspruch, was fr\u00fcher und heute vom Schulverein finanziert wurde und wird. Spenden sind steuerlich absetzbar (bis 100 \u20ac reicht der Kontoauszug). Ab einer Spende von 100 \u20ac oder auf Wunsch, &hellip; <a href=\"https:\/\/schule-wielandstrasse.hamburg.de\/?page_id=915\" class=\"more-link\"><span class=\"screen-reader-text\">Spenden an den Schulverein<\/span> weiterlesen <span class=\"meta-nav\">&rarr;<\/span><\/a><\/p>\n","protected":false},"author":188,"featured_media":911,"parent":0,"menu_order":0,"comment_status":"closed","ping_status":"closed","template":"","meta":{"_acf_changed":false,"footnotes":""},"class_list":["post-915","page","type-page","status-publish","has-post-thumbnail","hentry"],"acf":[],"_links":{"self":[{"href":"https:\/\/schule-wielandstrasse.hamburg.de\/index.php?rest_route=\/wp\/v2\/pages\/915","targetHints":{"allow":["GET"]}}],"collection":[{"href":"https:\/\/schule-wielandstrasse.hamburg.de\/index.php?rest_route=\/wp\/v2\/pages"}],"about":[{"href":"https:\/\/schule-wielandstrasse.hamburg.de\/index.php?rest_route=\/wp\/v2\/types\/page"}],"author":[{"embeddable":true,"href":"https:\/\/schule-wielandstrasse.hamburg.de\/index.php?rest_route=\/wp\/v2\/users\/188"}],"replies":[{"embeddable":true,"href":"https:\/\/schule-wielandstrasse.hamburg.de\/index.php?rest_route=%2Fwp%2Fv2%2Fcomments&post=915"}],"version-history":[{"count":4,"href":"https:\/\/schule-wielandstrasse.hamburg.de\/index.php?rest_route=\/wp\/v2\/pages\/915\/revisions"}],"predecessor-version":[{"id":10320,"href":"https:\/\/schule-wielandstrasse.hamburg.de\/index.php?rest_route=\/wp\/v2\/pages\/915\/revisions\/10320"}],"wp:featuredmedia":[{"embeddable":true,"href":"https:\/\/schule-wielandstrasse.hamburg.de\/index.php?rest_route=\/wp\/v2\/media\/911"}],"wp:attachment":[{"href":"https:\/\/schule-wielandstrasse.hamburg.de\/index.php?rest_route=%2Fwp%2Fv2%2Fmedia&parent=915"}],"curies":[{"name":"wp","href":"https:\/\/api.w.org\/{rel}","templated":true}]}}