{"id":916,"date":"2016-07-01T18:10:04","date_gmt":"2016-07-01T18:10:04","guid":{"rendered":"http:\/\/schule-wielandstrasse.hamburg.de\/?page_id=916"},"modified":"2024-09-22T17:35:44","modified_gmt":"2024-09-22T17:35:44","slug":"vorstand-und-anschrift","status":"publish","type":"page","link":"https:\/\/schule-wielandstrasse.hamburg.de\/?page_id=916","title":{"rendered":"Vorstand und Anschrift"},"content":{"rendered":"<p>Der Vorstand besteht aus<\/p>\n<p>der 1. Vorsitzenden : Egbert von Frankenberg (Schulleiter)<br \/>\ndem 2. Vorsitzenden: Britta Mitzlaff (Lehrerin)<br \/>\nder Schatzmeisterin: Jasmin Rada (Lehrerin)<br \/>\nder Schriftf\u00fchrerin:&nbsp;<\/p>\n<p>Postanschrift:<\/p>\n<p>Schulverein&nbsp;der Schule Wielandstra\u00dfe e.V.<\/p>\n<p>Wielandstra\u00dfe 9<\/p>\n<p>22089 Hamburg<\/p>\n<p>&nbsp;<\/p>\n<p style=\"text-align: left\">E-Mail:&nbsp;schule-wielandstrasse@bsb.hamburg.de<\/p>\n<p style=\"text-align: left\"><a href=\"https:\/\/schule-wielandstrasse.hamburg.de\/?page_id=171\">Schulverein<\/a><\/p>\n<p style=\"text-align: left\"><a href=\"https:\/\/schule-wielandstrasse.hamburg.de\/?page_id=907\">Was leistet der Schulverein?<\/a><\/p>\n<p><a href=\"https:\/\/schule-wielandstrasse.hamburg.de\/?page_id=915\">Spenden an den Schulverein<\/a><\/p>\n<p><a href=\"https:\/\/schule-wielandstrasse.hamburg.de\/wp-content\/uploads\/sites\/121\/2016\/07\/Satzung_Schulverein_Schule_Wielandstra\u00dfe_e.V._Schulkonferenz_04042007.pdf\">Satzung des Schulvereins<\/a><\/p>\n<p>&nbsp;<\/p>\n","protected":false},"excerpt":{"rendered":"<p>Der Vorstand besteht aus der 1. Vorsitzenden : Egbert von Frankenberg (Schulleiter) dem 2. Vorsitzenden: Britta Mitzlaff (Lehrerin) der Schatzmeisterin: Jasmin Rada (Lehrerin) der Schriftf\u00fchrerin:&nbsp; Postanschrift: Schulverein&nbsp;der Schule Wielandstra\u00dfe e.V. Wielandstra\u00dfe 9 22089 Hamburg &nbsp; E-Mail:&nbsp;schule-wielandstrasse@bsb.hamburg.de Schulverein Was leistet der Schulverein? Spenden an den Schulverein Satzung des Schulvereins &nbsp;<\/p>\n","protected":false},"author":188,"featured_media":911,"parent":0,"menu_order":0,"comment_status":"closed","ping_status":"closed","template":"","meta":{"_acf_changed":false,"footnotes":""},"class_list":["post-916","page","type-page","status-publish","has-post-thumbnail","hentry"],"acf":[],"_links":{"self":[{"href":"https:\/\/schule-wielandstrasse.hamburg.de\/index.php?rest_route=\/wp\/v2\/pages\/916","targetHints":{"allow":["GET"]}}],"collection":[{"href":"https:\/\/schule-wielandstrasse.hamburg.de\/index.php?rest_route=\/wp\/v2\/pages"}],"about":[{"href":"https:\/\/schule-wielandstrasse.hamburg.de\/index.php?rest_route=\/wp\/v2\/types\/page"}],"author":[{"embeddable":true,"href":"https:\/\/schule-wielandstrasse.hamburg.de\/index.php?rest_route=\/wp\/v2\/users\/188"}],"replies":[{"embeddable":true,"href":"https:\/\/schule-wielandstrasse.hamburg.de\/index.php?rest_route=%2Fwp%2Fv2%2Fcomments&post=916"}],"version-history":[{"count":3,"href":"https:\/\/schule-wielandstrasse.hamburg.de\/index.php?rest_route=\/wp\/v2\/pages\/916\/revisions"}],"predecessor-version":[{"id":9416,"href":"https:\/\/schule-wielandstrasse.hamburg.de\/index.php?rest_route=\/wp\/v2\/pages\/916\/revisions\/9416"}],"wp:featuredmedia":[{"embeddable":true,"href":"https:\/\/schule-wielandstrasse.hamburg.de\/index.php?rest_route=\/wp\/v2\/media\/911"}],"wp:attachment":[{"href":"https:\/\/schule-wielandstrasse.hamburg.de\/index.php?rest_route=%2Fwp%2Fv2%2Fmedia&parent=916"}],"curies":[{"name":"wp","href":"https:\/\/api.w.org\/{rel}","templated":true}]}}