{"id":950,"date":"2016-09-25T17:08:08","date_gmt":"2016-09-25T17:08:08","guid":{"rendered":"http:\/\/schule-wielandstrasse.hamburg.de\/?page_id=950"},"modified":"2021-08-28T11:26:23","modified_gmt":"2021-08-28T11:26:23","slug":"talentgruppe-sport","status":"publish","type":"page","link":"https:\/\/schule-wielandstrasse.hamburg.de\/?page_id=950","title":{"rendered":"Talentgruppe Sport"},"content":{"rendered":"<p>Seit dem Schuljahr 2016\/17 haben wir eine Talentgruppe Sport an unsere Schule.<\/p>\n<p>Kinder, die bei der Talentsichtung als sportlich begabt eingestuft wurden, bekommen die M\u00f6glichkeit, einmal w\u00f6chentlich in einer Talentaufbaugruppe (TAG) zu trainieren. Das Training in den Talentaufbaugruppen dient als Grundlage f\u00fcr eine langfristig angelegte, systematische sportliche Entwicklung.<\/p>\n<p>Aktuell bestehen in Hamburg 70 Talentgruppen mit ca. 900 Talenten. Die Trainerinnen und Trainer werden innerhalb der Talentsichtung und durch externe Stellenausschreibungen sowie \u00fcber die Zusammenarbeit mit den Hamburger Sportvereinen akquiriert. Neben der fachlichen Qualifikation (mind. C-Lizenz) spielen Erfahrungen im Umgang mit Kindern und die Kenntnisse \u00fcber den leistungsbezogenen Sport eine gro\u00dfe Rolle.<\/p>\n<p><strong>Trainingsinhalte und -ziele:<\/strong><\/p>\n<ul>\n<li>Vielseitige sportart\u00fcbergreifende Trainingsformen<\/li>\n<li>Positive, spa\u00dforientierte und selbstbest\u00e4tigende motorische Grundausbildung<\/li>\n<li>Vermittlung einer sportart\u00fcbergreifenden Spielf\u00e4higkeit<\/li>\n<li>Schulung der koordinativen und konditionellen F\u00e4higkeiten<\/li>\n<li>Vermeidung einer fr\u00fchzeitigen Spezialisierung<\/li>\n<li>Individuelle Betreuung durch kleine Gruppengr\u00f6\u00dfen.<\/li>\n<\/ul>\n<p><a href=\"https:\/\/schule-wielandstrasse.hamburg.de\/wp-content\/uploads\/sites\/121\/2021\/08\/Flyer-Talentsichtung-2014-v1.pdf\">Flyer Talentsichtung<\/a><\/p>\n<p><a href=\"http:\/\/www.hamburger-sportbund.de\/themen\/talentprogramm\">Mehr Infos zum Programm<\/a><\/p>\n","protected":false},"excerpt":{"rendered":"<p>Seit dem Schuljahr 2016\/17 haben wir eine Talentgruppe Sport an unsere Schule. Kinder, die bei der Talentsichtung als sportlich begabt eingestuft wurden, bekommen die M\u00f6glichkeit, einmal w\u00f6chentlich in einer Talentaufbaugruppe (TAG) zu trainieren. Das Training in den Talentaufbaugruppen dient als Grundlage f\u00fcr eine langfristig angelegte, systematische sportliche Entwicklung. Aktuell bestehen in Hamburg 70 Talentgruppen mit &hellip; <a href=\"https:\/\/schule-wielandstrasse.hamburg.de\/?page_id=950\" class=\"more-link\"><span class=\"screen-reader-text\">Talentgruppe Sport<\/span> weiterlesen <span class=\"meta-nav\">&rarr;<\/span><\/a><\/p>\n","protected":false},"author":188,"featured_media":1625,"parent":0,"menu_order":0,"comment_status":"closed","ping_status":"closed","template":"","meta":{"_acf_changed":false,"footnotes":""},"class_list":["post-950","page","type-page","status-publish","has-post-thumbnail","hentry"],"acf":[],"_links":{"self":[{"href":"https:\/\/schule-wielandstrasse.hamburg.de\/index.php?rest_route=\/wp\/v2\/pages\/950","targetHints":{"allow":["GET"]}}],"collection":[{"href":"https:\/\/schule-wielandstrasse.hamburg.de\/index.php?rest_route=\/wp\/v2\/pages"}],"about":[{"href":"https:\/\/schule-wielandstrasse.hamburg.de\/index.php?rest_route=\/wp\/v2\/types\/page"}],"author":[{"embeddable":true,"href":"https:\/\/schule-wielandstrasse.hamburg.de\/index.php?rest_route=\/wp\/v2\/users\/188"}],"replies":[{"embeddable":true,"href":"https:\/\/schule-wielandstrasse.hamburg.de\/index.php?rest_route=%2Fwp%2Fv2%2Fcomments&post=950"}],"version-history":[{"count":2,"href":"https:\/\/schule-wielandstrasse.hamburg.de\/index.php?rest_route=\/wp\/v2\/pages\/950\/revisions"}],"predecessor-version":[{"id":4292,"href":"https:\/\/schule-wielandstrasse.hamburg.de\/index.php?rest_route=\/wp\/v2\/pages\/950\/revisions\/4292"}],"wp:featuredmedia":[{"embeddable":true,"href":"https:\/\/schule-wielandstrasse.hamburg.de\/index.php?rest_route=\/wp\/v2\/media\/1625"}],"wp:attachment":[{"href":"https:\/\/schule-wielandstrasse.hamburg.de\/index.php?rest_route=%2Fwp%2Fv2%2Fmedia&parent=950"}],"curies":[{"name":"wp","href":"https:\/\/api.w.org\/{rel}","templated":true}]}}